{"id":3829,"date":"2021-09-06T09:20:01","date_gmt":"2021-09-06T09:20:01","guid":{"rendered":"https:\/\/uebersetzungen-beglaubigte.de\/translate-documents\/translate-extract-from-the-commercial-register\/"},"modified":"2023-02-20T00:57:32","modified_gmt":"2023-02-20T00:57:32","slug":"translate-extract-from-the-commercial-register","status":"publish","type":"page","link":"https:\/\/uebersetzungen-beglaubigte.de\/en\/translate-documents\/translate-extract-from-the-commercial-register\/","title":{"rendered":"Translate Extract from the Commercial Register"},"content":{"rendered":"\n\n  <div class=\"banner has-hover\" id=\"banner-935247129\">\n          <div class=\"banner-inner fill\">\n        <div class=\"banner-bg fill\" >\n            <img decoding=\"async\" width=\"2240\" height=\"360\" data-src=\"https:\/\/uebersetzungen-beglaubigte.de\/wp-content\/uploads\/2022\/02\/Handelsregisterauszug-uebersetzen-lassen.jpg\" class=\"bg attachment-original size-original lazyload\" alt=\"Handelsregisterauszug beglaubigte Uebersetzungen\" src=\"data:image\/gif;base64,R0lGODlhAQABAAAAACH5BAEKAAEALAAAAAABAAEAAAICTAEAOw==\" style=\"--smush-placeholder-width: 2240px; --smush-placeholder-aspect-ratio: 2240\/360;\" \/>                        <div class=\"overlay\"><\/div>            \n                    <\/div>\n\t\t\n        <div class=\"banner-layers container\">\n            <div class=\"fill banner-link\"><\/div>            \n\n\n        <\/div>\n      <\/div>\n\n            \n<style>\n#banner-935247129 {\n  padding-top: 50%;\n}\n#banner-935247129 .overlay {\n  background-color: rgba(17, 86, 152, 0.3);\n}\n#banner-935247129 .banner-bg img {\n  object-position: 51% 95%;\n}\n@media (min-width:550px) {\n  #banner-935247129 {\n    padding-top: 250px;\n  }\n}\n@media (min-width:850px) {\n  #banner-935247129 {\n    padding-top: 360px;\n  }\n}\n<\/style>\n  <\/div>\n\n\n\n\t<section class=\"section\" id=\"section_1223413779\">\n\t\t<div class=\"section-bg fill\" >\n\t\t\t\t\t\t\t\t\t\n\t\t\t\n\n\t\t<\/div>\n\n\t\t\n\n\t\t<div class=\"section-content relative\">\n\t\t\t\n\n<div class=\"row\"  id=\"row-621466697\">\n\n\n\t<div id=\"col-243293461\" class=\"col medium-12 small-12 large-12\"  >\n\t\t\t\t<div class=\"col-inner text-left\"  >\n\t\t\t\n\t\t\t\n\n\t<div id=\"text-1950317171\" class=\"text\">\n\t\t\n\n<h1>Translate Extract from the Commercial Register<\/h1>\n\t\t\n<style>\n#text-1950317171 {\n  text-align: left;\n}\n@media (min-width:550px) {\n  #text-1950317171 {\n    text-align: center;\n  }\n}\n<\/style>\n\t<\/div>\n\t\n<p>For your international business, you need a certified translation of your current commercial register extract into Spanish, Portuguese, English or another language. Or you have a commercial register extract of your business partner in Spanish, Portuguese, English or another language that you would like to have translated.<\/p>\n<p>We will be happy to do this certified translation for you. In this way, you can quickly and easily obtain information about the registered office, the object of the company, the branch offices, the legal form and the capital of your cooperation partner.<\/p>\n<p>It is best if you send us the extract from the commercial register that you would like to have translated as a PDF document electronically and state the language combination you require as well as your preferred deadline.<\/p>\n<a href=\"https:\/\/uebersetzungen-beglaubigte.de\/en\/translation-request\/\" class=\"button secondary\"  >\n\t\t<span>Request non-binding offer<\/span>\n\t<\/a>\n\n\n<div class=\"is-divider divider clearfix\" style=\"margin-top:2.0em;margin-bottom:2.0em;max-width:100%;height:1px;background-color:rgba(0, 0, 0, 0.3);\"><\/div>\n\n\t<div id=\"text-1613799349\" class=\"text\">\n\t\t\n\n<p>Why is it important to have your extract from the commercial register translated?<\/p>\n\n\t\t\n<style>\n#text-1613799349 {\n  font-size: 1.5rem;\n  text-align: left;\n}\n<\/style>\n\t<\/div>\n\t\n\t<div id=\"gap-1058290800\" class=\"gap-element clearfix\" style=\"display:block; height:auto;\">\n\t\t\n<style>\n#gap-1058290800 {\n  padding-top: 20px;\n}\n<\/style>\n\t<\/div>\n\t\n\n<div class=\"row row-large\"  id=\"row-559477505\">\n\n\n\t<div id=\"col-1980608613\" class=\"col medium-12 small-12 large-6\"  >\n\t\t\t\t<div class=\"col-inner\"  >\n\t\t\t\n\t\t\t\n\n<div class=\"accordion\">\n\n\t<div id=\"accordion-810568650\" class=\"accordion-item\">\n\t\t<a id=\"accordion-810568650-label\" class=\"accordion-title plain\" href=\"#accordion-item-legal-requirements\" aria-expanded=\"false\" aria-controls=\"accordion-810568650-content\" >\n\t\t\t<button class=\"toggle\" aria-label=\"Toggle\"><i class=\"icon-angle-down\"><\/i><\/button>\n\t\t\t<span>Legal requirements<\/span>\n\t\t<\/a>\n\t\t<div id=\"accordion-810568650-content\" class=\"accordion-inner\" aria-labelledby=\"accordion-810568650-label\" >\n\t\t\t\n\n<p>In some countries it is a legal requirement to translate commercial register extracts into the language of the recipient, e.g. for use in foreign courts or for immigration purposes.<\/p>\n\n\t\t<\/div>\n\t<\/div>\n\t\n\t<div id=\"accordion-2357088984\" class=\"accordion-item\">\n\t\t<a id=\"accordion-2357088984-label\" class=\"accordion-title plain\" href=\"#accordion-item-business-transactions\" aria-expanded=\"false\" aria-controls=\"accordion-2357088984-content\" >\n\t\t\t<button class=\"toggle\" aria-label=\"Toggle\"><i class=\"icon-angle-down\"><\/i><\/button>\n\t\t\t<span>Business transactions<\/span>\n\t\t<\/a>\n\t\t<div id=\"accordion-2357088984-content\" class=\"accordion-inner\" aria-labelledby=\"accordion-2357088984-label\" >\n\t\t\t\n\n\t<div id=\"text-2418682874\" class=\"text\">\n\t\t\n\n<p>In einigen L\u00e4ndern ist es gesetzlich vorgeschrieben, Handelsregisterausz\u00fcge in die Sprache des Empf\u00e4ngers zu \u00fcbersetzen, z. B. f\u00fcr die Verwendung bei ausl\u00e4ndischen Gerichten oder f\u00fcr Einwanderungszwecke.<\/p>\n\t\t\n<style>\n#text-2418682874 {\n  font-size: 1rem;\n}\n<\/style>\n\t<\/div>\n\t\n\n\t\t<\/div>\n\t<\/div>\n\t\n\t<div id=\"accordion-2597755347\" class=\"accordion-item\">\n\t\t<a id=\"accordion-2597755347-label\" class=\"accordion-title plain\" href=\"#accordion-item-mergers-and-acquisitions\" aria-expanded=\"false\" aria-controls=\"accordion-2597755347-content\" >\n\t\t\t<button class=\"toggle\" aria-label=\"Toggle\"><i class=\"icon-angle-down\"><\/i><\/button>\n\t\t\t<span>Mergers and acquisitions<\/span>\n\t\t<\/a>\n\t\t<div id=\"accordion-2597755347-content\" class=\"accordion-inner\" aria-labelledby=\"accordion-2597755347-label\" >\n\t\t\t\n\n<p>Companies involved in mergers and acquisitions may require translated commercial register extracts as part of the due diligence process.<\/p>\n\n\t\t<\/div>\n\t<\/div>\n\t\n\t<div id=\"accordion-3605170905\" class=\"accordion-item\">\n\t\t<a id=\"accordion-3605170905-label\" class=\"accordion-title plain\" href=\"#accordion-item-banking-and-finance\" aria-expanded=\"false\" aria-controls=\"accordion-3605170905-content\" >\n\t\t\t<button class=\"toggle\" aria-label=\"Toggle\"><i class=\"icon-angle-down\"><\/i><\/button>\n\t\t\t<span>Banking and Finance<\/span>\n\t\t<\/a>\n\t\t<div id=\"accordion-3605170905-content\" class=\"accordion-inner\" aria-labelledby=\"accordion-3605170905-label\" >\n\t\t\t\n\n<p>Banks and financial institutions may require a translated extract from the commercial register as part of their risk assessment and due diligence when dealing with foreign companies.<\/p>\n\n\t\t<\/div>\n\t<\/div>\n\t\n\t<div id=\"accordion-739093919\" class=\"accordion-item\">\n\t\t<a id=\"accordion-739093919-label\" class=\"accordion-title plain\" href=\"#accordion-item-international-certification\" aria-expanded=\"false\" aria-controls=\"accordion-739093919-content\" >\n\t\t\t<button class=\"toggle\" aria-label=\"Toggle\"><i class=\"icon-angle-down\"><\/i><\/button>\n\t\t\t<span>International certification<\/span>\n\t\t<\/a>\n\t\t<div id=\"accordion-739093919-content\" class=\"accordion-inner\" aria-labelledby=\"accordion-739093919-label\" >\n\t\t\t\n\n<p>Companies seeking international certification, such as ISO or other industry-specific certifications, may require a translated commercial register extract to demonstrate compliance with local regulations.<\/p>\n\n\t\t<\/div>\n\t<\/div>\n\t\n\n<\/div>\n<p>An extract from the commercial register is an official document that provides information about a company&#8217;s legal status, ownership and other important details. This document is important for many different purposes, both within the company and for third parties. For the company, an extract from the commercial register is legal proof of its existence and can be used to prove its status for various purposes, e.g. opening a bank account or concluding contracts.<\/p>\n\n\n\t\t<\/div>\n\t\t\t\t\t<\/div>\n\n\t\n\n\t<div id=\"col-1143567446\" class=\"col medium-12 small-12 large-6\"  >\n\t\t\t\t<div class=\"col-inner\"  >\n\t\t\t\n\t\t\t\n\n<p> For third parties, an extract from the commercial register is a valuable tool for conducting due diligence and assessing the risk of doing business with a company. By providing information about the company&#8217;s legal status, ownership and history, a trade register extract can help potential partners, clients or investors make informed decisions about whether to do business with the company. This information can also be used by banks, financial institutions and other organisations to assess risk.<\/p>\n<p>In addition, a trade register extract is often needed for legal or regulatory purposes, such as registering a company in another country or obtaining international certification. This document can also be used as evidence in court proceedings, for example in disputes between shareholders or between the company and third parties. Overall, the importance of a trade register extract is that it provides a comprehensive and official record of a company&#8217;s legal status and history, which is vital for a variety of purposes both within the company and for third parties.<\/p>\n\n\n\t\t<\/div>\n\t\t\t\t\t<\/div>\n\n\t\n\n<\/div>\n<div class=\"is-divider divider clearfix\" style=\"margin-top:2.0em;margin-bottom:2.0em;max-width:100%;height:1px;background-color:rgba(0, 0, 0, 0.3);\"><\/div>\n\n\t<div id=\"text-4080708792\" class=\"text\">\n\t\t\n\n<p>How can you get your extract from the commercial register translated?<\/p>\n\n\t\t\n<style>\n#text-4080708792 {\n  font-size: 1.5rem;\n}\n<\/style>\n\t<\/div>\n\t\n<p>If you would like to have your documents translated, it is best to send them electronically as a PDF document, stating the language combination you require and your preferred date.<\/p>\r\n\r\n<p>You will also receive a quotation from us by e-mail, taking into account your preferred date. If you agree with our proposal, confirm our offer in writing by e-mail, stating your exact address and a telephone number for any queries. You will then receive an invoice from us for this translation service. After receipt of payment, we will send you the documents both electronically as a PDF file and by post. By arrangement, you are also welcome to collect and pay for the translation at our office.<\/p>\r\n\r\n<p>Please note that if you use the certified translation abroad, you may need an apostille, over-certification or legalisation. Please feel free to contact us for further information.<\/p>\r\n\r\n<a href=\"https:\/\/uebersetzungen-beglaubigte.de\/uebersetzungsanfrage\/\" class=\"button secondary reveal-icon\"  >\n\t\t<span>Get a quote<\/span>\n\t<i class=\"icon-angle-right\" aria-hidden=\"true\" ><\/i><\/a>\n\n\n<div class=\"row row-collapse\"  id=\"row-2114158131\">\n\n\n\t<div id=\"col-112900278\" class=\"col small-12 large-12\"  >\n\t\t\t\t<div class=\"col-inner\"  >\n\t\t\t\n\t\t\t\n\n<div class=\"is-divider divider clearfix\" style=\"margin-top:0.0em;margin-bottom:0.0em;max-width:100%;height:1px;background-color:rgba(0, 0, 0, 0.3);\"><\/div>\n\n\t<div id=\"gap-2098719215\" class=\"gap-element clearfix\" style=\"display:block; height:auto;\">\n\t\t\n<style>\n#gap-2098719215 {\n  padding-top: 20px;\n}\n<\/style>\n\t<\/div>\n\t\n\n\n\t\t<\/div>\n\t\t\t\t\t<\/div>\n\n\t\n\n<\/div>\n\n\t\t<\/div>\n\t\t\t\t\t<\/div>\n\n\t\n\n<\/div>\n\t<div id=\"text-4163379833\" class=\"text\">\n\t\t\n\n<h2>Translate Other Documents<\/h2>\n\t\t\n<style>\n#text-4163379833 {\n  text-align: center;\n}\n@media (min-width:550px) {\n  #text-4163379833 {\n    text-align: center;\n  }\n}\n<\/style>\n\t<\/div>\n\t\n\t<div id=\"gap-56970675\" class=\"gap-element clearfix\" style=\"display:block; height:auto;\">\n\t\t\n<style>\n#gap-56970675 {\n  padding-top: 20px;\n}\n<\/style>\n\t<\/div>\n\t\n\n<div class=\"row row-collapse align-middle align-center\"  id=\"row-403985637\">\n\n\n\t<div id=\"col-1717283869\" class=\"col small-12 large-12\"  >\n\t\t\t\t<div class=\"col-inner text-shadow-1 dark\" style=\"background-color:#115698;\" >\n\t\t\t\n\t\t\t\n\n<div class=\"nav-wrapper\"><ul class=\"nav nav-uppercase nav-horizontal nav-size-large nav-divided text-center nav-center\"><p class=\"lead shortcode-error text-center\">Sorry, no pages was found<\/p><\/ul><\/div>\n\n\n\t\t<\/div>\n\t\t\t\t\t<\/div>\n\n\t\n\n\n<style>\n#row-403985637 > .col > .col-inner {\n  padding: 20px 20px 20px 20px;\n  background-color: #1e98d7;\n}\n@media (min-width:550px) {\n  #row-403985637 > .col > .col-inner {\n    padding: 20px 40px 20px 40px;\n  }\n}\n<\/style>\n<\/div>\n\t<div id=\"gap-415146906\" class=\"gap-element clearfix\" style=\"display:block; height:auto;\">\n\t\t\n<style>\n#gap-415146906 {\n  padding-top: 30px;\n}\n<\/style>\n\t<\/div>\n\t\n\n\n\t\t<\/div>\n\n\t\t\n<style>\n#section_1223413779 {\n  padding-top: 60px;\n  padding-bottom: 60px;\n}\n<\/style>\n\t<\/section>\n\t\n\n","protected":false},"excerpt":{"rendered":"","protected":false},"author":2,"featured_media":0,"parent":3744,"menu_order":10,"comment_status":"closed","ping_status":"closed","template":"","meta":{"_monsterinsights_skip_tracking":false,"_monsterinsights_sitenote_active":false,"_monsterinsights_sitenote_note":"","_monsterinsights_sitenote_category":0,"footnotes":""},"class_list":["post-3829","page","type-page","status-publish","hentry"],"_links":{"self":[{"href":"https:\/\/uebersetzungen-beglaubigte.de\/en\/wp-json\/wp\/v2\/pages\/3829","targetHints":{"allow":["GET"]}}],"collection":[{"href":"https:\/\/uebersetzungen-beglaubigte.de\/en\/wp-json\/wp\/v2\/pages"}],"about":[{"href":"https:\/\/uebersetzungen-beglaubigte.de\/en\/wp-json\/wp\/v2\/types\/page"}],"author":[{"embeddable":true,"href":"https:\/\/uebersetzungen-beglaubigte.de\/en\/wp-json\/wp\/v2\/users\/2"}],"replies":[{"embeddable":true,"href":"https:\/\/uebersetzungen-beglaubigte.de\/en\/wp-json\/wp\/v2\/comments?post=3829"}],"version-history":[{"count":0,"href":"https:\/\/uebersetzungen-beglaubigte.de\/en\/wp-json\/wp\/v2\/pages\/3829\/revisions"}],"up":[{"embeddable":true,"href":"https:\/\/uebersetzungen-beglaubigte.de\/en\/wp-json\/wp\/v2\/pages\/3744"}],"wp:attachment":[{"href":"https:\/\/uebersetzungen-beglaubigte.de\/en\/wp-json\/wp\/v2\/media?parent=3829"}],"curies":[{"name":"wp","href":"https:\/\/api.w.org\/{rel}","templated":true}]}}