{"id":4020,"date":"2021-09-23T12:49:48","date_gmt":"2021-09-23T12:49:48","guid":{"rendered":"https:\/\/uebersetzungen-beglaubigte.de\/traducciones-juradas-al-espanol\/"},"modified":"2022-10-07T17:22:07","modified_gmt":"2022-10-07T17:22:07","slug":"traducciones-juradas-al-espanol","status":"publish","type":"page","link":"https:\/\/uebersetzungen-beglaubigte.de\/es\/traducciones-juradas-al-espanol\/","title":{"rendered":"Traducciones juradas al espa\u00f1ol"},"content":{"rendered":"\n\n  <div class=\"banner has-hover\" id=\"banner-299152228\">\n          <div class=\"banner-inner fill\">\n        <div class=\"banner-bg fill\" >\n            <img decoding=\"async\" width=\"2240\" height=\"360\" data-src=\"https:\/\/uebersetzungen-beglaubigte.de\/wp-content\/uploads\/2022\/02\/Translate-Spanish.jpg\" class=\"bg attachment-original size-original lazyload\" alt=\"beglaubigte Uebersetzungen\" src=\"data:image\/gif;base64,R0lGODlhAQABAAAAACH5BAEKAAEALAAAAAABAAEAAAICTAEAOw==\" style=\"--smush-placeholder-width: 2240px; --smush-placeholder-aspect-ratio: 2240\/360;\" \/>                        <div class=\"overlay\"><\/div>            \n                    <\/div>\n\t\t\n        <div class=\"banner-layers container\">\n            <div class=\"fill banner-link\"><\/div>            \n\n\n        <\/div>\n      <\/div>\n\n            \n<style>\n#banner-299152228 {\n  padding-top: 50%;\n}\n#banner-299152228 .overlay {\n  background-color: rgba(17, 86, 152, 0.3);\n}\n#banner-299152228 .banner-bg img {\n  object-position: 51% 80%;\n}\n@media (min-width:550px) {\n  #banner-299152228 {\n    padding-top: 250px;\n  }\n}\n@media (min-width:850px) {\n  #banner-299152228 {\n    padding-top: 360px;\n  }\n}\n<\/style>\n  <\/div>\n\n\n\n\t<section class=\"section\" id=\"section_2043488711\">\n\t\t<div class=\"section-bg fill\" >\n\t\t\t\t\t\t\t\t\t\n\t\t\t\n\n\t\t<\/div>\n\n\t\t\n\n\t\t<div class=\"section-content relative\">\n\t\t\t\n\n<div class=\"row\"  id=\"row-51368420\">\n\n\n\t<div id=\"col-1201439558\" class=\"col medium-12 small-12 large-12\"  >\n\t\t\t\t<div class=\"col-inner text-left\"  >\n\t\t\t\n\t\t\t\n\n\t<div id=\"text-3094351751\" class=\"text\">\n\t\t\n\n<h1>Traducciones juradas al espa\u00f1ol<\/h1>\n\t\t\n<style>\n#text-3094351751 {\n  text-align: left;\n}\n@media (min-width:550px) {\n  #text-3094351751 {\n    text-align: center;\n  }\n}\n<\/style>\n\t<\/div>\n\t\n<div class=\"is-divider divider clearfix\" style=\"margin-top:2.0em;margin-bottom:2.0em;max-width:100%;height:1px;background-color:rgba(0, 0, 0, 0.3);\"><\/div>\n\n\t<div id=\"gap-1219022932\" class=\"gap-element clearfix\" style=\"display:block; height:auto;\">\n\t\t\n<style>\n#gap-1219022932 {\n  padding-top: 20px;\n}\n<\/style>\n\t<\/div>\n\t\n\n<div class=\"row row-large\"  id=\"row-440487202\">\n\n\n\t<div id=\"col-828333539\" class=\"col medium-12 small-12 large-6\"  >\n\t\t\t\t<div class=\"col-inner\"  >\n\t\t\t\n\t\t\t\n\n<p>Se requiere una traducci\u00f3n jurada para numerosos fines oficiales en el pa\u00eds y en el extranjero, tanto para empresas como particulares. Algunos ejemplos de transacciones comerciales son: documentos corporativos y comerciales, como los acuerdos de los accionistas, informes anuales, registro contables, documentaci\u00f3n de adquisici\u00f3n de empresa, acuerdos de compraventa, actas notariales. Algunos ejemplos de traducciones de documentos personales son: documento de identidad, pasaporte, tarjeta de identidad, tarjeta profesional, licencia de conducir, diplomas o certificados, partidas de nacimiento, certificado de descendencia, certificado de bautismo, certificado de matrimonio, otros certificados de estado civil, sentencia de divorcio, certificado de defunci\u00f3n, testamento, contrato, acuerdos prenupciales, contrato de trabajo, contrato de compraventa, acta notarial, certificado de antecedentes penales, certificado de buena conducta, certificado de domicilio, permiso de residencia, documentaci\u00f3n para postulaciones, documentaci\u00f3n para el reconocimiento profesional.<\/p>\n<p>En Alemania, s\u00f3lo podr\u00e1n realizar traducciones juradas los traductores p\u00fablicos \/ cjurados \/ autorizados o reconocidos por los respectivos tribunales regionales. Es requisito indispensable que el traductor reciba una formaci\u00f3n y una cualificaci\u00f3n adecuadas para garantizar la calidad. Nuestra agencia de traducci\u00f3n cuenta, por supuesto, con esta cualificaci\u00f3n<\/p>\n<p>Mediante una traducci\u00f3n jurada, un traductor autorizado certifica con su sello y firma la exactitud y la totalidad de una traducci\u00f3n con el documento original.<\/p>\n<p>Si necesita utilizar un documento o un certificado de un organismo p\u00fablico alem\u00e1n en el extranjero, por ejemplo, para la constituci\u00f3n de una empresa, para proyectos de cooperaci\u00f3n o para asuntos particulares, por ejemplo, si quiere trabajar en el extranjero, casarse, adoptar un hijo o comprar una propiedad, tambi\u00e9n necesitar\u00e1 una traducci\u00f3n jurada al idioma extranjero correspondiente. El organismo p\u00fablico extranjero podr\u00eda requerir otros requisitos para el reconocimiento de esta traducci\u00f3n certificada en el extranjero:<\/p>\n<p>Apostilla: Con la apostilla se certifica la autenticidad de la firma de funcionarios p\u00fablicos o traductores jurados en ejercicio de sus funciones la cual deber\u00e1 estar registrada en la base al tribunal regional. Es v\u00e1lido para todos los pa\u00edses adheridos al Convenio de La Haya de 1961.<\/p>\n<p>Puede gestionar la apostilla personalmente en el juzgado competente. Si necesita ayuda al respecto, no dude en contactarse con nosotros. Le brindaremos asistencia y asesoramiento especializado sobre el proceso, las tasas y costos de los servicios. Si usted quisiera, tambi\u00e9n podemos tramitar la apostilla del tribunal a su nombre.<\/p>\n<p>Legalizaci\u00f3n: Para todos aquellos pa\u00edses que no est\u00e1n adheridos al Convenio de La Haya, necesitar\u00e1 una \u00ablegalizaci\u00f3n\u00bb. Para las traducciones juradas, la legalizaci\u00f3n certifica la autenticidad de la firma del traductor autorizado\/jurado. Esto requiere una certificaci\u00f3n previa, que tambi\u00e9n es emitida por el tribunal regional competente. La traducci\u00f3n jurada, junto con la certificaci\u00f3n del tribunal regional competente, se presenta para su legalizaci\u00f3n ante la embajada o representaci\u00f3n extranjera del pa\u00eds donde se presenta el documento.<\/p>\n<p>Nos encantar\u00eda poder ayudarle y asesorarle tambi\u00e9n en este caso. Si lo desea, tambi\u00e9n podemos ocuparnos de estos tr\u00e1mites oficiales por usted.<\/p>\n<p>Por favor, tenga en cuenta que algunos pa\u00edses requieren una legalizaci\u00f3n adicional por parte de la Oficina Federal de Administraci\u00f3n posterior a la legalizaci\u00f3n preliminar. Para m\u00e1s informaci\u00f3n, dir\u00edjase a la Oficina Federal de Administraci\u00f3n.<\/p>\n<p>Nos encantar\u00eda poder ayudarle con su traducci\u00f3n jurada del alem\u00e1n al ingl\u00e9s.<\/p>\n<h2>Lo mejor ser\u00eda que nos env\u00ede el domumento que necesita tradicir en formato electr\u00f3nico como archivo PDF o Word y el plazo de entrega.<\/h2>\n\n\t\t<\/div>\n\t\t\t\t\t<\/div>\n\n\t\n\n\t<div id=\"col-1062937538\" class=\"col medium-12 small-12 large-6\"  >\n\t\t\t\t<div class=\"col-inner\"  >\n\t\t\t\n\t\t\t\n\n<p>Tambi\u00e9n recibir\u00e1 por correo electr\u00f3nico una oferta de costes, teniendo en cuenta la fecha deseada. Si est\u00e1 de acuerdo con nuestra propuesta, confirme nuestra oferta por escrito por correo electr\u00f3nico, indicando su direcci\u00f3n exacta y un n\u00famero de tel\u00e9fono para cualquier consulta. A continuaci\u00f3n, recibir\u00e1 una factura por este servicio de traducci\u00f3n. Una vez recibido el pago, le enviaremos los documentos tanto por v\u00eda electr\u00f3nica, en forma de archivo PDF, como por correo postal. Tambi\u00e9n puede recoger y pagar la traducci\u00f3n en nuestra oficina, previo acuerdo.<\/p>\n<p>Tenga en cuenta que si utiliza la traducci\u00f3n jurada en el extranjero, puede necesitar una apostilla, una sobrecertificaci\u00f3n o una legalizaci\u00f3n. Para m\u00e1s informaci\u00f3n, p\u00f3ngase en contacto con nosotros.<\/p>\n<a href=\"\/uebersetzungsanfrage\/\" class=\"button secondary reveal-icon\"  >\n\t\t<span>Obtener presupuesto<\/span>\n\t<i class=\"icon-angle-right\" aria-hidden=\"true\" ><\/i><\/a>\n\n\n\n\t\t<\/div>\n\t\t\t\t\t<\/div>\n\n\t\n\n<\/div>\n<div class=\"row row-collapse\"  id=\"row-1768572290\">\n\n\n\t<div id=\"col-777286826\" class=\"col small-12 large-12\"  >\n\t\t\t\t<div class=\"col-inner\"  >\n\t\t\t\n\t\t\t\n\n<div class=\"is-divider divider clearfix\" style=\"margin-top:0.0em;margin-bottom:0.0em;max-width:100%;height:1px;background-color:rgba(0, 0, 0, 0.3);\"><\/div>\n\n\t<div id=\"gap-402944676\" class=\"gap-element clearfix\" style=\"display:block; height:auto;\">\n\t\t\n<style>\n#gap-402944676 {\n  padding-top: 20px;\n}\n<\/style>\n\t<\/div>\n\t\n\n\n\t\t<\/div>\n\t\t\t\t\t<\/div>\n\n\t\n\n<\/div>\n\n\t\t<\/div>\n\t\t\t\t\t<\/div>\n\n\t\n\n<\/div>\n\n\t\t<\/div>\n\n\t\t\n<style>\n#section_2043488711 {\n  padding-top: 60px;\n  padding-bottom: 60px;\n}\n<\/style>\n\t<\/section>\n\t\n","protected":false},"excerpt":{"rendered":"","protected":false},"author":2,"featured_media":0,"parent":0,"menu_order":0,"comment_status":"closed","ping_status":"closed","template":"","meta":{"_monsterinsights_skip_tracking":false,"_monsterinsights_sitenote_active":false,"_monsterinsights_sitenote_note":"","_monsterinsights_sitenote_category":0,"footnotes":""},"class_list":["post-4020","page","type-page","status-publish","hentry"],"_links":{"self":[{"href":"https:\/\/uebersetzungen-beglaubigte.de\/es\/wp-json\/wp\/v2\/pages\/4020","targetHints":{"allow":["GET"]}}],"collection":[{"href":"https:\/\/uebersetzungen-beglaubigte.de\/es\/wp-json\/wp\/v2\/pages"}],"about":[{"href":"https:\/\/uebersetzungen-beglaubigte.de\/es\/wp-json\/wp\/v2\/types\/page"}],"author":[{"embeddable":true,"href":"https:\/\/uebersetzungen-beglaubigte.de\/es\/wp-json\/wp\/v2\/users\/2"}],"replies":[{"embeddable":true,"href":"https:\/\/uebersetzungen-beglaubigte.de\/es\/wp-json\/wp\/v2\/comments?post=4020"}],"version-history":[{"count":0,"href":"https:\/\/uebersetzungen-beglaubigte.de\/es\/wp-json\/wp\/v2\/pages\/4020\/revisions"}],"wp:attachment":[{"href":"https:\/\/uebersetzungen-beglaubigte.de\/es\/wp-json\/wp\/v2\/media?parent=4020"}],"curies":[{"name":"wp","href":"https:\/\/api.w.org\/{rel}","templated":true}]}}