{"id":4028,"date":"2021-09-06T08:23:18","date_gmt":"2021-09-06T08:23:18","guid":{"rendered":"https:\/\/uebersetzungen-beglaubigte.de\/traduccion-de-apostillas\/"},"modified":"2022-10-12T08:50:24","modified_gmt":"2022-10-12T08:50:24","slug":"traduccion-de-apostillas","status":"publish","type":"page","link":"https:\/\/uebersetzungen-beglaubigte.de\/es\/traducciones-de-documentos\/traduccion-de-apostillas\/","title":{"rendered":"Traducci\u00f3n de apostillas"},"content":{"rendered":"\n\n  <div class=\"banner has-hover\" id=\"banner-1490980552\">\n          <div class=\"banner-inner fill\">\n        <div class=\"banner-bg fill\" >\n            <img decoding=\"async\" width=\"2240\" height=\"360\" data-src=\"https:\/\/uebersetzungen-beglaubigte.de\/wp-content\/uploads\/2022\/02\/Apostille-uebersetzen-lassen.jpg\" class=\"bg attachment-original size-original lazyload\" alt=\"Apostille beglaubigte Uebersetzungen\" src=\"data:image\/gif;base64,R0lGODlhAQABAAAAACH5BAEKAAEALAAAAAABAAEAAAICTAEAOw==\" style=\"--smush-placeholder-width: 2240px; --smush-placeholder-aspect-ratio: 2240\/360;\" \/>                        <div class=\"overlay\"><\/div>            \n                    <\/div>\n\t\t\n        <div class=\"banner-layers container\">\n            <div class=\"fill banner-link\"><\/div>            \n\n\n        <\/div>\n      <\/div>\n\n            \n<style>\n#banner-1490980552 {\n  padding-top: 50%;\n}\n#banner-1490980552 .overlay {\n  background-color: rgba(17, 86, 152, 0.3);\n}\n#banner-1490980552 .banner-bg img {\n  object-position: 66% 72%;\n}\n@media (min-width:550px) {\n  #banner-1490980552 {\n    padding-top: 250px;\n  }\n}\n@media (min-width:850px) {\n  #banner-1490980552 {\n    padding-top: 360px;\n  }\n}\n<\/style>\n  <\/div>\n\n\n\n\t<section class=\"section\" id=\"section_803758527\">\n\t\t<div class=\"section-bg fill\" >\n\t\t\t\t\t\t\t\t\t\n\t\t\t\n\n\t\t<\/div>\n\n\t\t\n\n\t\t<div class=\"section-content relative\">\n\t\t\t\n\n<div class=\"row\"  id=\"row-532103252\">\n\n\n\t<div id=\"col-2082682802\" class=\"col medium-12 small-12 large-12\"  >\n\t\t\t\t<div class=\"col-inner text-left\"  >\n\t\t\t\n\t\t\t\n\n\t<div id=\"text-4108050748\" class=\"text\">\n\t\t\n\n<h1>Traducci\u00f3n de apostillas<\/h1>\n\t\t\n<style>\n#text-4108050748 {\n  text-align: left;\n}\n@media (min-width:550px) {\n  #text-4108050748 {\n    text-align: center;\n  }\n}\n<\/style>\n\t<\/div>\n\t\n<div class=\"is-divider divider clearfix\" style=\"margin-top:2.0em;margin-bottom:2.0em;max-width:100%;height:1px;background-color:rgba(0, 0, 0, 0.3);\"><\/div>\n\n\t<div id=\"gap-1669446445\" class=\"gap-element clearfix\" style=\"display:block; height:auto;\">\n\t\t\n<style>\n#gap-1669446445 {\n  padding-top: 20px;\n}\n<\/style>\n\t<\/div>\n\t\n\n<div class=\"row row-large\"  id=\"row-2013815237\">\n\n\n\t<div id=\"col-740951490\" class=\"col medium-12 small-12 large-6\"  >\n\t\t\t\t<div class=\"col-inner\"  >\n\t\t\t\n\t\t\t\n\n<p>Usted tiene un documento en lengua extranjera apostillado y desea traducirlo al alem\u00e1n. O prevee hacer traducir un documento alem\u00e1n apostillado a la lengua extranjera. Tal vez ya tenga una traducci\u00f3n jurada de un documento en lengua extranjera al alem\u00e1n y ahora quiere solicitar una apostilla para este documento.<\/p>\n<p>Nos gustar\u00eda poder ayudarlecon esta traducci\u00f3n jurada. Lo mejor ser\u00eda que nos env\u00ede el docuemnto correspondiente en formato electr\u00f3nico como archivo PDF o Word, indicando la combinaci\u00f3n de idiomas que necesita y el plazo de entrega.<\/p>\n\n\t\t<\/div>\n\t\t\t\t\t<\/div>\n\n\t\n\n\t<div id=\"col-83996663\" class=\"col medium-12 small-12 large-6\"  >\n\t\t\t\t<div class=\"col-inner\"  >\n\t\t\t\n\t\t\t\n\n<p>Tambi\u00e9n recibir\u00e1 por correo electr\u00f3nico una oferta de costes, teniendo en cuenta la fecha deseada. Si est\u00e1 de acuerdo con nuestra propuesta, confirme nuestra oferta por escrito por correo electr\u00f3nico, indicando su direcci\u00f3n exacta y un n\u00famero de tel\u00e9fono para cualquier consulta. A continuaci\u00f3n, recibir\u00e1 una factura por este servicio de traducci\u00f3n. Una vez recibido el pago, le enviaremos los documentos tanto por v\u00eda electr\u00f3nica, en forma de archivo PDF, como por correo postal. Tambi\u00e9n puede recoger y pagar la traducci\u00f3n en nuestra oficina, previo acuerdo.<\/p>\n<p>Tenga en cuenta que si utiliza la traducci\u00f3n jurada en el extranjero, puede necesitar una apostilla, una sobrecertificaci\u00f3n o una legalizaci\u00f3n. Para m\u00e1s informaci\u00f3n, p\u00f3ngase en contacto con nosotros.<\/p>\n<a href=\"\/uebersetzungsanfrage\/\" class=\"button secondary reveal-icon\"  >\n\t\t<span>Obtener presupuesto<\/span>\n\t<i class=\"icon-angle-right\" aria-hidden=\"true\" ><\/i><\/a>\n\n\n\n\t\t<\/div>\n\t\t\t\t\t<\/div>\n\n\t\n\n<\/div>\n<div class=\"row row-collapse\"  id=\"row-1573061663\">\n\n\n\t<div id=\"col-994128329\" class=\"col small-12 large-12\"  >\n\t\t\t\t<div class=\"col-inner\"  >\n\t\t\t\n\t\t\t\n\n<div class=\"is-divider divider clearfix\" style=\"margin-top:0.0em;margin-bottom:0.0em;max-width:100%;height:1px;background-color:rgba(0, 0, 0, 0.3);\"><\/div>\n\n\t<div id=\"gap-743476288\" class=\"gap-element clearfix\" style=\"display:block; height:auto;\">\n\t\t\n<style>\n#gap-743476288 {\n  padding-top: 20px;\n}\n<\/style>\n\t<\/div>\n\t\n\n\n\t\t<\/div>\n\t\t\t\t\t<\/div>\n\n\t\n\n<\/div>\n\n\t\t<\/div>\n\t\t\t\t\t<\/div>\n\n\t\n\n<\/div>\n<p>\t<div id=\"text-3790994224\" class=\"text\">\n\t\t<\/p>\n<h2>Traducir otros documentos<\/h2>\n<p>\t\t\n<style>\n#text-3790994224 {\n  text-align: center;\n}\n@media (min-width:550px) {\n  #text-3790994224 {\n    text-align: center;\n  }\n}\n<\/style>\n\t<\/div>\n\t<br \/>\n\t<div id=\"gap-1847824052\" class=\"gap-element clearfix\" style=\"display:block; height:auto;\">\n\t\t\n<style>\n#gap-1847824052 {\n  padding-top: 20px;\n}\n<\/style>\n\t<\/div>\n\t<\/p>\n<p><div class=\"row row-collapse align-middle align-center\"  id=\"row-990665753\"><\/p>\n<p>\n\t<div id=\"col-40800407\" class=\"col small-12 large-12\"  >\n\t\t\t\t<div class=\"col-inner text-shadow-1 dark\" style=\"background-color:#115698;\" >\n\t\t\t\n\t\t\t<\/p>\n<p><div class=\"nav-wrapper\"><ul class=\"nav nav-uppercase nav-horizontal nav-size-large nav-divided text-center nav-center\"><p class=\"lead shortcode-error text-center\">Sorry, no pages was found<\/p><\/ul><\/div><\/p>\n<p>\t\t<\/div>\n\t\t\t\t\t<\/div>\n\n\t<\/p>\n<p>\n<style>\n#row-990665753 > .col > .col-inner {\n  padding: 20px 20px 20px 20px;\n  background-color: #1e98d7;\n}\n@media (min-width:550px) {\n  #row-990665753 > .col > .col-inner {\n    padding: 20px 40px 20px 40px;\n  }\n}\n<\/style>\n<\/div><br \/>\n\t<div id=\"gap-2139955884\" class=\"gap-element clearfix\" style=\"display:block; height:auto;\">\n\t\t\n<style>\n#gap-2139955884 {\n  padding-top: 30px;\n}\n<\/style>\n\t<\/div>\n\t<\/p>\n\n\n\n\t\t<\/div>\n\n\t\t\n<style>\n#section_803758527 {\n  padding-top: 60px;\n  padding-bottom: 60px;\n}\n<\/style>\n\t<\/section>\n\t\n","protected":false},"excerpt":{"rendered":"","protected":false},"author":2,"featured_media":0,"parent":4197,"menu_order":3,"comment_status":"closed","ping_status":"closed","template":"","meta":{"_monsterinsights_skip_tracking":false,"_monsterinsights_sitenote_active":false,"_monsterinsights_sitenote_note":"","_monsterinsights_sitenote_category":0,"footnotes":""},"class_list":["post-4028","page","type-page","status-publish","hentry"],"_links":{"self":[{"href":"https:\/\/uebersetzungen-beglaubigte.de\/es\/wp-json\/wp\/v2\/pages\/4028","targetHints":{"allow":["GET"]}}],"collection":[{"href":"https:\/\/uebersetzungen-beglaubigte.de\/es\/wp-json\/wp\/v2\/pages"}],"about":[{"href":"https:\/\/uebersetzungen-beglaubigte.de\/es\/wp-json\/wp\/v2\/types\/page"}],"author":[{"embeddable":true,"href":"https:\/\/uebersetzungen-beglaubigte.de\/es\/wp-json\/wp\/v2\/users\/2"}],"replies":[{"embeddable":true,"href":"https:\/\/uebersetzungen-beglaubigte.de\/es\/wp-json\/wp\/v2\/comments?post=4028"}],"version-history":[{"count":0,"href":"https:\/\/uebersetzungen-beglaubigte.de\/es\/wp-json\/wp\/v2\/pages\/4028\/revisions"}],"up":[{"embeddable":true,"href":"https:\/\/uebersetzungen-beglaubigte.de\/es\/wp-json\/wp\/v2\/pages\/4197"}],"wp:attachment":[{"href":"https:\/\/uebersetzungen-beglaubigte.de\/es\/wp-json\/wp\/v2\/media?parent=4028"}],"curies":[{"name":"wp","href":"https:\/\/api.w.org\/{rel}","templated":true}]}}