{"id":4042,"date":"2021-09-23T10:48:15","date_gmt":"2021-09-23T10:48:15","guid":{"rendered":"https:\/\/uebersetzungen-beglaubigte.de\/traducciones-de-referencias-de-trabajo\/"},"modified":"2022-10-07T17:28:01","modified_gmt":"2022-10-07T17:28:01","slug":"traducciones-de-referencias-de-trabajo","status":"publish","type":"page","link":"https:\/\/uebersetzungen-beglaubigte.de\/es\/traducciones-de-documentos\/traducciones-de-referencias-de-trabajo\/","title":{"rendered":"Traducciones de referencias de trabajo"},"content":{"rendered":"\n\n  <div class=\"banner has-hover\" id=\"banner-550536677\">\n          <div class=\"banner-inner fill\">\n        <div class=\"banner-bg fill\" >\n            <img decoding=\"async\" width=\"2240\" height=\"360\" data-src=\"https:\/\/uebersetzungen-beglaubigte.de\/wp-content\/uploads\/2022\/02\/Arbeitsreferenz-uebersetzen-lassen.jpg\" class=\"bg attachment-original size-original lazyload\" alt=\"Arbeitsreferenz beglaubigte Uebersetzungen\" src=\"data:image\/gif;base64,R0lGODlhAQABAAAAACH5BAEKAAEALAAAAAABAAEAAAICTAEAOw==\" style=\"--smush-placeholder-width: 2240px; --smush-placeholder-aspect-ratio: 2240\/360;\" \/>                        <div class=\"overlay\"><\/div>            \n                    <\/div>\n\t\t\n        <div class=\"banner-layers container\">\n            <div class=\"fill banner-link\"><\/div>            \n\n\n        <\/div>\n      <\/div>\n\n            \n<style>\n#banner-550536677 {\n  padding-top: 50%;\n}\n#banner-550536677 .overlay {\n  background-color: rgba(17, 86, 152, 0.3);\n}\n#banner-550536677 .banner-bg img {\n  object-position: 50% 95%;\n}\n@media (min-width:550px) {\n  #banner-550536677 {\n    padding-top: 250px;\n  }\n}\n@media (min-width:850px) {\n  #banner-550536677 {\n    padding-top: 360px;\n  }\n}\n<\/style>\n  <\/div>\n\n\n\n\t<section class=\"section\" id=\"section_1696516966\">\n\t\t<div class=\"section-bg fill\" >\n\t\t\t\t\t\t\t\t\t\n\t\t\t\n\n\t\t<\/div>\n\n\t\t\n\n\t\t<div class=\"section-content relative\">\n\t\t\t\n\n<div class=\"row\"  id=\"row-244062441\">\n\n\n\t<div id=\"col-587948699\" class=\"col medium-12 small-12 large-12\"  >\n\t\t\t\t<div class=\"col-inner text-left\"  >\n\t\t\t\n\t\t\t\n\n\t<div id=\"text-2565659506\" class=\"text\">\n\t\t\n\n<h1>Traducciones de referencias de trabajo<\/h1>\n\t\t\n<style>\n#text-2565659506 {\n  text-align: left;\n}\n@media (min-width:550px) {\n  #text-2565659506 {\n    text-align: center;\n  }\n}\n<\/style>\n\t<\/div>\n\t\n<div class=\"is-divider divider clearfix\" style=\"margin-top:2.0em;margin-bottom:2.0em;max-width:100%;height:1px;background-color:rgba(0, 0, 0, 0.3);\"><\/div>\n\n\t<div id=\"gap-1004410174\" class=\"gap-element clearfix\" style=\"display:block; height:auto;\">\n\t\t\n<style>\n#gap-1004410174 {\n  padding-top: 20px;\n}\n<\/style>\n\t<\/div>\n\t\n\n<div class=\"row row-large\"  id=\"row-1794407683\">\n\n\n\t<div id=\"col-106325512\" class=\"col medium-12 small-12 large-6\"  >\n\t\t\t\t<div class=\"col-inner\"  >\n\t\t\t\n\t\t\t\n\n<p>Necesita traducir sus referencias laborales porque quiere emprender una actividad profesional en Alemania o solicitar un nuevo empleo. Nos encantar\u00eda ayudarle con las traducciones certificadas de sus referencias laborales o certificados de trabajo del espa\u00f1ol, portugu\u00e9s o ingl\u00e9s al alem\u00e1n.<\/p>\n<p>O necesita una traducci\u00f3n jurada de sus referencias laborales de un pa\u00eds de habla hispana o portuguesa para el reconocimiento de su cualificaci\u00f3n profesional en Alemania.<\/p>\n<p>O posee una referencia laboral en un idioma extranjero de un empleado de Espa\u00f1a, Portugal o un pa\u00eds de Am\u00e9rica Latina para el cual necesita una traducci\u00f3n certificada al alem\u00e1n. Nos encantar\u00eda ayudarle.<\/p>\n<p>O trabaja en una empresa que se dedica a la inmigraci\u00f3n del personal cualificados a Alemania en el marco del programa de facilitaci\u00f3n de los trabajadores cualificados y necesita traducciones juradas de los documentos como el certificado de trabajo.<\/p>\n<p>O quiere trabajar en el extranjero o postularse a una plaza de trabajo y necesita que su certificado de trabajo o referencia laboral traducida y certificada al espa\u00f1ol, portugu\u00e9s e ingl\u00e9s, nos encantar\u00eda poder ayudarle con la traducci\u00f3n jurada.<\/p>\n<p>Lo mejor ser\u00eda que nos env\u00ede la referencia de trabajo en formato electr\u00f3nico como archivo PDF o Word, indicando la combinaci\u00f3n de idiomas que necesita y el plazo de entrega.<\/p>\n\n\t\t<\/div>\n\t\t\t\t\t<\/div>\n\n\t\n\n\t<div id=\"col-1762211377\" class=\"col medium-12 small-12 large-6\"  >\n\t\t\t\t<div class=\"col-inner\"  >\n\t\t\t\n\t\t\t\n\n<p>Tambi\u00e9n recibir\u00e1 por correo electr\u00f3nico una oferta de costes, teniendo en cuenta la fecha deseada. Si est\u00e1 de acuerdo con nuestra propuesta, confirme nuestra oferta por escrito por correo electr\u00f3nico, indicando su direcci\u00f3n exacta y un n\u00famero de tel\u00e9fono para cualquier consulta. A continuaci\u00f3n, recibir\u00e1 una factura por este servicio de traducci\u00f3n. Una vez recibido el pago, le enviaremos los documentos tanto por v\u00eda electr\u00f3nica, en forma de archivo PDF, como por correo postal. Tambi\u00e9n puede recoger y pagar la traducci\u00f3n en nuestra oficina, previo acuerdo.<\/p>\n<p>Tenga en cuenta que si utiliza la traducci\u00f3n jurada en el extranjero, puede necesitar una apostilla, una sobrecertificaci\u00f3n o una legalizaci\u00f3n. Para m\u00e1s informaci\u00f3n, p\u00f3ngase en contacto con nosotros.<\/p>\n<a href=\"\/uebersetzungsanfrage\/\" class=\"button secondary reveal-icon\"  >\n\t\t<span>Obtener presupuesto<\/span>\n\t<i class=\"icon-angle-right\" aria-hidden=\"true\" ><\/i><\/a>\n\n\n\n\t\t<\/div>\n\t\t\t\t\t<\/div>\n\n\t\n\n<\/div>\n<div class=\"row row-collapse\"  id=\"row-1235087334\">\n\n\n\t<div id=\"col-436838447\" class=\"col small-12 large-12\"  >\n\t\t\t\t<div class=\"col-inner\"  >\n\t\t\t\n\t\t\t\n\n<div class=\"is-divider divider clearfix\" style=\"margin-top:0.0em;margin-bottom:0.0em;max-width:100%;height:1px;background-color:rgba(0, 0, 0, 0.3);\"><\/div>\n\n\t<div id=\"gap-684822983\" class=\"gap-element clearfix\" style=\"display:block; height:auto;\">\n\t\t\n<style>\n#gap-684822983 {\n  padding-top: 20px;\n}\n<\/style>\n\t<\/div>\n\t\n\n\n\t\t<\/div>\n\t\t\t\t\t<\/div>\n\n\t\n\n<\/div>\n\n\t\t<\/div>\n\t\t\t\t\t<\/div>\n\n\t\n\n<\/div>\n<p>\t<div id=\"text-4147065787\" class=\"text\">\n\t\t<\/p>\n<h2>Traducir otros documentos<\/h2>\n<p>\t\t\n<style>\n#text-4147065787 {\n  text-align: center;\n}\n@media (min-width:550px) {\n  #text-4147065787 {\n    text-align: center;\n  }\n}\n<\/style>\n\t<\/div>\n\t<br \/>\n\t<div id=\"gap-1505107680\" class=\"gap-element clearfix\" style=\"display:block; height:auto;\">\n\t\t\n<style>\n#gap-1505107680 {\n  padding-top: 20px;\n}\n<\/style>\n\t<\/div>\n\t<\/p>\n<p><div class=\"row row-collapse align-middle align-center\"  id=\"row-1583638600\"><\/p>\n<p>\n\t<div id=\"col-2048181697\" class=\"col small-12 large-12\"  >\n\t\t\t\t<div class=\"col-inner text-shadow-1 dark\" style=\"background-color:#115698;\" >\n\t\t\t\n\t\t\t<\/p>\n<p><div class=\"nav-wrapper\"><ul class=\"nav nav-uppercase nav-horizontal nav-size-large nav-divided text-center nav-center\"><p class=\"lead shortcode-error text-center\">Sorry, no pages was found<\/p><\/ul><\/div><\/p>\n<p>\t\t<\/div>\n\t\t\t\t\t<\/div>\n\n\t<\/p>\n<p>\n<style>\n#row-1583638600 > .col > .col-inner {\n  padding: 20px 20px 20px 20px;\n  background-color: #1e98d7;\n}\n@media (min-width:550px) {\n  #row-1583638600 > .col > .col-inner {\n    padding: 20px 40px 20px 40px;\n  }\n}\n<\/style>\n<\/div><br \/>\n\t<div id=\"gap-303376725\" class=\"gap-element clearfix\" style=\"display:block; height:auto;\">\n\t\t\n<style>\n#gap-303376725 {\n  padding-top: 30px;\n}\n<\/style>\n\t<\/div>\n\t<\/p>\n\n\n\n\t\t<\/div>\n\n\t\t\n<style>\n#section_1696516966 {\n  padding-top: 60px;\n  padding-bottom: 60px;\n}\n<\/style>\n\t<\/section>\n\t\n","protected":false},"excerpt":{"rendered":"","protected":false},"author":2,"featured_media":0,"parent":4197,"menu_order":5,"comment_status":"closed","ping_status":"closed","template":"","meta":{"_monsterinsights_skip_tracking":false,"_monsterinsights_sitenote_active":false,"_monsterinsights_sitenote_note":"","_monsterinsights_sitenote_category":0,"footnotes":""},"class_list":["post-4042","page","type-page","status-publish","hentry"],"_links":{"self":[{"href":"https:\/\/uebersetzungen-beglaubigte.de\/es\/wp-json\/wp\/v2\/pages\/4042","targetHints":{"allow":["GET"]}}],"collection":[{"href":"https:\/\/uebersetzungen-beglaubigte.de\/es\/wp-json\/wp\/v2\/pages"}],"about":[{"href":"https:\/\/uebersetzungen-beglaubigte.de\/es\/wp-json\/wp\/v2\/types\/page"}],"author":[{"embeddable":true,"href":"https:\/\/uebersetzungen-beglaubigte.de\/es\/wp-json\/wp\/v2\/users\/2"}],"replies":[{"embeddable":true,"href":"https:\/\/uebersetzungen-beglaubigte.de\/es\/wp-json\/wp\/v2\/comments?post=4042"}],"version-history":[{"count":0,"href":"https:\/\/uebersetzungen-beglaubigte.de\/es\/wp-json\/wp\/v2\/pages\/4042\/revisions"}],"up":[{"embeddable":true,"href":"https:\/\/uebersetzungen-beglaubigte.de\/es\/wp-json\/wp\/v2\/pages\/4197"}],"wp:attachment":[{"href":"https:\/\/uebersetzungen-beglaubigte.de\/es\/wp-json\/wp\/v2\/media?parent=4042"}],"curies":[{"name":"wp","href":"https:\/\/api.w.org\/{rel}","templated":true}]}}