{"id":4056,"date":"2021-09-23T10:49:40","date_gmt":"2021-09-23T10:49:40","guid":{"rendered":"https:\/\/uebersetzungen-beglaubigte.de\/traducciones-de-certificados-de-estudios\/"},"modified":"2022-10-07T13:59:51","modified_gmt":"2022-10-07T13:59:51","slug":"traducciones-de-certificados-de-estudios","status":"publish","type":"page","link":"https:\/\/uebersetzungen-beglaubigte.de\/es\/traducciones-de-documentos\/traducciones-de-certificados-de-estudios\/","title":{"rendered":"Traducciones de certificados de estudios"},"content":{"rendered":"\n\n  <div class=\"banner has-hover\" id=\"banner-1263450032\">\n          <div class=\"banner-inner fill\">\n        <div class=\"banner-bg fill\" >\n            <img decoding=\"async\" width=\"2240\" height=\"360\" data-src=\"https:\/\/uebersetzungen-beglaubigte.de\/wp-content\/uploads\/2022\/02\/Studienbescheinigung-uebersetzen-lassen.jpg\" class=\"bg attachment-original size-original lazyload\" alt=\"Studienbescheinigung beglaubigte Uebersetzungen\" src=\"data:image\/gif;base64,R0lGODlhAQABAAAAACH5BAEKAAEALAAAAAABAAEAAAICTAEAOw==\" style=\"--smush-placeholder-width: 2240px; --smush-placeholder-aspect-ratio: 2240\/360;\" \/>                        <div class=\"overlay\"><\/div>            \n                    <\/div>\n\t\t\n        <div class=\"banner-layers container\">\n            <div class=\"fill banner-link\"><\/div>            \n\n\n        <\/div>\n      <\/div>\n\n            \n<style>\n#banner-1263450032 {\n  padding-top: 50%;\n}\n#banner-1263450032 .overlay {\n  background-color: rgba(17, 86, 152, 0.3);\n}\n#banner-1263450032 .banner-bg img {\n  object-position: 39% 100%;\n}\n@media (min-width:550px) {\n  #banner-1263450032 {\n    padding-top: 460px;\n  }\n}\n@media (min-width:850px) {\n  #banner-1263450032 {\n    padding-top: 360px;\n  }\n}\n<\/style>\n  <\/div>\n\n\n\n\t<section class=\"section\" id=\"section_205245618\">\n\t\t<div class=\"section-bg fill\" >\n\t\t\t\t\t\t\t\t\t\n\t\t\t\n\n\t\t<\/div>\n\n\t\t\n\n\t\t<div class=\"section-content relative\">\n\t\t\t\n\n<div class=\"row\"  id=\"row-1643348406\">\n\n\n\t<div id=\"col-1014517905\" class=\"col medium-12 small-12 large-12\"  >\n\t\t\t\t<div class=\"col-inner text-left\"  >\n\t\t\t\n\t\t\t\n\n\t<div id=\"text-3211230003\" class=\"text\">\n\t\t\n\n<h1>Traducciones de certificados de estudios<\/h1>\n\t\t\n<style>\n#text-3211230003 {\n  text-align: left;\n}\n@media (min-width:550px) {\n  #text-3211230003 {\n    text-align: center;\n  }\n}\n<\/style>\n\t<\/div>\n\t\n<div class=\"is-divider divider clearfix\" style=\"margin-top:2.0em;margin-bottom:2.0em;max-width:100%;height:1px;background-color:rgba(0, 0, 0, 0.3);\"><\/div>\n\n\t<div id=\"gap-50817242\" class=\"gap-element clearfix\" style=\"display:block; height:auto;\">\n\t\t\n<style>\n#gap-50817242 {\n  padding-top: 20px;\n}\n<\/style>\n\t<\/div>\n\t\n\n<div class=\"row row-large\"  id=\"row-266239447\">\n\n\n\t<div id=\"col-2030891277\" class=\"col medium-12 small-12 large-6\"  >\n\t\t\t\t<div class=\"col-inner\"  >\n\t\t\t\n\t\t\t\n\n<p>Le gustar\u00eda estudiar, trabajar o postularse a un empleo en Alemania y necesita una traducci\u00f3n jurada al alem\u00e1n de su certificado de estudios obtenidos en Espa\u00f1a, Portugal, M\u00e9xico, Brasil, Argentina, Chile, Colombia, Venezuela, Per\u00fa, Bolivia, Cuba u otro pa\u00eds latinoamericano para su reconocimiento profesional en Alemania.<\/p>\n<p>Nos encantar\u00eda poder ayudarle con la traducci\u00f3n de su certificado de estudios del espa\u00f1ol y el portugu\u00e9s o del ingl\u00e9s y el franc\u00e9s al alem\u00e1n.<\/p>\n<p>O quiere estudiar, trabajar o postularse a un empleo en el extranjero y necesita una traducci\u00f3n jurada de su certificado de estudios al espa\u00f1ol, portugu\u00e9s, ingl\u00e9s o franc\u00e9s, nos encantar\u00eda recibir su solicitud de esta traducci\u00f3n jurada.<\/p>\n<p>Le recomendamos que nos env\u00ede su bolet\u00edn escolar en formato PDF, por correo electr\u00f3nico, indicando la combinaci\u00f3n de idiomas requerida y la fecha en la que desea recibir la traducci\u00f3n.<\/p>\n\n\t\t<\/div>\n\t\t\t\t\t<\/div>\n\n\t\n\n\t<div id=\"col-19981586\" class=\"col medium-12 small-12 large-6\"  >\n\t\t\t\t<div class=\"col-inner\"  >\n\t\t\t\n\t\t\t\n\n<p>Tambi\u00e9n recibir\u00e1 por correo electr\u00f3nico una oferta de costes, teniendo en cuenta la fecha deseada. Si est\u00e1 de acuerdo con nuestra propuesta, confirme nuestra oferta por escrito por correo electr\u00f3nico, indicando su direcci\u00f3n exacta y un n\u00famero de tel\u00e9fono para cualquier consulta. A continuaci\u00f3n, recibir\u00e1 una factura por este servicio de traducci\u00f3n. Una vez recibido el pago, le enviaremos los documentos tanto por v\u00eda electr\u00f3nica, en forma de archivo PDF, como por correo postal. Tambi\u00e9n puede recoger y pagar la traducci\u00f3n en nuestra oficina, previo acuerdo.<\/p>\n<p>Tenga en cuenta que si utiliza la traducci\u00f3n jurada en el extranjero, puede necesitar una apostilla, una sobrecertificaci\u00f3n o una legalizaci\u00f3n. Para m\u00e1s informaci\u00f3n, p\u00f3ngase en contacto con nosotros.<\/p>\n<a href=\"\/uebersetzungsanfrage\/\" class=\"button secondary reveal-icon\"  >\n\t\t<span>Obtener presupuesto<\/span>\n\t<i class=\"icon-angle-right\" aria-hidden=\"true\" ><\/i><\/a>\n\n\n\n\t\t<\/div>\n\t\t\t\t\t<\/div>\n\n\t\n\n<\/div>\n<div class=\"row row-collapse\"  id=\"row-1635271998\">\n\n\n\t<div id=\"col-12796308\" class=\"col small-12 large-12\"  >\n\t\t\t\t<div class=\"col-inner\"  >\n\t\t\t\n\t\t\t\n\n<div class=\"is-divider divider clearfix\" style=\"margin-top:0.0em;margin-bottom:0.0em;max-width:100%;height:1px;background-color:rgba(0, 0, 0, 0.3);\"><\/div>\n\n\t<div id=\"gap-2056304328\" class=\"gap-element clearfix\" style=\"display:block; height:auto;\">\n\t\t\n<style>\n#gap-2056304328 {\n  padding-top: 20px;\n}\n<\/style>\n\t<\/div>\n\t\n\n\n\t\t<\/div>\n\t\t\t\t\t<\/div>\n\n\t\n\n<\/div>\n\n\t\t<\/div>\n\t\t\t\t\t<\/div>\n\n\t\n\n<\/div>\n<p>\t<div id=\"text-2174271484\" class=\"text\">\n\t\t<\/p>\n<h2>Traducir otros documentos<\/h2>\n<p>\t\t\n<style>\n#text-2174271484 {\n  text-align: center;\n}\n@media (min-width:550px) {\n  #text-2174271484 {\n    text-align: center;\n  }\n}\n<\/style>\n\t<\/div>\n\t<br \/>\n\t<div id=\"gap-1949281999\" class=\"gap-element clearfix\" style=\"display:block; height:auto;\">\n\t\t\n<style>\n#gap-1949281999 {\n  padding-top: 20px;\n}\n<\/style>\n\t<\/div>\n\t<\/p>\n<p><div class=\"row row-collapse align-middle align-center\"  id=\"row-1835644787\"><\/p>\n<p>\n\t<div id=\"col-1538750547\" class=\"col small-12 large-12\"  >\n\t\t\t\t<div class=\"col-inner text-shadow-1 dark\" style=\"background-color:#115698;\" >\n\t\t\t\n\t\t\t<\/p>\n<p><div class=\"nav-wrapper\"><ul class=\"nav nav-uppercase nav-horizontal nav-size-large nav-divided text-center nav-center\"><p class=\"lead shortcode-error text-center\">Sorry, no pages was found<\/p><\/ul><\/div><\/p>\n<p>\t\t<\/div>\n\t\t\t\t\t<\/div>\n\n\t<\/p>\n<p>\n<style>\n#row-1835644787 > .col > .col-inner {\n  padding: 20px 20px 20px 20px;\n  background-color: #1e98d7;\n}\n@media (min-width:550px) {\n  #row-1835644787 > .col > .col-inner {\n    padding: 20px 40px 20px 40px;\n  }\n}\n<\/style>\n<\/div><br \/>\n\t<div id=\"gap-917417143\" class=\"gap-element clearfix\" style=\"display:block; height:auto;\">\n\t\t\n<style>\n#gap-917417143 {\n  padding-top: 30px;\n}\n<\/style>\n\t<\/div>\n\t<\/p>\n\n\n\n\t\t<\/div>\n\n\t\t\n<style>\n#section_205245618 {\n  padding-top: 60px;\n  padding-bottom: 60px;\n}\n<\/style>\n\t<\/section>\n\t\n","protected":false},"excerpt":{"rendered":"","protected":false},"author":2,"featured_media":0,"parent":4197,"menu_order":13,"comment_status":"closed","ping_status":"closed","template":"","meta":{"_monsterinsights_skip_tracking":false,"_monsterinsights_sitenote_active":false,"_monsterinsights_sitenote_note":"","_monsterinsights_sitenote_category":0,"footnotes":""},"class_list":["post-4056","page","type-page","status-publish","hentry"],"_links":{"self":[{"href":"https:\/\/uebersetzungen-beglaubigte.de\/es\/wp-json\/wp\/v2\/pages\/4056","targetHints":{"allow":["GET"]}}],"collection":[{"href":"https:\/\/uebersetzungen-beglaubigte.de\/es\/wp-json\/wp\/v2\/pages"}],"about":[{"href":"https:\/\/uebersetzungen-beglaubigte.de\/es\/wp-json\/wp\/v2\/types\/page"}],"author":[{"embeddable":true,"href":"https:\/\/uebersetzungen-beglaubigte.de\/es\/wp-json\/wp\/v2\/users\/2"}],"replies":[{"embeddable":true,"href":"https:\/\/uebersetzungen-beglaubigte.de\/es\/wp-json\/wp\/v2\/comments?post=4056"}],"version-history":[{"count":0,"href":"https:\/\/uebersetzungen-beglaubigte.de\/es\/wp-json\/wp\/v2\/pages\/4056\/revisions"}],"up":[{"embeddable":true,"href":"https:\/\/uebersetzungen-beglaubigte.de\/es\/wp-json\/wp\/v2\/pages\/4197"}],"wp:attachment":[{"href":"https:\/\/uebersetzungen-beglaubigte.de\/es\/wp-json\/wp\/v2\/media?parent=4056"}],"curies":[{"name":"wp","href":"https:\/\/api.w.org\/{rel}","templated":true}]}}