{"id":4060,"date":"2021-09-06T08:44:24","date_gmt":"2021-09-06T08:44:24","guid":{"rendered":"https:\/\/uebersetzungen-beglaubigte.de\/traducciones-de-documentos-para-la-inmigracion-de-trabajadores-cualificados\/"},"modified":"2022-11-21T12:12:14","modified_gmt":"2022-11-21T12:12:14","slug":"traducciones-de-documentos-para-la-inmigracion-de-trabajadores-cualificados","status":"publish","type":"page","link":"https:\/\/uebersetzungen-beglaubigte.de\/es\/traducciones-de-documentos\/traducciones-de-documentos-para-la-inmigracion-de-trabajadores-cualificados\/","title":{"rendered":"Traducciones de documentos para la inmigraci\u00f3n de trabajadores cualificados"},"content":{"rendered":"\n\n  <div class=\"banner has-hover\" id=\"banner-2094688391\">\n          <div class=\"banner-inner fill\">\n        <div class=\"banner-bg fill\" >\n            <img decoding=\"async\" width=\"2240\" height=\"360\" data-src=\"https:\/\/uebersetzungen-beglaubigte.de\/wp-content\/uploads\/2022\/02\/Unterlagen-fuer-Fachkraefteeinwanderung-uebersetzen-lassen.jpg\" class=\"bg attachment-original size-original lazyload\" alt=\"Unterlagen fuer Fachkraefteeinwanderung beglaubigte Uebersetzungen\" src=\"data:image\/gif;base64,R0lGODlhAQABAAAAACH5BAEKAAEALAAAAAABAAEAAAICTAEAOw==\" style=\"--smush-placeholder-width: 2240px; --smush-placeholder-aspect-ratio: 2240\/360;\" \/>                        <div class=\"overlay\"><\/div>            \n                    <\/div>\n\t\t\n        <div class=\"banner-layers container\">\n            <div class=\"fill banner-link\"><\/div>            \n\n\n        <\/div>\n      <\/div>\n\n            \n<style>\n#banner-2094688391 {\n  padding-top: 50%;\n}\n#banner-2094688391 .overlay {\n  background-color: rgba(17, 86, 152, 0.3);\n}\n#banner-2094688391 .banner-bg img {\n  object-position: 49% 80%;\n}\n@media (min-width:550px) {\n  #banner-2094688391 {\n    padding-top: 250px;\n  }\n}\n@media (min-width:850px) {\n  #banner-2094688391 {\n    padding-top: 360px;\n  }\n}\n<\/style>\n  <\/div>\n\n\n\n\t<section class=\"section\" id=\"section_555422811\">\n\t\t<div class=\"section-bg fill\" >\n\t\t\t\t\t\t\t\t\t\n\t\t\t\n\n\t\t<\/div>\n\n\t\t\n\n\t\t<div class=\"section-content relative\">\n\t\t\t\n\n<div class=\"row\"  id=\"row-1957715709\">\n\n\n\t<div id=\"col-729353658\" class=\"col medium-12 small-12 large-12\"  >\n\t\t\t\t<div class=\"col-inner text-left\"  >\n\t\t\t\n\t\t\t\n\n\t<div id=\"text-2652283653\" class=\"text\">\n\t\t\n\n<h1>Traducciones trabajadores cualificados de la inmigraci\u00f3n<\/h1>\n\n\t\t\n<style>\n#text-2652283653 {\n  text-align: left;\n}\n@media (min-width:550px) {\n  #text-2652283653 {\n    text-align: center;\n  }\n}\n<\/style>\n\t<\/div>\n\t\n<div class=\"is-divider divider clearfix\" style=\"margin-top:2.0em;margin-bottom:2.0em;max-width:100%;height:1px;background-color:rgba(0, 0, 0, 0.3);\"><\/div>\n\n\t<div id=\"gap-1173408875\" class=\"gap-element clearfix\" style=\"display:block; height:auto;\">\n\t\t\n<style>\n#gap-1173408875 {\n  padding-top: 20px;\n}\n<\/style>\n\t<\/div>\n\t\n\n<div class=\"row row-large\"  id=\"row-1402495769\">\n\n\n\t<div id=\"col-212152265\" class=\"col medium-12 small-12 large-6\"  >\n\t\t\t\t<div class=\"col-inner\"  >\n\t\t\t\n\t\t\t\n\n<p>Le gustar\u00eda postularse a una plaza de trabajo en Alemania en el marco de un programa de inmigraci\u00f3n de personal cualificado subvencionado por el Estado y necesita una traducci\u00f3n certificada al alem\u00e1n de una lengua extranjera de su t\u00edtulo profesional obtenido en Espa\u00f1a, Portugal, M\u00e9xico, Brasil, Argentina, Chile, Colombia, Venezuela, Per\u00fa, Bolivia, Costa Rica, Nicaragua, Guatemala, El Salvador, Honduras, Cuba, Rep\u00fablica Dominicana u otro pa\u00eds latinoamericano para su reconocimiento profesional en Alemania.<\/p>\n<p>Nos encantar\u00eda poder ayudarle realizando una traducci\u00f3n jurada de sus cualificaciones profesionales y de todos sus documentos de postulaci\u00f3n, como por ejemplo, su partida de nacimiento, certificados o diplomas, t\u00edtulos universitarios, certificados profesionales, certificados de trabajo y referencias del espa\u00f1ol y portugu\u00e9s o del ingl\u00e9s y franc\u00e9s al alem\u00e1n.<\/p>\n<p>Lo mejor ser\u00eda que nos env\u00ede el docuemnto de postulaci\u00f3n en formato electr\u00f3nico como archivo PDF o Word, indicando la combinaci\u00f3n de idiomas que necesita y el plazo de entrega.<\/p>\n\n\t\t<\/div>\n\t\t\t\t\t<\/div>\n\n\t\n\n\t<div id=\"col-1260501709\" class=\"col medium-12 small-12 large-6\"  >\n\t\t\t\t<div class=\"col-inner\"  >\n\t\t\t\n\t\t\t\n\n<p>Tambi\u00e9n recibir\u00e1 por correo electr\u00f3nico una oferta de costes, teniendo en cuenta la fecha deseada. Si est\u00e1 de acuerdo con nuestra propuesta, confirme nuestra oferta por escrito por correo electr\u00f3nico, indicando su direcci\u00f3n exacta y un n\u00famero de tel\u00e9fono para cualquier consulta. A continuaci\u00f3n, recibir\u00e1 una factura por este servicio de traducci\u00f3n. Una vez recibido el pago, le enviaremos los documentos tanto por v\u00eda electr\u00f3nica, en forma de archivo PDF, como por correo postal. Tambi\u00e9n puede recoger y pagar la traducci\u00f3n en nuestra oficina, previo acuerdo.<\/p>\n<p>Tenga en cuenta que si utiliza la traducci\u00f3n jurada en el extranjero, puede necesitar una apostilla, una sobrecertificaci\u00f3n o una legalizaci\u00f3n. Para m\u00e1s informaci\u00f3n, p\u00f3ngase en contacto con nosotros.<\/p>\n<a href=\"\/uebersetzungsanfrage\/\" class=\"button secondary reveal-icon\"  >\n\t\t<span>Obtener presupuesto<\/span>\n\t<i class=\"icon-angle-right\" aria-hidden=\"true\" ><\/i><\/a>\n\n\n\n\t\t<\/div>\n\t\t\t\t\t<\/div>\n\n\t\n\n<\/div>\n<div class=\"row row-collapse\"  id=\"row-1040663926\">\n\n\n\t<div id=\"col-2145428981\" class=\"col small-12 large-12\"  >\n\t\t\t\t<div class=\"col-inner\"  >\n\t\t\t\n\t\t\t\n\n<div class=\"is-divider divider clearfix\" style=\"margin-top:0.0em;margin-bottom:0.0em;max-width:100%;height:1px;background-color:rgba(0, 0, 0, 0.3);\"><\/div>\n\n\t<div id=\"gap-1665942800\" class=\"gap-element clearfix\" style=\"display:block; height:auto;\">\n\t\t\n<style>\n#gap-1665942800 {\n  padding-top: 50px;\n}\n<\/style>\n\t<\/div>\n\t\n\n\n\t\t<\/div>\n\t\t\t\t\t<\/div>\n\n\t\n\n\t<div id=\"col-335395289\" class=\"col medium-10 small-11 large-12\"  >\n\t\t\t\t<div class=\"col-inner\"  >\n\t\t\t\n\t\t\t\n\n<h3>Traducciones de documentos para la inmigraci\u00f3n de profesionales del \u00e1rea de salud<\/h3>\n\n\t\t<\/div>\n\t\t\t\t\t<\/div>\n\n\t\n\n<\/div>\n\n\t\t<\/div>\n\t\t\t\t\t<\/div>\n\n\t\n\n<\/div>\n<div class=\"row align-center\"  id=\"row-1667255283\">\n\n\n\t<div id=\"col-1364963219\" class=\"col medium-12 small-12 large-6\"  >\n\t\t\t\t<div class=\"col-inner text-left\"  >\n\t\t\t\n\t\t\t\n\n<p>Le gustar\u00eda postularse a una plaza de trabajo en Alemania en el marco de un programa de inmigraci\u00f3n para profesionales de la salud y asistencia subvencionada por el Estado y necesita una traducci\u00f3n jurada al alem\u00e1n para el reconocimiento profesional en Alemania de su t\u00edtulo profesional de enfermero\/a obtenido en Espa\u00f1a, Portugal, M\u00e9xico, Brasil, Argentina, Chile, Colombia, Venezuela, Per\u00fa, Bolivia, Costa Rica, Nicaragua, Guatemala, El Salvador, Honduras, Cuba, Rep\u00fablica Dominicana u otro pa\u00eds latinoamericano.<\/p>\n<p>Nos encantar\u00eda facilitarle una traducci\u00f3n jurada de sus cualificaciones profesionales de la salud y de enfermer\u00eda, as\u00ed como de todos sus documentos de postulaci\u00f3n, como su partida de nacimiento, certificados y diplomas, t\u00edtulos universitarios, certificado acad\u00e9mico, tarjetas profesionales, certificados de trabajo y referencias como enfermero\/a del espa\u00f1ol y portugu\u00e9s o ingl\u00e9s y franc\u00e9s al alem\u00e1n.&nbsp;<\/p>\n\n\t\t<\/div>\n\t\t\t\t\t<\/div>\n\n\t\n\n\t<div id=\"col-1682031503\" class=\"col medium-12 small-12 large-6\"  >\n\t\t\t\t<div class=\"col-inner text-left\"  >\n\t\t\t\n\t\t\t\n\n<p>Si es usted un organismo oficial, agencia u otra instituci\u00f3n responsable de la inmigraci\u00f3n del personal cualificados a Alemania y necesita traducciones juradas de los documentos de postulaci\u00f3n de los candidatos para presentarlos ante las autoridades competentes en Alemania, est\u00e1 en el lugar indicado.<\/p>\n<p>Contamos con una amplia experiencia en este campo, especialmente en relaci\u00f3n con la inmigraci\u00f3n de trabajadores cualificados para profesiones de la salud y asistencia, y nos encantar\u00eda poder ayudarle con las traducciones juradas. Esperamos recibir su consulta por correo electr\u00f3nico. Por supuesto, estamos a su disposici\u00f3n por tel\u00e9fono.&nbsp;&nbsp;<\/p>\n\t<div id=\"gap-1398143040\" class=\"gap-element clearfix\" style=\"display:block; height:auto;\">\n\t\t\n<style>\n#gap-1398143040 {\n  padding-top: 20px;\n}\n<\/style>\n\t<\/div>\n\t\n\n<a class=\"button secondary\"  >\n\t\t<span>Solicite un presupuesto<\/span>\n\t<\/a>\n\n\n\n\t\t<\/div>\n\t\t\t\t\t<\/div>\n\n\t\n\n<\/div>\n<div class=\"row\"  id=\"row-117061058\">\n\n\n\t<div id=\"col-453236699\" class=\"col small-12 large-12\"  >\n\t\t\t\t<div class=\"col-inner\"  >\n\t\t\t\n\t\t\t\n\n<div class=\"is-divider divider clearfix\" style=\"margin-top:0.0em;margin-bottom:0.0em;max-width:100%;height:1px;background-color:rgba(0, 0, 0, 0.3);\"><\/div>\n\n\t<div id=\"gap-339550579\" class=\"gap-element clearfix\" style=\"display:block; height:auto;\">\n\t\t\n<style>\n#gap-339550579 {\n  padding-top: 20px;\n}\n<\/style>\n\t<\/div>\n\t\n\n\n\t\t<\/div>\n\t\t\t\t\t<\/div>\n\n\t\n\n<\/div>\n<p>\t<div id=\"text-1938471144\" class=\"text\">\n\t\t<\/p>\n<h2>Traducir otros documentos<\/h2>\n<p>\t\t\n<style>\n#text-1938471144 {\n  text-align: center;\n}\n@media (min-width:550px) {\n  #text-1938471144 {\n    text-align: center;\n  }\n}\n<\/style>\n\t<\/div>\n\t<br \/>\n\t<div id=\"gap-124203294\" class=\"gap-element clearfix\" style=\"display:block; height:auto;\">\n\t\t\n<style>\n#gap-124203294 {\n  padding-top: 20px;\n}\n<\/style>\n\t<\/div>\n\t<\/p>\n<p><div class=\"row row-collapse align-middle align-center\"  id=\"row-1235441589\"><\/p>\n<p>\n\t<div id=\"col-155938838\" class=\"col small-12 large-12\"  >\n\t\t\t\t<div class=\"col-inner text-shadow-1 dark\" style=\"background-color:#115698;\" >\n\t\t\t\n\t\t\t<\/p>\n<p><div class=\"nav-wrapper\"><ul class=\"nav nav-uppercase nav-horizontal nav-size-large nav-divided text-center nav-center\"><p class=\"lead shortcode-error text-center\">Sorry, no pages was found<\/p><\/ul><\/div><\/p>\n<p>\t\t<\/div>\n\t\t\t\t\t<\/div>\n\n\t<\/p>\n<p>\n<style>\n#row-1235441589 > .col > .col-inner {\n  padding: 20px 20px 20px 20px;\n  background-color: #1e98d7;\n}\n@media (min-width:550px) {\n  #row-1235441589 > .col > .col-inner {\n    padding: 20px 40px 20px 40px;\n  }\n}\n<\/style>\n<\/div><br \/>\n\t<div id=\"gap-1444493980\" class=\"gap-element clearfix\" style=\"display:block; height:auto;\">\n\t\t\n<style>\n#gap-1444493980 {\n  padding-top: 30px;\n}\n<\/style>\n\t<\/div>\n\t<\/p>\n\n\n\n\t\t<\/div>\n\n\t\t\n<style>\n#section_555422811 {\n  padding-top: 60px;\n  padding-bottom: 60px;\n}\n<\/style>\n\t<\/section>\n\t\n\n","protected":false},"excerpt":{"rendered":"","protected":false},"author":2,"featured_media":0,"parent":4197,"menu_order":15,"comment_status":"closed","ping_status":"closed","template":"","meta":{"_monsterinsights_skip_tracking":false,"_monsterinsights_sitenote_active":false,"_monsterinsights_sitenote_note":"","_monsterinsights_sitenote_category":0,"footnotes":""},"class_list":["post-4060","page","type-page","status-publish","hentry"],"_links":{"self":[{"href":"https:\/\/uebersetzungen-beglaubigte.de\/es\/wp-json\/wp\/v2\/pages\/4060","targetHints":{"allow":["GET"]}}],"collection":[{"href":"https:\/\/uebersetzungen-beglaubigte.de\/es\/wp-json\/wp\/v2\/pages"}],"about":[{"href":"https:\/\/uebersetzungen-beglaubigte.de\/es\/wp-json\/wp\/v2\/types\/page"}],"author":[{"embeddable":true,"href":"https:\/\/uebersetzungen-beglaubigte.de\/es\/wp-json\/wp\/v2\/users\/2"}],"replies":[{"embeddable":true,"href":"https:\/\/uebersetzungen-beglaubigte.de\/es\/wp-json\/wp\/v2\/comments?post=4060"}],"version-history":[{"count":0,"href":"https:\/\/uebersetzungen-beglaubigte.de\/es\/wp-json\/wp\/v2\/pages\/4060\/revisions"}],"up":[{"embeddable":true,"href":"https:\/\/uebersetzungen-beglaubigte.de\/es\/wp-json\/wp\/v2\/pages\/4197"}],"wp:attachment":[{"href":"https:\/\/uebersetzungen-beglaubigte.de\/es\/wp-json\/wp\/v2\/media?parent=4060"}],"curies":[{"name":"wp","href":"https:\/\/api.w.org\/{rel}","templated":true}]}}