{"id":4145,"date":"2021-09-06T10:45:50","date_gmt":"2021-09-06T10:45:50","guid":{"rendered":"https:\/\/uebersetzungen-beglaubigte.de\/agencia-de-traduccion-con-tradicion\/"},"modified":"2022-09-28T13:17:15","modified_gmt":"2022-09-28T13:17:15","slug":"agencia-de-traduccion-con-tradicion","status":"publish","type":"page","link":"https:\/\/uebersetzungen-beglaubigte.de\/es\/agencia-de-traduccion-con-tradicion\/","title":{"rendered":"Agencia de traducci\u00f3n con tradici\u00f3n"},"content":{"rendered":"\n\n  <div class=\"banner has-hover\" id=\"banner-2064270156\">\n          <div class=\"banner-inner fill\">\n        <div class=\"banner-bg fill\" >\n            <img decoding=\"async\" width=\"1725\" height=\"1150\" data-src=\"https:\/\/uebersetzungen-beglaubigte.de\/wp-content\/uploads\/2022\/02\/Traditional-Family-Provider.jpg\" class=\"bg attachment-original size-original lazyload\" alt=\"\u00dcbersetzungsb\u00fcro mit Tradition\" src=\"data:image\/gif;base64,R0lGODlhAQABAAAAACH5BAEKAAEALAAAAAABAAEAAAICTAEAOw==\" style=\"--smush-placeholder-width: 1725px; --smush-placeholder-aspect-ratio: 1725\/1150;\" \/>                        <div class=\"overlay\"><\/div>            \n                    <\/div>\n\t\t\n        <div class=\"banner-layers container\">\n            <div class=\"fill banner-link\"><\/div>            \n\n\n        <\/div>\n      <\/div>\n\n            \n<style>\n#banner-2064270156 {\n  padding-top: 50%;\n}\n#banner-2064270156 .overlay {\n  background-color: rgba(17, 86, 152, 0.3);\n}\n#banner-2064270156 .banner-bg img {\n  object-position: 67% 29%;\n}\n@media (min-width:550px) {\n  #banner-2064270156 {\n    padding-top: 250px;\n  }\n}\n@media (min-width:850px) {\n  #banner-2064270156 {\n    padding-top: 500px;\n  }\n}\n<\/style>\n  <\/div>\n\n\n\n\t<section class=\"section\" id=\"section_647197569\">\n\t\t<div class=\"section-bg fill\" >\n\t\t\t\t\t\t\t\t\t\n\t\t\t\n\t<div class=\"is-border\"\n\t\tstyle=\"border-color:rgb(235, 235, 235);border-width:1px 0px 0px 0px;\">\n\t<\/div>\n\n\t\t<\/div>\n\n\t\t\n\n\t\t<div class=\"section-content relative\">\n\t\t\t\n\n<div class=\"row row-large align-center\"  id=\"row-809926973\">\n\n\n\t<div id=\"col-1260909829\" class=\"col medium-10 small-11 large-12\"  >\n\t\t\t\t<div class=\"col-inner\"  >\n\t\t\t\n\t\t\t\n\n<h1>Agencia de traducci\u00f3n con tradici\u00f3n<\/h1>\n\t<div id=\"gap-95887198\" class=\"gap-element clearfix\" style=\"display:block; height:auto;\">\n\t\t\n<style>\n#gap-95887198 {\n  padding-top: 10px;\n}\n<\/style>\n\t<\/div>\n\t\n\n<div class=\"text-center\"><div class=\"is-divider divider clearfix\" style=\"max-width:100%;height:1px;background-color:rgba(0, 0, 0, 0.3);\"><\/div><\/div>\n\n\n\t\t<\/div>\n\t\t\t\t\t<\/div>\n\n\t\n\n\t<div id=\"col-1486763573\" class=\"col medium-10 small-11 large-6\"  >\n\t\t\t\t<div class=\"col-inner text-left\"  >\n\t\t\t\n\t\t\t\n\n<p>Para lograr una traducci\u00f3n de calidad, es necesario contar con la colaboraci\u00f3n de &nbsp; expertos ling\u00fc\u00edsticos en las distintas combinaciones ling\u00fc\u00edsticas y campos de especializaci\u00f3n. En estos a\u00f1os, hemos formado una amplia red de expertos en servicios de traducci\u00f3n para todos los campos. Nuestro equipo de expertos es tan amplio como las distintas \u00e1reas tem\u00e1ticas. No obstante, todos nuestros colegas tienen algo en com\u00fan: una formaci\u00f3n cualificada, una amplia experiencia y, por supuesto, el amor por los idiomas y la posibilidad de relacionarse con personas de distintas lenguas.<\/p>\n\n\t\t<\/div>\n\t\t\t\t\n<style>\n#col-1486763573 > .col-inner {\n  margin: 0px 0px -30px 0px;\n}\n<\/style>\n\t<\/div>\n\n\t\n\n\t<div id=\"col-1930328169\" class=\"col medium-10 small-11 large-6\"  >\n\t\t\t\t<div class=\"col-inner text-left\"  >\n\t\t\t\n\t\t\t\n\n<p>Nuestro equipo de int\u00e9rpretes ha demostrado sus excelentes habilidades ling\u00fc\u00edsticas en numerosos servicios de interpretaci\u00f3n internacional y eventos en el pa\u00eds y en el extranjero. Adem\u00e1s, se destacan por un alto nivel de competencia profesional, que han adquirido a trav\u00e9s de una s\u00f3lida capacitaci\u00f3n en las respectivas \u00e1reas tem\u00e1ticas, como la pol\u00edtica, la educaci\u00f3n, la econom\u00eda, la industria, el comercio o la tecnolog\u00eda.&nbsp;<\/p>\n<p>Aprovechamos la ocasi\u00f3n para agradecer a todos los traductores e int\u00e9rpretes que, a lo largo de los a\u00f1os, han sido fieles a Schneiders-Sprach-Service.<\/p>\n\n\t\t<\/div>\n\t\t\t\t\t<\/div>\n\n\t\n\n\t<div id=\"col-664513813\" class=\"col small-12 large-12\"  >\n\t\t\t\t<div class=\"col-inner\"  >\n\t\t\t\n\t\t\t\n\n<div class=\"text-center\"><div class=\"is-divider divider clearfix\" style=\"max-width:100%;height:1px;background-color:rgba(0, 0, 0, 0.3);\"><\/div><\/div>\n\n\n\t\t<\/div>\n\t\t\t\t\t<\/div>\n\n\t\n\n<\/div>\n\t<div id=\"gap-1513900767\" class=\"gap-element clearfix\" style=\"display:block; height:auto;\">\n\t\t\n<style>\n#gap-1513900767 {\n  padding-top: 50px;\n}\n<\/style>\n\t<\/div>\n\t\n\n<div class=\"row row-large align-center\"  id=\"row-1814656546\">\n\n\n\t<div id=\"col-594071631\" class=\"col medium-10 small-11 large-9\"  >\n\t\t\t\t<div class=\"col-inner\"  >\n\t\t\t\n\t\t\t\n\n\t<div class=\"img has-hover x md-x lg-x y md-y lg-y\" id=\"image_403093320\">\n\t\t\t\t\t\t\t\t<div class=\"img-inner image-cover box-shadow-2 box-shadow-3-hover dark\" style=\"padding-top:90%;margin:0px 0px 70px 0px;\">\n\t\t\t<img decoding=\"async\" width=\"769\" height=\"800\" data-src=\"https:\/\/uebersetzungen-beglaubigte.de\/wp-content\/uploads\/2022\/02\/Sabine-Schneider-769x800.jpg\" class=\"attachment-large size-large lazyload\" alt=\"Schneider beglaubigte Uebersetzungen\" data-srcset=\"https:\/\/uebersetzungen-beglaubigte.de\/wp-content\/uploads\/2022\/02\/Sabine-Schneider-769x800.jpg 769w, https:\/\/uebersetzungen-beglaubigte.de\/wp-content\/uploads\/2022\/02\/Sabine-Schneider-385x400.jpg 385w, https:\/\/uebersetzungen-beglaubigte.de\/wp-content\/uploads\/2022\/02\/Sabine-Schneider-768x799.jpg 768w, https:\/\/uebersetzungen-beglaubigte.de\/wp-content\/uploads\/2022\/02\/Sabine-Schneider-1477x1536.jpg 1477w, https:\/\/uebersetzungen-beglaubigte.de\/wp-content\/uploads\/2022\/02\/Sabine-Schneider.jpg 1505w\" data-sizes=\"(max-width: 769px) 100vw, 769px\" src=\"data:image\/gif;base64,R0lGODlhAQABAAAAACH5BAEKAAEALAAAAAABAAEAAAICTAEAOw==\" style=\"--smush-placeholder-width: 769px; --smush-placeholder-aspect-ratio: 769\/800;\" \/>\t\t\t\t\t\t\n\t\t\t\t\t<\/div>\n\t\t\t\t\t\t\t\t\n<style>\n#image_403093320 {\n  width: 100%;\n}\n<\/style>\n\t<\/div>\n\t\n\n\n\t\t<div class=\"tabbed-content\">\n\t\t\t\n\t\t\t<ul class=\"nav nav-line nav-vertical nav-uppercase nav-size-large nav-left\" role=\"tablist\"><li id=\"tab-30-a\u00f1os-de-experiencia\" class=\"tab active has-icon\" role=\"presentation\"><a href=\"#tab_30-a\u00f1os-de-experiencia\" role=\"tab\" aria-selected=\"true\" aria-controls=\"tab_30-a\u00f1os-de-experiencia\"><span>30 a\u00f1os de experiencia<\/span><\/a><\/li>\n<li id=\"tab-estamos-a-su-disposici\u00f3n\" class=\"tab has-icon\" role=\"presentation\"><a href=\"#tab_estamos-a-su-disposici\u00f3n\" tabindex=\"-1\" role=\"tab\" aria-selected=\"false\" aria-controls=\"tab_estamos-a-su-disposici\u00f3n\"><span>Estamos a su disposici\u00f3n<\/span><\/a><\/li>\n<li id=\"tab-\u00bfqui\u00e9n-es-sabine-schneider?\" class=\"tab has-icon\" role=\"presentation\"><a href=\"#tab_\u00bfqui\u00e9n-es-sabine-schneider?\" tabindex=\"-1\" role=\"tab\" aria-selected=\"false\" aria-controls=\"tab_\u00bfqui\u00e9n-es-sabine-schneider?\"><span>\u00bfQui\u00e9n es Sabine Schneider?<\/span><\/a><\/li><\/ul><div class=\"tab-panels\"><div id=\"tab_30-a\u00f1os-de-experiencia\" class=\"panel active entry-content\" role=\"tabpanel\" aria-labelledby=\"tab-30-a\u00f1os-de-experiencia\">\n\n<h2>Empresa familiar con 30 a\u00f1os de experiencia<\/h2>\n<p>Schneiders-Sprach-Service fue fundada hace m\u00e1s de 30 a\u00f1os en Berl\u00edn como agencia de traducci\u00f3n gestionada por su due\u00f1a. Como Diplomada Superior de Estudios Latinoamericanos y traductora jurada de espa\u00f1ol y portugu\u00e9s, despu\u00e9s de la ca\u00edda del Muro de Berl\u00edn, decid\u00ed emprender. Desde entonces, trabajo en equipo, con una red de colegas para numerosos clientes en el pa\u00eds y en el extranjero.<\/p>\n<p>En la actualidad, Schneiders-Sprach-Service es una peque\u00f1a empresa familiar multinacional con sede en Berl\u00edn y Brandenburgo, que atiende personalmente a sus clientes con el mismo entusiasmo &nbsp; y compromiso como hace 30 a\u00f1os. Ponemos nuestros a\u00f1os de experiencia, al servicio de nuestros clientes y buscamos siempre la mejor manera de ayudarles, incluso en caso de tr\u00e1mites urgentes. Nos basamos en una relaci\u00f3n de confianza, que se caracteriza por la confiabilidad, la capacidad, el cumplimiento de los plazos y la confidencialidad. Brindamos servicios de traducci\u00f3n profesional, traducciones juradas, traducciones especializadas y servicios de interpretaci\u00f3n. Y tenemos experiencia en el trato con los organismos p\u00fablicos, las oficinas y las solicitudes de homologaci\u00f3n en nuestro pa\u00eds y en el extranjero.  Comun\u00edquese con nosotros. Nos encantar\u00eda poder ayudarle en su solicitud personal.<\/p>\n\n<\/div>\n<div id=\"tab_estamos-a-su-disposici\u00f3n\" class=\"panel entry-content\" role=\"tabpanel\" aria-labelledby=\"tab-estamos-a-su-disposici\u00f3n\">\n\n<h3>\u00a1Estamos a su disposici\u00f3n!<\/h3>\n<p>Si trabaja para una empresa, organismo, organizaci\u00f3n o asociaci\u00f3n, o si necesita traducciones profesionales para sus asuntos privados, p\u00f3ngase en contacto con nosotros. Schneiders-Sprach-Service puede proporcionarle cualquier tipo de servicio de traducci\u00f3n e interpretaci\u00f3n.<\/p>\n<p>Nuestra larga trayectoria de colaboraci\u00f3n tambi\u00e9n nos permite llevar a cabo amplios proyectos de traducci\u00f3n.&nbsp;&nbsp;<\/p>\n<p>Esperamos recibir su consulta, que puede enviarnos de forma sencilla por correo electr\u00f3nico. Una vez recibida su solicitud, recibir\u00e1 a la mayor brevedad, un presupuesto por escrito. Por supuesto, estamos a su disposici\u00f3n por tel\u00e9fono.<\/p>\n\n<\/div>\n<div id=\"tab_\u00bfqui\u00e9n-es-sabine-schneider?\" class=\"panel entry-content\" role=\"tabpanel\" aria-labelledby=\"tab-\u00bfqui\u00e9n-es-sabine-schneider?\">\n\n<h3>\u00bfQui\u00e9n es Sabine Schneider?<\/h3>\n<p>Como Diplomada Superior de Estudios Latinoamericanos y traductora jurada de espa\u00f1ol y portugu\u00e9s, despu\u00e9s de la ca\u00edda del Muro de Berl\u00edn, decid\u00ed emprender. Como ex ciudadana de la RDA, tuve que enfrentarme a grandes cambios sociales, sin precedentes. Las perspectivas profesionales se volvieron inciertas, fue necesario replantearse los planes de vida y las decisiones profesionales, y hubo que volver a considerar las oportunidades y los riesgos. &nbsp; Despu\u00e9s de la reunificaci\u00f3n, como madre soltera, fund\u00e9 Schneiders-Sprach-Service como agencia de traducci\u00f3n gestionada por por m\u00ed para realizar traducciones de todo tipo a m\u00e1s de 20 idiomas. Desde entonces, trabajo junto a un equipo altamente calificado &nbsp; para numerosos clientes, tanto en el pa\u00eds como en el extranjero. Los 20 idiomas ofrecidos se convirtieron en m\u00e1s de 50. Los temas son muy diversos y a lo largo de los a\u00f1os siempre ha sido apasionante e interesante para m\u00ed trabajar en nuevos temas, afrontar los nuevos desaf\u00edos y conocer a gente interesante.<\/p>\n<p>Desde entonces, Schneiders-Sprach-Service se ha convertido en una peque\u00f1a empresa familiar. Mi hijo, quien pr\u00e1cticamente creci\u00f3 con los idiomas extranjeros y le gusta tanto como a m\u00ed viajar a pa\u00edses lejanos, a culturas desconocidas y tener la satisfacci\u00f3n de poder desenvolverse libremente en una lengua extranjera, me apoya, asesora y representa de forma activa, desde hace a\u00f1os. Hoy en d\u00eda, Schneiders-Sprach-Service es una peque\u00f1a empresa familiar multinacional con una larga trayectoria que acompa\u00f1a a sus clientes en sus necesidades de idiomas, ya sea que se trate de empresas o de particulares, con el mismo entusiasmo y compromiso que hace 30 a\u00f1os.&nbsp;&nbsp;&nbsp;<\/p>\n\n<\/div><\/div><\/div>\n\n\t\t<\/div>\n\t\t\t\t\t<\/div>\n\n\t\n\n<\/div>\n\n\t\t<\/div>\n\n\t\t\n<style>\n#section_647197569 {\n  padding-top: 59px;\n  padding-bottom: 59px;\n  min-height: 300px;\n}\n<\/style>\n\t<\/section>\n\t\n","protected":false},"excerpt":{"rendered":"","protected":false},"author":2,"featured_media":0,"parent":0,"menu_order":0,"comment_status":"closed","ping_status":"closed","template":"","meta":{"_monsterinsights_skip_tracking":false,"_monsterinsights_sitenote_active":false,"_monsterinsights_sitenote_note":"","_monsterinsights_sitenote_category":0,"footnotes":""},"class_list":["post-4145","page","type-page","status-publish","hentry"],"_links":{"self":[{"href":"https:\/\/uebersetzungen-beglaubigte.de\/es\/wp-json\/wp\/v2\/pages\/4145","targetHints":{"allow":["GET"]}}],"collection":[{"href":"https:\/\/uebersetzungen-beglaubigte.de\/es\/wp-json\/wp\/v2\/pages"}],"about":[{"href":"https:\/\/uebersetzungen-beglaubigte.de\/es\/wp-json\/wp\/v2\/types\/page"}],"author":[{"embeddable":true,"href":"https:\/\/uebersetzungen-beglaubigte.de\/es\/wp-json\/wp\/v2\/users\/2"}],"replies":[{"embeddable":true,"href":"https:\/\/uebersetzungen-beglaubigte.de\/es\/wp-json\/wp\/v2\/comments?post=4145"}],"version-history":[{"count":0,"href":"https:\/\/uebersetzungen-beglaubigte.de\/es\/wp-json\/wp\/v2\/pages\/4145\/revisions"}],"wp:attachment":[{"href":"https:\/\/uebersetzungen-beglaubigte.de\/es\/wp-json\/wp\/v2\/media?parent=4145"}],"curies":[{"name":"wp","href":"https:\/\/api.w.org\/{rel}","templated":true}]}}