{"id":4147,"date":"2021-09-06T12:00:45","date_gmt":"2021-09-06T12:00:45","guid":{"rendered":"https:\/\/uebersetzungen-beglaubigte.de\/traducciones-de-certificados\/"},"modified":"2022-12-05T09:53:24","modified_gmt":"2022-12-05T09:53:24","slug":"traducciones-de-certificados","status":"publish","type":"page","link":"https:\/\/uebersetzungen-beglaubigte.de\/es\/traducciones-de-certificados\/","title":{"rendered":"Traducciones de certificados"},"content":{"rendered":"\n  <div id=\"page-header-2122048119\" class=\"page-header-wrapper\">\n  <div class=\"page-title light simple-title\">\n\n        <div class=\"page-title-bg\">\n      <div class=\"title-bg fill bg-fill\"\n        data-parallax-container=\".page-title\"\n        data-parallax-background\n        data-parallax=\"-\">\n      <\/div>\n      <div class=\"title-overlay fill\"><\/div>\n    <\/div>\n    \n    <div class=\"page-title-inner container align-top text-center flex-row-col medium-flex-wrap\" >\n            <div class=\"title-content flex-col\">\n        <div class=\"title-breadcrumbs pb-half pt-half\"><\/div>      <\/div>\n    <\/div>\n\n     \n<style>\n#page-header-2122048119 .page-title-inner {\n  min-height: 250px;\n}\n#page-header-2122048119 {\n  margin-bottom: 20px;\n}\n#page-header-2122048119 .title-bg {\n  background-image: url(https:\/\/uebersetzungen-beglaubigte.de\/wp-content\/uploads\/2021\/07\/zeugnis-uebersetzen.jpg);\n  background-position: 46% 69%;\n}\n#page-header-2122048119 .title-overlay {\n  background-color: rgba(17, 86, 152, 0.3);\n}\n@media (min-width:850px) {\n  #page-header-2122048119 .page-title-inner {\n    min-height: 360px;\n  }\n}\n<\/style>\n  <\/div>\n    <\/div>\n  \n\n\t<div id=\"gap-648413924\" class=\"gap-element clearfix\" style=\"display:block; height:auto;\">\n\t\t\n<style>\n#gap-648413924 {\n  padding-top: 60px;\n}\n<\/style>\n\t<\/div>\n\t\n\n<div class=\"row align-center\"  id=\"row-97983144\">\n\n\n\t<div id=\"col-776574563\" class=\"col medium-10 small-12 large-10\"  >\n\t\t\t\t<div class=\"col-inner text-center\"  >\n\t\t\t\n\t\t\t\n\n<h1>Traducci\u00f3n de certificados<\/h1>\n<div class=\"is-divider divider clearfix\" style=\"margin-top:2.0em;margin-bottom:2.0em;max-width:100%;height:1px;background-color:rgba(0, 0, 0, 0.3);\"><\/div>\n\n\t<div id=\"text-2020715358\" class=\"text\">\n\t\t\n\n<p>Necesita traducir un documento\/certificado del ingl\u00e9s, espa\u00f1ol, portugu\u00e9s u otro idioma al alem\u00e1n. O quiere una traducci\u00f3n jurada de su documento\/ certificado del alem\u00e1n al ingl\u00e9s, espa\u00f1ol, portugu\u00e9s u otro idioma. P\u00f3ngase en contacto con nosotros. Nos encantar\u00eda ayudarle con esta traducci\u00f3n jurada.<\/p>\n<p><br>Ya sea un certificado de nacimiento, un certificado geneal\u00f3gico, un certificado de matrimonio, un certificado de solter\u00eda, un certificado de domicilio, un certificado de divorcio, una sentencia de divorcio, un certificado de defunci\u00f3n, un testamento, un acta notarial, contratos, poderes, registros contables o certificados, como su t\u00edtulo universitario, su t\u00edtulo de licenciatura o de m\u00e1ster, su t\u00edtulo de formaci\u00f3n profesional o cualquier otro documento oficial, est\u00e1 en el lugar correcto. Nos encantar\u00eda poder realizar esta traducci\u00f3n jurada para usted. De modo que pueda recibirla de forma r\u00e1pida.<\/p>\n<p><br>Env\u00edenos el certificado que desea traducir en formato electr\u00f3nico como archivo PDF o Word, indicando la combinaci\u00f3n de idiomas que necesita y el plazo de entrega. Recibir\u00e1 por correo electr\u00f3nico nuestro presupuesto, teniendo en cuenta la fecha de entrega. Si est\u00e1 conforme con nuestra propuesta, le solicitamos confirmar el presupuesto por correo electr\u00f3nico, indicando su domicilio y n\u00famero de tel\u00e9fono para eventuales consultas. Luego le haremos llegar una factura por concepto de nuestros servicios de traducci\u00f3n. Una vez recibido el pago, le enviaremos los documentos en formato electr\u00f3nico archivo PDF y tambi\u00e9n por correo postal. <br>Tambi\u00e9n podemos convenir la entrega y el pago de la traducci\u00f3n en nuestra oficina. <\/p>\n\t\t\n<style>\n#text-2020715358 {\n  text-align: left;\n}\n@media (min-width:550px) {\n  #text-2020715358 {\n    text-align: center;\n  }\n}\n<\/style>\n\t<\/div>\n\t\n<div class=\"is-divider divider clearfix\" style=\"margin-top:2.0em;margin-bottom:2.0em;max-width:100%;height:1px;background-color:rgba(0, 0, 0, 0.3);\"><\/div>\n\n\n\t\t<\/div>\n\t\t\t\t\t<\/div>\n\n\t\n\n<\/div>\n<div class=\"row\"  id=\"row-1728960464\">\n\n\n\t<div id=\"col-1931870278\" class=\"col small-12 large-12\"  >\n\t\t\t\t<div class=\"col-inner\"  >\n\t\t\t\n\t\t\t\n\n<div class=\"row row-small align-center\"  id=\"row-1933505486\">\n\n\n\t<div id=\"col-1488175414\" class=\"col small-12 large-12\"  >\n\t\t\t\t<div class=\"col-inner text-center\"  >\n\t\t\t\n\t\t\t\n\n<h2>\u00bfNecesita una traducci\u00f3n?<\/h2>\n\t<div id=\"gap-2031581121\" class=\"gap-element clearfix\" style=\"display:block; height:auto;\">\n\t\t\n<style>\n#gap-2031581121 {\n  padding-top: 20px;\n}\n<\/style>\n\t<\/div>\n\t\n\n\n\t\t<\/div>\n\t\t\t\t\t<\/div>\n\n\t\n\n\t<div id=\"col-1346784427\" class=\"col medium-11 small-12 large-12\"  >\n\t\t\t\t<div class=\"col-inner text-center dark\"  >\n\t\t\t\n\t\t\t\n\n<a href=\"https:\/\/uebersetzungen-beglaubigte.de\/es\/traducciones-de-certificados\/traduccion-de-certificado-de-descendencia\/\" class=\"button primary is-large box-shadow-1 box-shadow-1-hover reveal-icon\"  style=\"border-radius:99px;\">\n\t\t<span>Certificado de descendencia<\/span>\n\t<i class=\"icon-angle-right\" aria-hidden=\"true\" ><\/i><\/a>\n\n\n<a href=\"https:\/\/uebersetzungen-beglaubigte.de\/es\/traducciones-de-certificados\/traducciones-de-partidas-de-nacimiento\/\" class=\"button primary is-large box-shadow-1 box-shadow-1-hover reveal-icon\"  style=\"border-radius:99px;\">\n\t\t<span>Partida de nacimiento<\/span>\n\t<i class=\"icon-angle-right\" aria-hidden=\"true\" ><\/i><\/a>\n\n\n<a href=\"https:\/\/uebersetzungen-beglaubigte.de\/es\/traducciones-de-certificados\/traducciones-de-certificados-de-matrimonio\/\" class=\"button primary is-large box-shadow-1 box-shadow-1-hover reveal-icon\"  style=\"border-radius:99px;\">\n\t\t<span>Acta de matrimonio<\/span>\n\t<i class=\"icon-angle-right\" aria-hidden=\"true\" ><\/i><\/a>\n\n\n<a href=\"https:\/\/uebersetzungen-beglaubigte.de\/es\/traducciones-de-certificados\/traducciones-de-certificados-de-solteria\/\" class=\"button primary is-large box-shadow-1 box-shadow-1-hover reveal-icon\"  style=\"border-radius:99px;\">\n\t\t<span>Certificado de solter\u00eda<\/span>\n\t<i class=\"icon-angle-right\" aria-hidden=\"true\" ><\/i><\/a>\n\n\n<a href=\"https:\/\/uebersetzungen-beglaubigte.de\/es\/traducciones-de-certificados\/traducciones-de-actas-notariales\/\" class=\"button primary is-large box-shadow-1 box-shadow-1-hover reveal-icon\"  style=\"border-radius:99px;\">\n\t\t<span>Documento notarial<\/span>\n\t<i class=\"icon-angle-right\" aria-hidden=\"true\" ><\/i><\/a>\n\n\n<a href=\"https:\/\/uebersetzungen-beglaubigte.de\/es\/traducciones-de-certificados\/traducciones-de-certificados-de-divorcio\/\" class=\"button primary is-large box-shadow-1 box-shadow-1-hover reveal-icon\"  style=\"border-radius:99px;\">\n\t\t<span>Certificado de divorcio<\/span>\n\t<i class=\"icon-angle-right\" aria-hidden=\"true\" ><\/i><\/a>\n\n\n<a href=\"https:\/\/uebersetzungen-beglaubigte.de\/es\/traducciones-de-certificados\/traducciones-de-sentencias-de-divorcio\/\" class=\"button primary is-large box-shadow-1 box-shadow-1-hover reveal-icon\"  style=\"border-radius:99px;\">\n\t\t<span>Sentencia de divorcio<\/span>\n\t<i class=\"icon-angle-right\" aria-hidden=\"true\" ><\/i><\/a>\n\n\n<a href=\"https:\/\/uebersetzungen-beglaubigte.de\/es\/traducciones-de-certificados\/traducciones-de-certificados-de-defuncion\/\" class=\"button primary is-large box-shadow-1 box-shadow-1-hover reveal-icon\"  style=\"border-radius:99px;\">\n\t\t<span>Certificado de defunci\u00f3n<\/span>\n\t<i class=\"icon-angle-right\" aria-hidden=\"true\" ><\/i><\/a>\n\n\n<a href=\"https:\/\/uebersetzungen-beglaubigte.de\/es\/traducciones-de-certificados\/traducciones-de-testamentos\/\" class=\"button primary is-large box-shadow-1 box-shadow-1-hover reveal-icon\"  style=\"border-radius:99px;\">\n\t\t<span>Testamento<\/span>\n\t<i class=\"icon-angle-right\" aria-hidden=\"true\" ><\/i><\/a>\n\n\n\n\t\t<\/div>\n\t\t\t\t\t<\/div>\n\n\t\n\n<\/div>\n\n\t\t<\/div>\n\t\t\t\t\t<\/div>\n\n\t\n\n<\/div>\n\t<div id=\"gap-313382687\" class=\"gap-element clearfix\" style=\"display:block; height:auto;\">\n\t\t\n<style>\n#gap-313382687 {\n  padding-top: 60px;\n}\n<\/style>\n\t<\/div>\n\t\n\n\n","protected":false},"excerpt":{"rendered":"","protected":false},"author":2,"featured_media":0,"parent":0,"menu_order":0,"comment_status":"closed","ping_status":"closed","template":"","meta":{"_monsterinsights_skip_tracking":false,"_monsterinsights_sitenote_active":false,"_monsterinsights_sitenote_note":"","_monsterinsights_sitenote_category":0,"footnotes":""},"class_list":["post-4147","page","type-page","status-publish","hentry"],"_links":{"self":[{"href":"https:\/\/uebersetzungen-beglaubigte.de\/es\/wp-json\/wp\/v2\/pages\/4147","targetHints":{"allow":["GET"]}}],"collection":[{"href":"https:\/\/uebersetzungen-beglaubigte.de\/es\/wp-json\/wp\/v2\/pages"}],"about":[{"href":"https:\/\/uebersetzungen-beglaubigte.de\/es\/wp-json\/wp\/v2\/types\/page"}],"author":[{"embeddable":true,"href":"https:\/\/uebersetzungen-beglaubigte.de\/es\/wp-json\/wp\/v2\/users\/2"}],"replies":[{"embeddable":true,"href":"https:\/\/uebersetzungen-beglaubigte.de\/es\/wp-json\/wp\/v2\/comments?post=4147"}],"version-history":[{"count":0,"href":"https:\/\/uebersetzungen-beglaubigte.de\/es\/wp-json\/wp\/v2\/pages\/4147\/revisions"}],"wp:attachment":[{"href":"https:\/\/uebersetzungen-beglaubigte.de\/es\/wp-json\/wp\/v2\/media?parent=4147"}],"curies":[{"name":"wp","href":"https:\/\/api.w.org\/{rel}","templated":true}]}}