{"id":4197,"date":"2021-07-27T12:58:00","date_gmt":"2021-07-27T12:58:00","guid":{"rendered":"https:\/\/uebersetzungen-beglaubigte.de\/traducciones-de-documentos\/"},"modified":"2022-12-08T07:49:54","modified_gmt":"2022-12-08T07:49:54","slug":"traducciones-de-documentos","status":"publish","type":"page","link":"https:\/\/uebersetzungen-beglaubigte.de\/es\/traducciones-de-documentos\/","title":{"rendered":"Traducciones de documentos"},"content":{"rendered":"\n  <div id=\"page-header-341876178\" class=\"page-header-wrapper\">\n  <div class=\"page-title light simple-title\">\n\n        <div class=\"page-title-bg\">\n      <div class=\"title-bg fill bg-fill\"\n        data-parallax-container=\".page-title\"\n        data-parallax-background\n        data-parallax=\"-\">\n      <\/div>\n      <div class=\"title-overlay fill\"><\/div>\n    <\/div>\n    \n    <div class=\"page-title-inner container align-top text-center flex-row-col medium-flex-wrap\" >\n            <div class=\"title-content flex-col\">\n        <div class=\"title-breadcrumbs pb-half pt-half\"><\/div>      <\/div>\n    <\/div>\n\n     \n<style>\n#page-header-341876178 .page-title-inner {\n  min-height: 250px;\n}\n#page-header-341876178 {\n  margin-bottom: 20px;\n}\n#page-header-341876178 .title-bg {\n  background-image: url(https:\/\/uebersetzungen-beglaubigte.de\/wp-content\/uploads\/2022\/02\/Document-translation-1.jpg);\n  background-position: 45% 100%;\n}\n#page-header-341876178 .title-overlay {\n  background-color: rgba(17, 86, 152, 0.3);\n}\n@media (min-width:550px) {\n  #page-header-341876178 .page-title-inner {\n    min-height: 250px;\n  }\n}\n@media (min-width:850px) {\n  #page-header-341876178 .page-title-inner {\n    min-height: 360px;\n  }\n}\n<\/style>\n  <\/div>\n    <\/div>\n  \n\n\t<div id=\"gap-1338438918\" class=\"gap-element clearfix\" style=\"display:block; height:auto;\">\n\t\t\n<style>\n#gap-1338438918 {\n  padding-top: 60px;\n}\n<\/style>\n\t<\/div>\n\t\n\n<div class=\"row align-center\"  id=\"row-769196252\">\n\n\n\t<div id=\"col-4653321\" class=\"col medium-10 small-12 large-10\"  >\n\t\t\t\t<div class=\"col-inner text-center\"  >\n\t\t\t\n\t\t\t\n\n<h1>Traducir los documentos<\/h1>\n<div class=\"is-divider divider clearfix\" style=\"margin-top:2.0em;margin-bottom:2.0em;max-width:100%;height:1px;background-color:rgba(0, 0, 0, 0.3);\"><\/div>\n\n\t<div id=\"text-3550954595\" class=\"text\">\n\t\t\n\n<p>Quiere traducir un documento del ingl\u00e9s, espa\u00f1ol o portugu\u00e9s o de otro idioma al alem\u00e1n. O desea traducir su documento del alem\u00e1n al ingl\u00e9s, al espa\u00f1ol o al portugu\u00e9s, o a otro idioma. Independientemente de si necesita una traducci\u00f3n jurada o no, si se trata de documentos del sector empresarial, como contratos de todo tipo, extractos del registro mercantil, correspondencia de la empresa, declaraciones de protecci\u00f3n de datos, c\u00f3digos de conducta, o documentos privados, como partidas de nacimiento, certificados de matrimonio, certificados de matrimonio, certificados de trabajo, referencias, certificados, certificados universitarios, t\u00edtulos universitarios, documentos para el reconocimiento de cualificaciones profesionales en Alemania, certificados de buena conducta, permisos de conducir, actas notariales, certificados de herencia, testamentos, certificados de defunci\u00f3n o poderes notariales, ha llegado al lugar adecuado para sus necesidades de traducci\u00f3n.<\/p>\n<p><!--more--><\/p>\n<p>Env\u00edenos el documento que desea traducir en formato electr\u00f3nico como archivo PDF o Word e indique la combinaci\u00f3n de idiomas deseada, as\u00ed como el plazo de entrega que desea. Tambi\u00e9n recibir\u00e1 por correo electr\u00f3nico una oferta de costes, teniendo en cuenta el plazo que desee.<\/p>\n<p>Si est\u00e1 de acuerdo con nuestra propuesta, confirme nuestra oferta por escrito por correo electr\u00f3nico, indicando su direcci\u00f3n exacta y un n\u00famero de tel\u00e9fono para cualquier consulta. A continuaci\u00f3n, recibir\u00e1 una factura por este servicio de traducci\u00f3n. Una vez recibido el pago, le enviaremos los documentos tanto por v\u00eda electr\u00f3nica, en forma de archivo PDF, como por correo postal. Tambi\u00e9n puede recoger y pagar la traducci\u00f3n en nuestra oficina, previo acuerdo.<\/p>\n<p>Tenga en cuenta que si utiliza la traducci\u00f3n jurada en el extranjero, puede necesitar una apostilla, una sobrecertificaci\u00f3n o una legalizaci\u00f3n. No dude en ponerse en contacto con nosotros para obtener m\u00e1s informaci\u00f3n.<\/p>\n<p>&nbsp;<\/p>\n\t\t\n<style>\n#text-3550954595 {\n  text-align: left;\n}\n@media (min-width:550px) {\n  #text-3550954595 {\n    text-align: center;\n  }\n}\n<\/style>\n\t<\/div>\n\t\n<div class=\"is-divider divider clearfix\" style=\"margin-top:2.0em;margin-bottom:2.0em;max-width:100%;height:1px;background-color:rgba(0, 0, 0, 0.3);\"><\/div>\n\n\n\t\t<\/div>\n\t\t\t\t\t<\/div>\n\n\t\n\n<\/div>\n<div class=\"row\"  id=\"row-964180831\">\n\n\n\t<div id=\"col-1543273748\" class=\"col small-12 large-12\"  >\n\t\t\t\t<div class=\"col-inner\"  >\n\t\t\t\n\t\t\t\n\n<div class=\"row row-small align-center\"  id=\"row-425696578\">\n\n\n\t<div id=\"col-1961349324\" class=\"col small-12 large-12\"  >\n\t\t\t\t<div class=\"col-inner text-center\"  >\n\t\t\t\n\t\t\t\n\n<h2>\u00bfQu\u00e9 documentos desea traducir?<\/h2>\n\n\t<div id=\"gap-1200261279\" class=\"gap-element clearfix\" style=\"display:block; height:auto;\">\n\t\t\n<style>\n#gap-1200261279 {\n  padding-top: 20px;\n}\n<\/style>\n\t<\/div>\n\t\n\n\n\t\t<\/div>\n\t\t\t\t\t<\/div>\n\n\t\n\n\t<div id=\"col-427924107\" class=\"col medium-11 small-12 large-12\"  >\n\t\t\t\t<div class=\"col-inner text-center dark\"  >\n\t\t\t\n\t\t\t\n\n<a href=\"\/dokumente-uebersetzen\/akte-uebersetzen-lassen\/\" class=\"button primary is-large box-shadow-1 box-shadow-1-hover reveal-icon\"  style=\"border-radius:99px;\">\n\t\t<span>Actas<\/span>\n\t<i class=\"icon-angle-right\" aria-hidden=\"true\" ><\/i><\/a>\n\n\n<a href=\"\/dokumente-uebersetzen-lassen\/anzeige-uebersetzen-lassen\/\" class=\"button primary is-large box-shadow-1 box-shadow-1-hover reveal-icon\"  style=\"border-radius:99px;\">\n\t\t<span>Avisos<\/span>\n\t<i class=\"icon-angle-right\" aria-hidden=\"true\" ><\/i><\/a>\n\n\n<a href=\"\/dokumente-uebersetzen\/apostille-uebersetzen\/\" class=\"button primary is-large box-shadow-1 box-shadow-1-hover reveal-icon\"  style=\"border-radius:99px;\">\n\t\t<span>Apostillas<\/span>\n\t<i class=\"icon-angle-right\" aria-hidden=\"true\" ><\/i><\/a>\n\n\n<a href=\"\/dokumente-uebersetzen-lassen\/arbeitsbescheinigung-uebersetzen-lassen\/\" class=\"button primary is-large box-shadow-1 box-shadow-1-hover reveal-icon\"  style=\"border-radius:99px;\">\n\t\t<span>Certificados de trabajo<\/span>\n\t<i class=\"icon-angle-right\" aria-hidden=\"true\" ><\/i><\/a>\n\n\n<a href=\"\/dokumente-uebersetzen-lassen\/arbeitsreferenz-uebersetzen-lassen\/\" class=\"button primary is-large box-shadow-1 box-shadow-1-hover reveal-icon\"  style=\"border-radius:99px;\">\n\t\t<span>Referencias de trabajo<\/span>\n\t<i class=\"icon-angle-right\" aria-hidden=\"true\" ><\/i><\/a>\n\n\n<a href=\"\/dokumente-uebersetzen-lassen\/einbuergerungszusicherung-uebersetzen-lassen\/\" class=\"button primary is-large box-shadow-1 box-shadow-1-hover reveal-icon\"  style=\"border-radius:99px;\">\n\t\t<span>Certificados de naturalizaci\u00f3n<\/span>\n\t<i class=\"icon-angle-right\" aria-hidden=\"true\" ><\/i><\/a>\n\n\n<a href=\"\/dokumente-uebersetzen-lassen\/erbschein-uebersetzen-lassen\/\" class=\"button primary is-large box-shadow-1 box-shadow-1-hover reveal-icon\"  style=\"border-radius:99px;\">\n\t\t<span>Certificados de herencia<\/span>\n\t<i class=\"icon-angle-right\" aria-hidden=\"true\" ><\/i><\/a>\n\n\n<a href=\"\/dokumente-uebersetzen-lassen\/fuehrerschein-uebersetzen-lassen\/\" class=\"button primary is-large box-shadow-1 box-shadow-1-hover reveal-icon\"  style=\"border-radius:99px;\">\n\t\t<span>Licencias de conducir<\/span>\n\t<i class=\"icon-angle-right\" aria-hidden=\"true\" ><\/i><\/a>\n\n\n<a href=\"\/dokumente-uebersetzen\/handelsregisterauszug-uebersetzen-lassen\/\" class=\"button primary is-large box-shadow-1 box-shadow-1-hover reveal-icon\"  style=\"border-radius:99px;\">\n\t\t<span>Documentos del Registro Mercantil<\/span>\n\t<i class=\"icon-angle-right\" aria-hidden=\"true\" ><\/i><\/a>\n\n\n<a href=\"\/dokumente-uebersetzen\/personalausweis-uebersetzen-lassen\/\" class=\"button primary is-large box-shadow-1 box-shadow-1-hover reveal-icon\"  style=\"border-radius:99px;\">\n\t\t<span>Documentos de identidad<\/span>\n\t<i class=\"icon-angle-right\" aria-hidden=\"true\" ><\/i><\/a>\n\n\n<a href=\"\/dokumente-uebersetzen-lassen\/reisepass-uebersetzen-lassen\/\" class=\"button primary is-large box-shadow-1 box-shadow-1-hover reveal-icon\"  style=\"border-radius:99px;\">\n\t\t<span>Pasaportes<\/span>\n\t<i class=\"icon-angle-right\" aria-hidden=\"true\" ><\/i><\/a>\n\n\n<a href=\"\/dokumente-uebersetzen-lassen\/studienbescheinigung-uebersetzen-lassen\/\" class=\"button primary is-large box-shadow-1 box-shadow-1-hover reveal-icon\"  style=\"border-radius:99px;\">\n\t\t<span>Certificados de estudios<\/span>\n\t<i class=\"icon-angle-right\" aria-hidden=\"true\" ><\/i><\/a>\n\n\n<a href=\"\/unterlagen-fuer-die-berufsanerkennung-in-deutschland-uebersetzen-lassen\/\" class=\"button primary is-large box-shadow-1 box-shadow-1-hover reveal-icon\"  style=\"border-radius:99px;\">\n\t\t<span>Documentos para el reconocimiento profesional en Alemania<\/span>\n\t<i class=\"icon-angle-right\" aria-hidden=\"true\" ><\/i><\/a>\n\n\n<a href=\"\/dokumente-uebersetzen\/unterlagen-fuer-fachkraefteeinwanderung-uebersetzen-lassen\/\" class=\"button primary is-large box-shadow-1 box-shadow-1-hover reveal-icon\"  style=\"border-radius:99px;\">\n\t\t<span>Documentos para la inmigraci\u00f3n de trabajadores cualificados<\/span>\n\t<i class=\"icon-angle-right\" aria-hidden=\"true\" ><\/i><\/a>\n\n\n<a href=\"\/dokumente-uebersetzen-lassen\/vollmacht-uebersetzen-lassen\/\" class=\"button primary is-large box-shadow-1 box-shadow-1-hover reveal-icon\"  style=\"border-radius:99px;\">\n\t\t<span>Poderes notariales<\/span>\n\t<i class=\"icon-angle-right\" aria-hidden=\"true\" ><\/i><\/a>\n\n\n\n\t\t<\/div>\n\t\t\t\t\t<\/div>\n\n\t\n\n<\/div>\n\n\t\t<\/div>\n\t\t\t\t\t<\/div>\n\n\t\n\n<\/div>\n\t<div id=\"gap-700482429\" class=\"gap-element clearfix\" style=\"display:block; height:auto;\">\n\t\t\n<style>\n#gap-700482429 {\n  padding-top: 60px;\n}\n<\/style>\n\t<\/div>\n\t\n","protected":false},"excerpt":{"rendered":"","protected":false},"author":4,"featured_media":0,"parent":0,"menu_order":0,"comment_status":"closed","ping_status":"closed","template":"","meta":{"_monsterinsights_skip_tracking":false,"_monsterinsights_sitenote_active":false,"_monsterinsights_sitenote_note":"","_monsterinsights_sitenote_category":0,"footnotes":""},"class_list":["post-4197","page","type-page","status-publish","hentry"],"_links":{"self":[{"href":"https:\/\/uebersetzungen-beglaubigte.de\/es\/wp-json\/wp\/v2\/pages\/4197","targetHints":{"allow":["GET"]}}],"collection":[{"href":"https:\/\/uebersetzungen-beglaubigte.de\/es\/wp-json\/wp\/v2\/pages"}],"about":[{"href":"https:\/\/uebersetzungen-beglaubigte.de\/es\/wp-json\/wp\/v2\/types\/page"}],"author":[{"embeddable":true,"href":"https:\/\/uebersetzungen-beglaubigte.de\/es\/wp-json\/wp\/v2\/users\/4"}],"replies":[{"embeddable":true,"href":"https:\/\/uebersetzungen-beglaubigte.de\/es\/wp-json\/wp\/v2\/comments?post=4197"}],"version-history":[{"count":0,"href":"https:\/\/uebersetzungen-beglaubigte.de\/es\/wp-json\/wp\/v2\/pages\/4197\/revisions"}],"wp:attachment":[{"href":"https:\/\/uebersetzungen-beglaubigte.de\/es\/wp-json\/wp\/v2\/media?parent=4197"}],"curies":[{"name":"wp","href":"https:\/\/api.w.org\/{rel}","templated":true}]}}