{"id":4199,"date":"2021-07-28T08:46:39","date_gmt":"2021-07-28T08:46:39","guid":{"rendered":"https:\/\/uebersetzungen-beglaubigte.de\/solicitud-de-traduccion\/"},"modified":"2022-12-02T04:27:14","modified_gmt":"2022-12-02T04:27:14","slug":"solicitud-de-traduccion","status":"publish","type":"page","link":"https:\/\/uebersetzungen-beglaubigte.de\/es\/solicitud-de-traduccion\/","title":{"rendered":"Solicitud de traducci\u00f3n"},"content":{"rendered":"\n\n\t<section class=\"section\" id=\"section_250833490\">\n\t\t<div class=\"section-bg fill\" >\n\t\t\t<img decoding=\"async\" width=\"2240\" height=\"1036\" data-src=\"https:\/\/uebersetzungen-beglaubigte.de\/wp-content\/uploads\/2022\/02\/Form-Background.jpg\" class=\"bg attachment-original size-original lazyload\" alt=\"Angebot anfordern\" src=\"data:image\/gif;base64,R0lGODlhAQABAAAAACH5BAEKAAEALAAAAAABAAEAAAICTAEAOw==\" style=\"--smush-placeholder-width: 2240px; --smush-placeholder-aspect-ratio: 2240\/1036;\" \/>\t\t\t\t\t\t\n\t\t\t\n\n\t\t<\/div>\n\n\t\t\n\n\t\t<div class=\"section-content relative\">\n\t\t\t\n\n\t<div id=\"gap-785533309\" class=\"gap-element clearfix\" style=\"display:block; height:auto;\">\n\t\t\n<style>\n#gap-785533309 {\n  padding-top: 30px;\n}\n<\/style>\n\t<\/div>\n\t\n\n<div class=\"row align-center\"  id=\"row-480162497\">\n\n\n\t<div id=\"col-1513453117\" class=\"col medium-8 small-12 large-10\"  >\n\t\t\t\t<div class=\"col-inner text-left\" style=\"background-color:rgba(255, 255, 255, 0.95);\" >\n\t\t\t\n\t\t\t\n\n<h1>Solicitar presupuesto<\/h1>\n\t<div id=\"gap-954525340\" class=\"gap-element clearfix\" style=\"display:block; height:auto;\">\n\t\t\n<style>\n#gap-954525340 {\n  padding-top: 10px;\n}\n<\/style>\n\t<\/div>\n\t\n\n<div class=\"forminator-ui forminator-custom-form forminator-custom-form-4675 forminator-design--flat forminator-enclosed forminator_ajax\" data-forminator-render=\"0\" data-form=\"forminator-module-4675\" data-uid=\"69de09c56e2f8\"><br\/><\/div><form\r\n\t\t\t\tid=\"forminator-module-4675\"\r\n\t\t\t\tclass=\"forminator-ui forminator-custom-form forminator-custom-form-4675 forminator-design--flat forminator-enclosed forminator_ajax\"\r\n\t\t\t\tmethod=\"post\"\r\n\t\t\t\tdata-forminator-render=\"0\"\r\n\t\t\t\tdata-form-id=\"4675\"\r\n\t\t\t\tenctype=\"multipart\/form-data\" data-color-option=\"default\" data-design=\"flat\" data-grid=\"enclosed\" style=\"display: none;\"\r\n\t\t\t\tdata-uid=\"69de09c56e2f8\"\r\n\t\t\t><div role=\"alert\" aria-live=\"polite\" class=\"forminator-response-message forminator-error\" aria-hidden=\"true\"><\/div><div role=\"tablist\" class=\"forminator-pagination-steps\" aria-label=\"Pagination\"><\/div><div\r\n\t\t\t\ttabindex=\"-1\"\r\n\t\t\t\trole=\"tabpanel\"\r\n\t\t\t\tid=\"forminator-custom-form-4675--page-0\"\r\n\t\t\t\tclass=\"forminator-pagination forminator-pagination-start\"\r\n\t\t\t\taria-labelledby=\"forminator-custom-form-4675--page-0-label\"\r\n\t\t\t\tdata-step=\"0\"\r\n\t\t\t\tdata-label=\"Listo!\"\r\n\t\t\t\tdata-actual-label=\"Sus Datos\"\r\n\t\t\t\tdata-name=\"page-break-1\"\r\n\t\t\t><div class=\"forminator-pagination--content\"><div class=\"forminator-row\"><div id=\"section-1\" class=\"forminator-field-section forminator-col forminator-col-12 \"><div class=\"forminator-field\"><h2 class=\"forminator-title\">Sus datos<\/h2><hr class=\"forminator-border\" style=\"border: 1px solid 1;\" \/><\/div><\/div><\/div><div class=\"forminator-row\"><div id=\"name-3\" class=\"forminator-field-name forminator-col forminator-col-12 \"><div class=\"forminator-field\"><label for=\"forminator-field-name-3_69de09c56e2f8\" id=\"forminator-field-name-3_69de09c56e2f8-label\" class=\"forminator-label\">Empresa<\/label><input type=\"text\" name=\"name-3\" value=\"\" placeholder=\"\" id=\"forminator-field-name-3_69de09c56e2f8\" class=\"forminator-input forminator-name--field\" aria-required=\"false\" autocomplete=\"name\" \/><\/div><\/div><\/div><div class=\"forminator-row\"><div id=\"name-4\" class=\"forminator-field-name forminator-col forminator-col-12 \"><div class=\"forminator-field\"><label for=\"forminator-field-name-4_69de09c56e2f8\" id=\"forminator-field-name-4_69de09c56e2f8-label\" class=\"forminator-label\">Nombre <span class=\"forminator-required\">*<\/span><\/label><input type=\"text\" name=\"name-4\" value=\"\" placeholder=\"\" id=\"forminator-field-name-4_69de09c56e2f8\" class=\"forminator-input forminator-name--field\" aria-required=\"true\" autocomplete=\"name\" \/><\/div><\/div><\/div><div class=\"forminator-row\"><div id=\"name-2\" class=\"forminator-field-name forminator-col forminator-col-12 \"><div class=\"forminator-field\"><label for=\"forminator-field-name-2_69de09c56e2f8\" id=\"forminator-field-name-2_69de09c56e2f8-label\" class=\"forminator-label\">Apellidos <span class=\"forminator-required\">*<\/span><\/label><input type=\"text\" name=\"name-2\" value=\"\" placeholder=\"\" id=\"forminator-field-name-2_69de09c56e2f8\" class=\"forminator-input forminator-name--field\" aria-required=\"true\" autocomplete=\"name\" \/><\/div><\/div><\/div><div class=\"forminator-row\"><div id=\"phone-1\" class=\"forminator-field-phone forminator-col forminator-col-12 \"><div class=\"forminator-field\"><label for=\"forminator-field-phone-1_69de09c56e2f8\" id=\"forminator-field-phone-1_69de09c56e2f8-label\" class=\"forminator-label\">N\u00famero de tel\u00e9fono<\/label><input type=\"text\" name=\"phone-1\" value=\"\" placeholder=\"\" id=\"forminator-field-phone-1_69de09c56e2f8\" class=\"forminator-input forminator-field--phone\" data-required=\"\" aria-required=\"false\" autocomplete=\"off\" \/><\/div><\/div><\/div><div class=\"forminator-row\"><div id=\"email-1\" class=\"forminator-field-email forminator-col forminator-col-12 \"><div class=\"forminator-field\"><label for=\"forminator-field-email-1_69de09c56e2f8\" id=\"forminator-field-email-1_69de09c56e2f8-label\" class=\"forminator-label\">Correo electr\u00f3nico <span class=\"forminator-required\">*<\/span><\/label><input type=\"email\" name=\"email-1\" value=\"\" placeholder=\"\" id=\"forminator-field-email-1_69de09c56e2f8\" class=\"forminator-input forminator-email--field\" data-required=\"1\" aria-required=\"true\" autocomplete=\"email\" \/><\/div><\/div><\/div><\/div><\/div><div\r\n\t\t\t\ttabindex=\"-1\"\r\n\t\t\t\trole=\"tabpanel\"\r\n\t\t\t\tid=\"forminator-custom-form-4675--page-1\"\r\n\t\t\t\tclass=\"forminator-pagination\"\r\n\t\t\t\taria-labelledby=\"forminator-custom-form-4675--page-1-label\"\r\n\t\t\t\taria-hidden=\"true\"\r\n\t\t\t\tdata-step=\"1\"\r\n\t\t\t\tdata-label=\"Sus Datos\"\r\n\t\t\t\tdata-actual-label=\"Detalles\"\r\n\t\t\t\tdata-name=\"page-break-2\"\r\n\t\t\t\thidden\r\n\t\t\t><div class=\"forminator-pagination--content\"><div class=\"forminator-row\"><div id=\"section-2\" class=\"forminator-field-section forminator-col forminator-col-12 \"><div class=\"forminator-field\"><h2 class=\"forminator-title\">Traducci\u00f3n<\/h2><\/div><\/div><\/div><div class=\"forminator-row\"><div id=\"select-1\" class=\"forminator-field-select forminator-col forminator-col-12 \"><div class=\"forminator-field\"><label for=\"forminator-form-4675__field--select-1_69de09c56e2f8\" id=\"forminator-form-4675__field--select-1_69de09c56e2f8-label\" class=\"forminator-label\">Traducci\u00f3n del: <span class=\"forminator-required\">*<\/span><\/label><select  id=\"forminator-form-4675__field--select-1_69de09c56e2f8\" class=\"forminator-select--field forminator-select2 forminator-select2-multiple\" data-required=\"1\" name=\"select-1\" data-default-value=\"\" data-placeholder=\"-Seleccione por favor-\" data-search=\"false\" data-search-placeholder=\"-Seleccione por favor-\" data-checkbox=\"false\" data-allow-clear=\"false\" aria-labelledby=\"forminator-form-4675__field--select-1_69de09c56e2f8-label\"><option value=\"\"  >-Seleccione por favor-<\/option><option value=\"deutsch\"  data-calculation=\"0\">alem\u00e1n<\/option><option value=\"englisch\"  data-calculation=\"0\">ingl\u00e9s<\/option><option value=\"spanisch\"  data-calculation=\"0\">espa\u00f1ol<\/option><option value=\"portugiesisch\"  data-calculation=\"0\">portugu\u00e9s<\/option><\/select><\/div><\/div><\/div><div class=\"forminator-row\"><div id=\"checkbox-1\" class=\"forminator-field-checkbox forminator-col forminator-col-12 \"><div role=\"group\" class=\"forminator-field required\" aria-labelledby=\"forminator-checkbox-group-forminator-field-checkbox-1-69de09c56e2f8-label\"><span id=\"forminator-checkbox-group-forminator-field-checkbox-1-69de09c56e2f8-label\" class=\"forminator-label\">Traducci\u00f3n al: <span class=\"forminator-required\">*<\/span><\/span><label id=\"forminator-field-checkbox-1-1-69de09c56e2f8-label\" for=\"forminator-field-checkbox-1-1-69de09c56e2f8\" class=\"forminator-checkbox forminator-checkbox-inline\" title=\"alem\u00e1n\"><input type=\"checkbox\" name=\"checkbox-1[]\" value=\"deutsch\" id=\"forminator-field-checkbox-1-1-69de09c56e2f8\" aria-labelledby=\"forminator-field-checkbox-1-1-69de09c56e2f8-label\" data-calculation=\"0\"  \/><span class=\"forminator-checkbox-box\" aria-hidden=\"true\"><\/span><span class=\"forminator-checkbox-label\">alem\u00e1n<\/span><\/label><label id=\"forminator-field-checkbox-1-2-69de09c56e2f8-label\" for=\"forminator-field-checkbox-1-2-69de09c56e2f8\" class=\"forminator-checkbox forminator-checkbox-inline\" title=\"ingl\u00e9s\"><input type=\"checkbox\" name=\"checkbox-1[]\" value=\"englisch\" id=\"forminator-field-checkbox-1-2-69de09c56e2f8\" aria-labelledby=\"forminator-field-checkbox-1-2-69de09c56e2f8-label\" data-calculation=\"0\"  \/><span class=\"forminator-checkbox-box\" aria-hidden=\"true\"><\/span><span class=\"forminator-checkbox-label\">ingl\u00e9s<\/span><\/label><label id=\"forminator-field-checkbox-1-3-69de09c56e2f8-label\" for=\"forminator-field-checkbox-1-3-69de09c56e2f8\" class=\"forminator-checkbox forminator-checkbox-inline\" title=\"espa\u00f1ol\"><input type=\"checkbox\" name=\"checkbox-1[]\" value=\"spanisch\" id=\"forminator-field-checkbox-1-3-69de09c56e2f8\" aria-labelledby=\"forminator-field-checkbox-1-3-69de09c56e2f8-label\" data-calculation=\"0\"  \/><span class=\"forminator-checkbox-box\" aria-hidden=\"true\"><\/span><span class=\"forminator-checkbox-label\">espa\u00f1ol<\/span><\/label><label id=\"forminator-field-checkbox-1-4-69de09c56e2f8-label\" for=\"forminator-field-checkbox-1-4-69de09c56e2f8\" class=\"forminator-checkbox forminator-checkbox-inline\" title=\"portugu\u00e9s\"><input type=\"checkbox\" name=\"checkbox-1[]\" value=\"portugiesisch\" id=\"forminator-field-checkbox-1-4-69de09c56e2f8\" aria-labelledby=\"forminator-field-checkbox-1-4-69de09c56e2f8-label\" data-calculation=\"0\"  \/><span class=\"forminator-checkbox-box\" aria-hidden=\"true\"><\/span><span class=\"forminator-checkbox-label\">portugu\u00e9s<\/span><\/label><\/div><\/div><\/div><div class=\"forminator-row\"><div id=\"select-2\" class=\"forminator-field-select forminator-col forminator-col-12 \"><div class=\"forminator-field\"><label for=\"forminator-form-4675__field--select-2_69de09c56e2f8\" id=\"forminator-form-4675__field--select-2_69de09c56e2f8-label\" class=\"forminator-label\">Tipo de traducci\u00f3n: <span class=\"forminator-required\">*<\/span><\/label><select  id=\"forminator-form-4675__field--select-2_69de09c56e2f8\" class=\"forminator-select--field forminator-select2 forminator-select2-multiple\" data-required=\"1\" name=\"select-2\" data-default-value=\"\" data-placeholder=\"- Bitte ausw\u00e4hlen -\" data-search=\"false\" data-search-placeholder=\"- Bitte ausw\u00e4hlen -\" data-checkbox=\"false\" data-allow-clear=\"false\" aria-labelledby=\"forminator-form-4675__field--select-2_69de09c56e2f8-label\"><option value=\"\"  >- Bitte ausw\u00e4hlen -<\/option><option value=\"URKUNDE\"  data-calculation=\"0\">CERTIFICADO<\/option><option value=\"Geburtsurkunde\"  data-calculation=\"0\">Certificado de nacimiento<\/option><option value=\"Heiratsurkunde\"  data-calculation=\"0\">Acta de matrimonio<\/option><option value=\"Scheidungsurkunde\"  data-calculation=\"0\">Certificado de divorcio<\/option><option value=\"Notarielle-Urkunde---Testament\"  data-calculation=\"0\">Acta notarial \/ Testamento<\/option><option value=\"ZEUGNIS\"  data-calculation=\"0\">CERTIFICADOS \/T\u00cdTULOS<\/option><option value=\"Arbeitszeugnis\"  data-calculation=\"0\">Certificado de trabajo<\/option><option value=\"Bachelor--Diplom--Masterzeugnis---Berufsabschluss\"  data-calculation=\"0\">Bachelor\/ T\u00edtulo Universitario\/ T\u00edtulo de Master \/ Certificado de formaci\u00f3n profesional<\/option><option value=\"F\u00fchrungszeugnis\"  data-calculation=\"0\">Certificado de antecedentes<\/option><option value=\"Schul-Abiturzeugnis\"  data-calculation=\"0\">Certificado de secundaria \/ bachillerato<\/option><option value=\"Studienbescheinigung\"  data-calculation=\"0\">Certificado de estudios<\/option><option value=\"VERTRAG\"  data-calculation=\"0\">CONTRATOS<\/option><option value=\"Arbeitsvertrag\"  data-calculation=\"0\">Contrato de trabajo<\/option><option value=\"Gesellschaftervertrag\"  data-calculation=\"0\">Acuerdo de accionistas<\/option><option value=\"Mietvertrag--Kaufvertrag--Notarvertrag\"  data-calculation=\"0\">Contrato de alquiler\/ Contrato de compraventa\/ Contrato notarial<\/option><option value=\"ANDERES-DOKUMENT\"  data-calculation=\"0\">OTROS DOCUMENTOS<\/option><option value=\"Apostille\"  data-calculation=\"0\">Apostilla<\/option><option value=\"Personalausweis--F\u00fchrerschein--Reisepass\"  data-calculation=\"0\">Documento de identidad\/ Licencia de conducir\/ Pasaporte<\/option><option value=\"Handelregisterauszug\"  data-calculation=\"0\">Documentos del Registro Mercantil<\/option><\/select><\/div><\/div><\/div><div class=\"forminator-row\"><div id=\"radio-2\" class=\"forminator-field-radio forminator-col forminator-col-12 \"><div role=\"radiogroup\" class=\"forminator-field\" aria-labelledby=\"forminator-radiogroup-radio-2-69de09c56e2f8-label\" aria-describedby=\"forminator-radiogroup-radio-2-69de09c56e2f8-description\"><span id=\"forminator-radiogroup-radio-2-69de09c56e2f8-label\" class=\"forminator-label\">\u00bfDispone de documento(s) de traducci\u00f3n? <span class=\"forminator-required\">*<\/span><\/span><label id=\"forminator-field-radio-2-label-1\" for=\"forminator-field-radio-2-1-69de09c56e2f8\" class=\"forminator-radio forminator-radio-inline\" title=\"Si\"><input type=\"radio\" name=\"radio-2\" value=\"ja\" id=\"forminator-field-radio-2-1-69de09c56e2f8\" aria-labelledby=\"forminator-field-radio-2-label-1\" data-calculation=\"0\"   aria-describedby=\"forminator-field-radio-2-69de09c56e2f8-description\"\/><span class=\"forminator-radio-bullet\" aria-hidden=\"true\"><\/span><span class=\"forminator-radio-label\">Si<\/span><\/label><label id=\"forminator-field-radio-2-label-2\" for=\"forminator-field-radio-2-2-69de09c56e2f8\" class=\"forminator-radio forminator-radio-inline\" title=\"No**\"><input type=\"radio\" name=\"radio-2\" value=\"Nein-**\" id=\"forminator-field-radio-2-2-69de09c56e2f8\" aria-labelledby=\"forminator-field-radio-2-label-2\" data-calculation=\"0\"   aria-describedby=\"forminator-field-radio-2-69de09c56e2f8-description\"\/><span class=\"forminator-radio-bullet\" aria-hidden=\"true\"><\/span><span class=\"forminator-radio-label\">No**<\/span><\/label><span id=\"forminator-radiogroup-radio-2-69de09c56e2f8-description\" class=\"forminator-description\">** Sin los documentos no podemos darle un precio exacto<\/span><\/div><\/div><\/div><div class=\"forminator-row\"><div id=\"upload-1\" class=\"forminator-field-upload forminator-col forminator-col-12 \"><div class=\"forminator-field\"><label for=\"forminator-field-upload-1_69de09c56e2f8\" id=\"forminator-field-upload-1_69de09c56e2f8-label\" class=\"forminator-label\">Documento(s) a traducir<\/label><div class=\"forminator-multi-upload \" data-element=\"upload-1_69de09c56e2f8\" aria-describedby=\"forminator-field-upload-1_69de09c56e2f8-description\"><input type=\"file\" name=\"upload-1[]\" id=\"forminator-field-upload-1_69de09c56e2f8\" class=\"forminator-input-file forminator-field-upload-1_69de09c56e2f8-4675\" multiple=\"multiple\" data-method=\"ajax\" accept=\".webp,.pdf,.doc,.pot,.pps,.ppt,.wri,.mdb,.mpp,.docx,.docm,.dotx,.dotm,.onetoc,.onetoc2,.onetmp,.onepkg,.oxps,.xps,.odt,.odp,.odg,.odc,.odb,.odf,.wp,.wpd,.pages,.ttf,.otf\" data-size=\"8000000\" data-size-message=\"El tama\u00f1o m\u00e1ximo de archivo permitido es 8 MB. \" data-filetype=\"webp|pdf|doc|pot|pps|ppt|wri|mdb|mpp|docx|docm|dotx|dotm|onetoc|onetoc2|onetmp|onepkg|oxps|xps|odt|odp|odg|odc|odb|odf|wp|wpd|pages|ttf|otf\" data-filetype-message=\"la extensi\u00f3n del archivo no est\u00e1 permitida.\"><div class=\"forminator-multi-upload-message\" aria-hidden=\"true\"><span class=\"forminator-icon-upload\" aria-hidden=\"true\"><\/span><p>Arrastrar y soltar (o) <a class=\"forminator-upload-file--forminator-field-upload-1_69de09c56e2f8\" href=\"#\" onclick=\"return false;\">cambiar archivos<\/a><\/p><\/div><\/div><span id=\"forminator-field-upload-1_69de09c56e2f8-description\" class=\"forminator-description\">por ej. pdf, doc, docx, txt, page, etc.<\/span><ul class=\"forminator-uploaded-files upload-container-upload-1_69de09c56e2f8\"><\/ul><\/div><\/div><\/div><div class=\"forminator-row\"><div id=\"date-1\" class=\"forminator-field-date forminator-col forminator-col-12 \"><div class=\"forminator-field\"><label for=\"forminator-field-date-1-picker_69de09c56e2f8\" id=\"forminator-field-date-1-picker_69de09c56e2f8-label\" class=\"forminator-label\">Fecha de entrega requerida:<\/label><div class=\"forminator-input-with-icon\"><span class=\"forminator-icon-calendar\" aria-hidden=\"true\"><\/span><input autocomplete=\"off\" type=\"text\" size=\"1\" name=\"date-1\" value=\"\" placeholder=\"Seleccionar fecha\" id=\"forminator-field-date-1-picker_69de09c56e2f8\" class=\"forminator-input forminator-datepicker\" data-required=\"\" data-format=\"dd.mm.yy\" data-restrict-type=\"week\" data-restrict=\"0,6\" data-start-year=\"1926\" data-end-year=\"2126\" data-past-dates=\"enable\" data-start-of-week=\"1\" data-start-date=\"\" data-end-date=\"\" data-start-field=\"\" data-end-field=\"\" data-start-offset=\"\" data-end-offset=\"\" data-disable-date=\"\" data-disable-range=\"\" \/><\/div><\/div><\/div><\/div><\/div><\/div><div\r\n\t\t\t\ttabindex=\"-1\"\r\n\t\t\t\trole=\"tabpanel\"\r\n\t\t\t\tid=\"forminator-custom-form-4675--page-2\"\r\n\t\t\t\tclass=\"forminator-pagination\"\r\n\t\t\t\taria-labelledby=\"forminator-custom-form-4675--page-2-label\"\r\n\t\t\t\taria-hidden=\"true\"\r\n\t\t\t\tdata-step=\"2\"\r\n\t\t\t\tdata-label=\"Detalles\"\r\n\t\t\t\tdata-actual-label=\"Listo!\"\r\n\t\t\t\tdata-name=\"\"\r\n\t\t\t\thidden\r\n\t\t\t><div class=\"forminator-pagination--content\"><div class=\"forminator-row\"><div id=\"section-3\" class=\"forminator-field-section forminator-col forminator-col-12 \"><div class=\"forminator-field\"><h2 class=\"forminator-title\">Informaci\u00f3n adicional<\/h2><\/div><\/div><\/div><div class=\"forminator-row\"><div id=\"radio-1\" class=\"forminator-field-radio forminator-col forminator-col-12 \"><div role=\"radiogroup\" class=\"forminator-field\" aria-labelledby=\"forminator-radiogroup-radio-1-69de09c56e2f8-label\" aria-describedby=\"forminator-radiogroup-radio-1-69de09c56e2f8-description\"><span id=\"forminator-radiogroup-radio-1-69de09c56e2f8-label\" class=\"forminator-label\">\u00bfDesea que le contactemos por tel\u00e9fono? <span class=\"forminator-required\">*<\/span><\/span><label id=\"forminator-field-radio-1-label-1\" for=\"forminator-field-radio-1-1-69de09c56e2f8\" class=\"forminator-radio forminator-radio-inline\" title=\"Si\"><input type=\"radio\" name=\"radio-1\" value=\"ja\" id=\"forminator-field-radio-1-1-69de09c56e2f8\" aria-labelledby=\"forminator-field-radio-1-label-1\" data-calculation=\"0\"   aria-describedby=\"forminator-field-radio-1-69de09c56e2f8-description\"\/><span class=\"forminator-radio-bullet\" aria-hidden=\"true\"><\/span><span class=\"forminator-radio-label\">Si<\/span><\/label><label id=\"forminator-field-radio-1-label-2\" for=\"forminator-field-radio-1-2-69de09c56e2f8\" class=\"forminator-radio forminator-radio-inline\" title=\"No\"><input type=\"radio\" name=\"radio-1\" value=\"nein\" id=\"forminator-field-radio-1-2-69de09c56e2f8\" aria-labelledby=\"forminator-field-radio-1-label-2\" data-calculation=\"0\"   aria-describedby=\"forminator-field-radio-1-69de09c56e2f8-description\"\/><span class=\"forminator-radio-bullet\" aria-hidden=\"true\"><\/span><span class=\"forminator-radio-label\">No<\/span><\/label><span id=\"forminator-radiogroup-radio-1-69de09c56e2f8-description\" class=\"forminator-description\">Si la respuesta es afirmativa, indique su n\u00famero de tel\u00e9fono.<\/span><\/div><\/div><\/div><div class=\"forminator-row\"><div id=\"textarea-1\" class=\"forminator-field-textarea forminator-col forminator-col-12 \"><div class=\"forminator-field\"><label for=\"forminator-field-textarea-1_69de09c56e2f8\" id=\"forminator-field-textarea-1_69de09c56e2f8-label\" class=\"forminator-label\">Observaci\u00f3n<\/label><textarea name=\"textarea-1\" placeholder=\"\u00bfDesea aportar m\u00e1s informaci\u00f3n? Entonces puedes introducirlo aqu\u00ed.\" id=\"forminator-field-textarea-1_69de09c56e2f8\" class=\"forminator-textarea\" rows=\"6\" style=\"min-height:140px;\" maxlength=\"180\" ><\/textarea><span id=\"forminator-field-textarea-1_69de09c56e2f8-description\" class=\"forminator-description\"><span data-limit=\"180\" data-type=\"characters\" data-editor=\"\">0 \/ 180<\/span><\/span><\/div><\/div><\/div><div class=\"forminator-row\"><div id=\"gdprcheckbox-1\" class=\"forminator-field-gdprcheckbox forminator-col forminator-col-12 \"><div class=\"forminator-field\"><label for=\"forminator-field-gdprcheckbox-1_69de09c56e2f8\" class=\"forminator-checkbox\"><input type=\"checkbox\" name=\"gdprcheckbox-1\" value=\"true\" id=\"forminator-field-gdprcheckbox-1_69de09c56e2f8\" data-required=\"true\" aria-required=\"true\" \/><span class=\"forminator-checkbox-box\" aria-hidden=\"true\"><\/span><span class=\"forminator-checkbox-label\">S\u00ed, acepto la pol\u00edtica de privacidad y las condiciones generales.<\/span><\/label><\/div><\/div><\/div><\/div><button class=\"forminator-button forminator-pagination-submit\" style=\"display: none;\" disabled>Solicitar un presupuesto ahora<\/button><\/div><input type=\"hidden\" name=\"referer_url\" value=\"\" \/><input type=\"hidden\" id=\"forminator_nonce\" name=\"forminator_nonce\" value=\"b0d20ba30f\" \/><input type=\"hidden\" name=\"_wp_http_referer\" value=\"\/es\/wp-json\/wp\/v2\/pages\/4199\" \/><input type=\"hidden\" name=\"form_id\" value=\"4675\"><input type=\"hidden\" name=\"page_id\" value=\"4199\"><input type=\"hidden\" name=\"form_type\" value=\"default\"><input type=\"hidden\" name=\"current_url\" value=\"https:\/\/uebersetzungen-beglaubigte.de\/es\/solicitud-de-traduccion\/\"><input type=\"hidden\" name=\"render_id\" value=\"0\"><input type=\"hidden\" name=\"forminator-multifile-hidden\" class=\"forminator-multifile-hidden\"><input type=\"hidden\" name=\"action\" value=\"forminator_submit_form_custom-forms\"><label for=\"input_15\" class=\"forminator-hidden\" aria-hidden=\"true\">Por favor, no rellenes este campo. <input id=\"input_15\" type=\"text\" name=\"input_15\" value=\"\" autocomplete=\"off\"><\/label><\/form>\n\n\t\t<\/div>\n\t\t\t\t\n<style>\n#col-1513453117 > .col-inner {\n  padding: 50px 30px 10px 30px;\n  border-radius: 10px;\n}\n@media (min-width:550px) {\n  #col-1513453117 > .col-inner {\n    padding: 70px 70px 30px 70px;\n  }\n}\n<\/style>\n\t<\/div>\n\n\t\n\n<\/div>\n\n\t\t<\/div>\n\n\t\t\n<style>\n#section_250833490 {\n  padding-top: 60px;\n  padding-bottom: 60px;\n}\n#section_250833490 .section-bg img {\n  object-position: 50% 55%;\n}\n@media (min-width:550px) {\n  #section_250833490 {\n    padding-top: 90px;\n    padding-bottom: 90px;\n  }\n}\n<\/style>\n\t<\/section>\n\t\n\n","protected":false},"excerpt":{"rendered":"","protected":false},"author":2,"featured_media":0,"parent":0,"menu_order":0,"comment_status":"closed","ping_status":"closed","template":"","meta":{"_monsterinsights_skip_tracking":false,"_monsterinsights_sitenote_active":false,"_monsterinsights_sitenote_note":"","_monsterinsights_sitenote_category":0,"footnotes":""},"class_list":["post-4199","page","type-page","status-publish","hentry"],"_links":{"self":[{"href":"https:\/\/uebersetzungen-beglaubigte.de\/es\/wp-json\/wp\/v2\/pages\/4199","targetHints":{"allow":["GET"]}}],"collection":[{"href":"https:\/\/uebersetzungen-beglaubigte.de\/es\/wp-json\/wp\/v2\/pages"}],"about":[{"href":"https:\/\/uebersetzungen-beglaubigte.de\/es\/wp-json\/wp\/v2\/types\/page"}],"author":[{"embeddable":true,"href":"https:\/\/uebersetzungen-beglaubigte.de\/es\/wp-json\/wp\/v2\/users\/2"}],"replies":[{"embeddable":true,"href":"https:\/\/uebersetzungen-beglaubigte.de\/es\/wp-json\/wp\/v2\/comments?post=4199"}],"version-history":[{"count":0,"href":"https:\/\/uebersetzungen-beglaubigte.de\/es\/wp-json\/wp\/v2\/pages\/4199\/revisions"}],"wp:attachment":[{"href":"https:\/\/uebersetzungen-beglaubigte.de\/es\/wp-json\/wp\/v2\/media?parent=4199"}],"curies":[{"name":"wp","href":"https:\/\/api.w.org\/{rel}","templated":true}]}}