{"id":4209,"date":"2021-09-06T12:10:31","date_gmt":"2021-09-06T12:10:31","guid":{"rendered":"https:\/\/uebersetzungen-beglaubigte.de\/traduccion-de-certificados\/"},"modified":"2022-12-06T07:04:11","modified_gmt":"2022-12-06T07:04:11","slug":"traduccion-de-certificados","status":"publish","type":"page","link":"https:\/\/uebersetzungen-beglaubigte.de\/es\/traduccion-de-certificados\/","title":{"rendered":"Traducci\u00f3n de certificados"},"content":{"rendered":"\n  <div id=\"page-header-1721798827\" class=\"page-header-wrapper\">\n  <div class=\"page-title light simple-title\">\n\n        <div class=\"page-title-bg\">\n      <div class=\"title-bg fill bg-fill\"\n        data-parallax-container=\".page-title\"\n        data-parallax-background\n        data-parallax=\"-\">\n      <\/div>\n      <div class=\"title-overlay fill\"><\/div>\n    <\/div>\n    \n    <div class=\"page-title-inner container align-top text-center flex-row-col medium-flex-wrap\" >\n            <div class=\"title-content flex-col\">\n        <div class=\"title-breadcrumbs pb-half pt-half\"><\/div>      <\/div>\n    <\/div>\n\n     \n<style>\n#page-header-1721798827 .page-title-inner {\n  min-height: 250px;\n}\n#page-header-1721798827 {\n  margin-bottom: 20px;\n}\n#page-header-1721798827 .title-bg {\n  background-image: url(https:\/\/uebersetzungen-beglaubigte.de\/wp-content\/uploads\/2022\/02\/Educational-Certificate.jpg);\n  background-position: 55% 32%;\n}\n#page-header-1721798827 .title-overlay {\n  background-color: rgba(17, 86, 152, 0.3);\n}\n@media (min-width:850px) {\n  #page-header-1721798827 .page-title-inner {\n    min-height: 360px;\n  }\n}\n<\/style>\n  <\/div>\n    <\/div>\n  \n\n\t<div id=\"gap-2094579572\" class=\"gap-element clearfix\" style=\"display:block; height:auto;\">\n\t\t\n<style>\n#gap-2094579572 {\n  padding-top: 60px;\n}\n<\/style>\n\t<\/div>\n\t\n\n<div class=\"row align-center\"  id=\"row-782255133\">\n\n\n\t<div id=\"col-2009529994\" class=\"col medium-10 small-12 large-10\"  >\n\t\t\t\t<div class=\"col-inner text-center\"  >\n\t\t\t\n\t\t\t\n\n<h1>Traducci\u00f3n de certificados Traducciones juradas<\/h1>\n<div class=\"is-divider divider clearfix\" style=\"margin-top:2.0em;margin-bottom:2.0em;max-width:100%;height:1px;background-color:rgba(0, 0, 0, 0.3);\"><\/div>\n\n\t<div id=\"text-2902383378\" class=\"text\">\n\t\t\n\n<p>\u00bfUsted quiere estudiar, trabajar o postularse a un empleo en Alemania y necesita una traducci\u00f3n jurada al alem\u00e1n de sus certificados obtenidos en Espa\u00f1a, Portugal, M\u00e9xico, Brasil, Argentina, Chile, Colombia, Venezuela, Per\u00fa, Bolivia, Cuba u otro pa\u00eds latinoamericano para su reconocimiento profesional en Alemania? Ser\u00e1 un agrado para nosotros poder ayudarle con la traducci\u00f3n jurada de su bolet\u00edn escolar, su certificado de fin de estudios, su t\u00edtulo universitario, como su diploma, su licenciatura o su m\u00e1ster, su certificado de formaci\u00f3n profesional del espa\u00f1ol y el portugu\u00e9s o del ingl\u00e9s y el franc\u00e9s al alem\u00e1n.&nbsp;<\/p>\n<p>\u00bfUsted desea estudiar, trabajar o postularse a un empleo en Alemania&nbsp; y necesita una traducci\u00f3n jurada? Ser\u00e1 un agrado para nosotros poder ayudarle con la traducci\u00f3n certificada de su bolet\u00edn escolar, su certificado de bachillerato\/secundaria, su t\u00edtulo ense\u00f1anza superior, como su diploma, su licenciatura o su m\u00e1ster, su certificado de formaci\u00f3n profesional del espa\u00f1ol y el portugu\u00e9s o del ingl\u00e9s. Lo mejor ser\u00eda que nos env\u00ede el certificado de estudio que desea traducir&nbsp; en formato electr\u00f3nico como archivo PDF o Word, indicando la combinaci\u00f3n de idiomas que necesita y el plazo de entrega. Recibir\u00e1 por correo electr\u00f3nico nuestro presupuesto, teniendo en cuenta la fecha de entrega. Si est\u00e1 conforme con nuestra propuesta, le solicitamos confirmar el presupuesto por correo electr\u00f3nico, indicando su domicilio y n\u00famero de tel\u00e9fono para eventuales consultas. Luego le haremos llegar una factura por concepto de nuestros servicios de traducci\u00f3n. Una vez recibido el pago, le enviaremos los documentos en formato PDF, por correo electr\u00f3nico y tambi\u00e9n por correo postal. Si usted lo desea y previo acuerdo, tambi\u00e9n puede retirar y cancelar la traducci\u00f3n directamente en nuestras oficinas.&nbsp;&nbsp;&nbsp;&nbsp;&nbsp;&nbsp;&nbsp;<\/p>\n<p>Tenga en cuenta que si utiliza la traducci\u00f3n jurada en el extranjero, podr\u00eda necesitar una apostilla, una certificaci\u00f3n extra o una legalizaci\u00f3n. Para m\u00e1s informaci\u00f3n le recomendamos que se comunique con nosotros para poder aclararle sus dudas.&nbsp;<\/p>\n\t\t\n<style>\n#text-2902383378 {\n  text-align: left;\n}\n@media (min-width:550px) {\n  #text-2902383378 {\n    text-align: center;\n  }\n}\n<\/style>\n\t<\/div>\n\t\n<div class=\"is-divider divider clearfix\" style=\"margin-top:2.0em;margin-bottom:2.0em;max-width:100%;height:1px;background-color:rgba(0, 0, 0, 0.3);\"><\/div>\n\n\n\t\t<\/div>\n\t\t\t\t\t<\/div>\n\n\t\n\n<\/div>\n<div class=\"row\"  id=\"row-1626402479\">\n\n\n\t<div id=\"col-1338343552\" class=\"col small-12 large-12\"  >\n\t\t\t\t<div class=\"col-inner\"  >\n\t\t\t\n\t\t\t\n\n<div class=\"row row-small align-center\"  id=\"row-186258170\">\n\n\n\t<div id=\"col-793509801\" class=\"col small-12 large-12\"  >\n\t\t\t\t<div class=\"col-inner text-center\"  >\n\t\t\t\n\t\t\t\n\n<h2>\u00bfQu\u00e9 desea traducir?<\/h2>\n\t<div id=\"gap-169906254\" class=\"gap-element clearfix\" style=\"display:block; height:auto;\">\n\t\t\n<style>\n#gap-169906254 {\n  padding-top: 20px;\n}\n<\/style>\n\t<\/div>\n\t\n\n\n\t\t<\/div>\n\t\t\t\t\t<\/div>\n\n\t\n\n\t<div id=\"col-1130095918\" class=\"col medium-11 small-12 large-12\"  >\n\t\t\t\t<div class=\"col-inner text-center dark\"  >\n\t\t\t\n\t\t\t\n\n<a href=\"https:\/\/uebersetzungen-beglaubigte.de\/es\/traduccion-de-certificados\/traducciones-de-certificados-de-bachillerato-secundaria\/\" class=\"button primary is-large box-shadow-1 box-shadow-1-hover reveal-icon\"  style=\"border-radius:99px;\">\n\t\t<span>Certificado de bachillerato<\/span>\n\t<i class=\"icon-angle-right\" aria-hidden=\"true\" ><\/i><\/a>\n\n\n<a href=\"https:\/\/uebersetzungen-beglaubigte.de\/es\/traduccion-de-certificados\/traducciones-de-referencias-laborales\/\" class=\"button primary is-large box-shadow-1 box-shadow-1-hover reveal-icon\"  style=\"border-radius:99px;\">\n\t\t<span>Certificado de trabajo<\/span>\n\t<i class=\"icon-angle-right\" aria-hidden=\"true\" ><\/i><\/a>\n\n\n<a href=\"https:\/\/uebersetzungen-beglaubigte.de\/es\/traduccion-de-certificados\/traducciones-de-titulos-de-licenciado-bachelor\/\" class=\"button primary is-large box-shadow-1 box-shadow-1-hover reveal-icon\"  style=\"border-radius:99px;\">\n\t\t<span>T\u00edtulos de Bachelor\/Licenciatura<\/span>\n\t<i class=\"icon-angle-right\" aria-hidden=\"true\" ><\/i><\/a>\n\n\n<a href=\"https:\/\/uebersetzungen-beglaubigte.de\/es\/traduccion-de-certificados\/traducciones-de-titulos-profesionales\/\" class=\"button primary is-large box-shadow-1 box-shadow-1-hover reveal-icon\"  style=\"border-radius:99px;\">\n\t\t<span>T\u00edtulo profesional<\/span>\n\t<i class=\"icon-angle-right\" aria-hidden=\"true\" ><\/i><\/a>\n\n\n<a href=\"https:\/\/uebersetzungen-beglaubigte.de\/es\/traduccion-de-certificados\/traducciones-de-titulos-universitarios\/\" class=\"button primary is-large box-shadow-1 box-shadow-1-hover reveal-icon\"  style=\"border-radius:99px;\">\n\t\t<span>Diploma\/Licenciatura<\/span>\n\t<i class=\"icon-angle-right\" aria-hidden=\"true\" ><\/i><\/a>\n\n\n<a href=\"https:\/\/uebersetzungen-beglaubigte.de\/es\/traduccion-de-certificados\/traducciones-de-certificados-de-capacidad-matrimonial\/\" class=\"button primary is-large box-shadow-1 box-shadow-1-hover reveal-icon\"  style=\"border-radius:99px;\">\n\t\t<span>Certificado de capacidad matrimonial<\/span>\n\t<i class=\"icon-angle-right\" aria-hidden=\"true\" ><\/i><\/a>\n\n\n<a href=\"https:\/\/uebersetzungen-beglaubigte.de\/es\/traduccion-de-certificados\/traducciones-de-certificados-de-antecedentes-penales\/\" class=\"button primary is-large box-shadow-1 box-shadow-1-hover reveal-icon\"  style=\"border-radius:99px;\">\n\t\t<span>Certificado de antecedentes<\/span>\n\t<i class=\"icon-angle-right\" aria-hidden=\"true\" ><\/i><\/a>\n\n\n<a href=\"https:\/\/uebersetzungen-beglaubigte.de\/es\/traduccion-de-certificados\/traducciones-de-certificados-de-buena-conducta\/\" class=\"button primary is-large box-shadow-1 box-shadow-1-hover reveal-icon\"  style=\"border-radius:99px;\">\n\t\t<span>Certificado de buena conducta<\/span>\n\t<i class=\"icon-angle-right\" aria-hidden=\"true\" ><\/i><\/a>\n\n\n<a href=\"https:\/\/uebersetzungen-beglaubigte.de\/es\/traduccion-de-certificados\/traducciones-de-titulos-de-maestria-posgrado\/\" class=\"button primary is-large box-shadow-1 box-shadow-1-hover reveal-icon\"  style=\"border-radius:99px;\">\n\t\t<span>T\u00edtulo de m\u00e1ster<\/span>\n\t<i class=\"icon-angle-right\" aria-hidden=\"true\" ><\/i><\/a>\n\n\n<a href=\"https:\/\/uebersetzungen-beglaubigte.de\/es\/traduccion-de-certificados\/traducciones-de-boletines-escolares\/\" class=\"button primary is-large box-shadow-1 box-shadow-1-hover reveal-icon\"  style=\"border-radius:99px;\">\n\t\t<span>Bolet\u00edn escolar<\/span>\n\t<i class=\"icon-angle-right\" aria-hidden=\"true\" ><\/i><\/a>\n\n\n<a href=\"https:\/\/uebersetzungen-beglaubigte.de\/zeugnisse-uebersetzen-lassen\/strafregisterbescheinigung-uebersetzen-lassen\/\" class=\"button primary is-large box-shadow-1 box-shadow-1-hover reveal-icon\"  style=\"border-radius:99px;\">\n\t\t<span>Certificado de antecedentes penales<\/span>\n\t<i class=\"icon-angle-right\" aria-hidden=\"true\" ><\/i><\/a>\n\n\n\n\t\t<\/div>\n\t\t\t\t\t<\/div>\n\n\t\n\n<\/div>\n\n\t\t<\/div>\n\t\t\t\t\t<\/div>\n\n\t\n\n<\/div>\n\t<div id=\"gap-605878651\" class=\"gap-element clearfix\" style=\"display:block; height:auto;\">\n\t\t\n<style>\n#gap-605878651 {\n  padding-top: 60px;\n}\n<\/style>\n\t<\/div>\n\t\n\n\n","protected":false},"excerpt":{"rendered":"","protected":false},"author":2,"featured_media":0,"parent":0,"menu_order":0,"comment_status":"closed","ping_status":"closed","template":"","meta":{"_monsterinsights_skip_tracking":false,"_monsterinsights_sitenote_active":false,"_monsterinsights_sitenote_note":"","_monsterinsights_sitenote_category":0,"footnotes":""},"class_list":["post-4209","page","type-page","status-publish","hentry"],"_links":{"self":[{"href":"https:\/\/uebersetzungen-beglaubigte.de\/es\/wp-json\/wp\/v2\/pages\/4209","targetHints":{"allow":["GET"]}}],"collection":[{"href":"https:\/\/uebersetzungen-beglaubigte.de\/es\/wp-json\/wp\/v2\/pages"}],"about":[{"href":"https:\/\/uebersetzungen-beglaubigte.de\/es\/wp-json\/wp\/v2\/types\/page"}],"author":[{"embeddable":true,"href":"https:\/\/uebersetzungen-beglaubigte.de\/es\/wp-json\/wp\/v2\/users\/2"}],"replies":[{"embeddable":true,"href":"https:\/\/uebersetzungen-beglaubigte.de\/es\/wp-json\/wp\/v2\/comments?post=4209"}],"version-history":[{"count":0,"href":"https:\/\/uebersetzungen-beglaubigte.de\/es\/wp-json\/wp\/v2\/pages\/4209\/revisions"}],"wp:attachment":[{"href":"https:\/\/uebersetzungen-beglaubigte.de\/es\/wp-json\/wp\/v2\/media?parent=4209"}],"curies":[{"name":"wp","href":"https:\/\/api.w.org\/{rel}","templated":true}]}}