{"id":4211,"date":"2021-09-09T10:17:01","date_gmt":"2021-09-09T10:17:01","guid":{"rendered":"https:\/\/uebersetzungen-beglaubigte.de\/traduccion-de-certificados\/traducciones-de-certificados-de-bachillerato-secundaria\/"},"modified":"2022-10-07T15:12:55","modified_gmt":"2022-10-07T15:12:55","slug":"traducciones-de-certificados-de-bachillerato-secundaria","status":"publish","type":"page","link":"https:\/\/uebersetzungen-beglaubigte.de\/es\/traduccion-de-certificados\/traducciones-de-certificados-de-bachillerato-secundaria\/","title":{"rendered":"Traducciones de certificados de bachillerato\/secundaria"},"content":{"rendered":"\n\n  <div class=\"banner has-hover\" id=\"banner-377347409\">\n          <div class=\"banner-inner fill\">\n        <div class=\"banner-bg fill\" >\n            <img decoding=\"async\" width=\"2240\" height=\"360\" data-src=\"https:\/\/uebersetzungen-beglaubigte.de\/wp-content\/uploads\/2022\/02\/Abiturzeugnis-uebersetzen-lassen.jpg\" class=\"bg attachment-original size-original lazyload\" alt=\"Abiturzeugnis beglaubigte Uebersetzungen\" src=\"data:image\/gif;base64,R0lGODlhAQABAAAAACH5BAEKAAEALAAAAAABAAEAAAICTAEAOw==\" style=\"--smush-placeholder-width: 2240px; --smush-placeholder-aspect-ratio: 2240\/360;\" \/>                        <div class=\"overlay\"><\/div>            \n                    <\/div>\n\t\t\n        <div class=\"banner-layers container\">\n            <div class=\"fill banner-link\"><\/div>            \n\n\n        <\/div>\n      <\/div>\n\n            \n<style>\n#banner-377347409 {\n  padding-top: 50%;\n}\n#banner-377347409 .overlay {\n  background-color: rgba(17, 86, 152, 0.3);\n}\n#banner-377347409 .banner-bg img {\n  object-position: 50% 80%;\n}\n@media (min-width:550px) {\n  #banner-377347409 {\n    padding-top: 250px;\n  }\n}\n@media (min-width:850px) {\n  #banner-377347409 {\n    padding-top: 360px;\n  }\n}\n<\/style>\n  <\/div>\n\n\n\n\t<section class=\"section\" id=\"section_1377005865\">\n\t\t<div class=\"section-bg fill\" >\n\t\t\t\t\t\t\t\t\t\n\t\t\t\n\n\t\t<\/div>\n\n\t\t\n\n\t\t<div class=\"section-content relative\">\n\t\t\t\n\n<div class=\"row\"  id=\"row-1584679215\">\n\n\n\t<div id=\"col-925385919\" class=\"col medium-12 small-12 large-12\"  >\n\t\t\t\t<div class=\"col-inner text-left\"  >\n\t\t\t\n\t\t\t\n\n\t<div id=\"text-2702949975\" class=\"text\">\n\t\t\n\n<h1>Traducciones de certificados de bachillerato\/secundaria<\/h1>\n\t\t\n<style>\n#text-2702949975 {\n  text-align: left;\n}\n@media (min-width:550px) {\n  #text-2702949975 {\n    text-align: center;\n  }\n}\n<\/style>\n\t<\/div>\n\t\n<div class=\"is-divider divider clearfix\" style=\"margin-top:2.0em;margin-bottom:2.0em;max-width:100%;height:1px;background-color:rgba(0, 0, 0, 0.3);\"><\/div>\n\n\t<div id=\"gap-592359536\" class=\"gap-element clearfix\" style=\"display:block; height:auto;\">\n\t\t\n<style>\n#gap-592359536 {\n  padding-top: 20px;\n}\n<\/style>\n\t<\/div>\n\t\n\n<div class=\"row row-large\"  id=\"row-37546480\">\n\n\n\t<div id=\"col-246852673\" class=\"col medium-12 small-12 large-6\"  >\n\t\t\t\t<div class=\"col-inner\"  >\n\t\t\t\n\t\t\t\n\n<p>\u00bfUsted desea estudiar, trabajar o postularse a un empleo en Alemania y necesita traducir su certificado de bachillerato obtenido en Espa\u00f1a, Portugal, M\u00e9xico, Brasil, Argentina, Chile, Colombia, Venezuela, Per\u00fa, Bolivia, Cuba u otro pa\u00eds latinoamericano para su validaci\u00f3n profesional en Alemania? Ser\u00e1 un agrado para nosotros poder ayudarle con la traducci\u00f3n jurada de su certificado de secundaria del espa\u00f1ol y portugu\u00e9s o del ingl\u00e9s al alem\u00e1n.<\/p>\n<p>\u00bfUsted tiene intenciones de estudiar, trabajar o postularse a un empleo en el extranjero y necesita traducir y certificar su certificado de bachillerato al ingl\u00e9s, al espa\u00f1ol o al portugu\u00e9s? \u00a1Con gusto recibiremos su consulta de esta traducci\u00f3n jurada!<\/p>\n<p>Le recomendamos que nos env\u00ede su bolet\u00edn escolar en formato PDF, por correo electr\u00f3nico, indicando la combinaci\u00f3n de idiomas requerida y la fecha en la que desea recibir la traducci\u00f3n.&nbsp;<\/p>\n\n\t\t<\/div>\n\t\t\t\t\t<\/div>\n\n\t\n\n\t<div id=\"col-534340198\" class=\"col medium-12 small-12 large-6\"  >\n\t\t\t\t<div class=\"col-inner\"  >\n\t\t\t\n\t\t\t\n\n<p>Tambi\u00e9n recibir\u00e1 por correo electr\u00f3nico una oferta de costes, teniendo en cuenta la fecha deseada. Si est\u00e1 de acuerdo con nuestra propuesta, confirme nuestra oferta por escrito por correo electr\u00f3nico, indicando su direcci\u00f3n exacta y un n\u00famero de tel\u00e9fono para cualquier consulta. A continuaci\u00f3n, recibir\u00e1 una factura por este servicio de traducci\u00f3n. Una vez recibido el pago, le enviaremos los documentos tanto por v\u00eda electr\u00f3nica, en forma de archivo PDF, como por correo postal. Tambi\u00e9n puede recoger y pagar la traducci\u00f3n en nuestra oficina, previo acuerdo.<\/p>\n<p>Tenga en cuenta que si utiliza la traducci\u00f3n jurada en el extranjero, puede necesitar una apostilla, una sobrecertificaci\u00f3n o una legalizaci\u00f3n. Para m\u00e1s informaci\u00f3n, p\u00f3ngase en contacto con nosotros.<\/p>\n<a href=\"\/uebersetzungsanfrage\/\" class=\"button secondary reveal-icon\"  >\n\t\t<span>Obtener presupuesto<\/span>\n\t<i class=\"icon-angle-right\" aria-hidden=\"true\" ><\/i><\/a>\n\n\n\n\t\t<\/div>\n\t\t\t\t\t<\/div>\n\n\t\n\n<\/div>\n<div class=\"row row-collapse\"  id=\"row-1223389673\">\n\n\n\t<div id=\"col-836424195\" class=\"col small-12 large-12\"  >\n\t\t\t\t<div class=\"col-inner\"  >\n\t\t\t\n\t\t\t\n\n<div class=\"is-divider divider clearfix\" style=\"margin-top:0.0em;margin-bottom:0.0em;max-width:100%;height:1px;background-color:rgba(0, 0, 0, 0.3);\"><\/div>\n\n\t<div id=\"gap-97591407\" class=\"gap-element clearfix\" style=\"display:block; height:auto;\">\n\t\t\n<style>\n#gap-97591407 {\n  padding-top: 20px;\n}\n<\/style>\n\t<\/div>\n\t\n\n\n\t\t<\/div>\n\t\t\t\t\t<\/div>\n\n\t\n\n<\/div>\n\n\t\t<\/div>\n\t\t\t\t\t<\/div>\n\n\t\n\n<\/div>\n<p>\t<div id=\"text-373806947\" class=\"text\">\n\t\t<\/p>\n<h2>Traducir otros testimonios<\/h2>\n<p>\t\t\n<style>\n#text-373806947 {\n  text-align: center;\n}\n<\/style>\n\t<\/div>\n\t<br \/>\n<div class=\"row align-middle align-center\"  id=\"row-1313623333\"><\/p>\n<p>\n\t<div id=\"col-61623833\" class=\"col small-12 large-12\"  >\n\t\t\t\t<div class=\"col-inner text-shadow-1 dark\" style=\"background-color:#115698;\" >\n\t\t\t\n\t\t\t<\/p>\n<p><div class=\"nav-wrapper\"><ul class=\"nav nav-uppercase nav-horizontal nav-size-large nav-divided text-center nav-center\"><p class=\"lead shortcode-error text-center\">Sorry, no pages was found<\/p><\/ul><\/div><\/p>\n<p>\t\t<\/div>\n\t\t\t\t\n<style>\n#col-61623833 > .col-inner {\n  border-radius: 20px;\n}\n<\/style>\n\t<\/div>\n\n\t<\/p>\n<p>\n<style>\n#row-1313623333 > .col > .col-inner {\n  padding: 20px 20px 20px 20px;\n  background-color: #1e98d7;\n}\n@media (min-width:550px) {\n  #row-1313623333 > .col > .col-inner {\n    padding: 20px 40px 20px 40px;\n  }\n}\n<\/style>\n<\/div><br \/>\n\t<div id=\"gap-75654463\" class=\"gap-element clearfix\" style=\"display:block; height:auto;\">\n\t\t\n<style>\n#gap-75654463 {\n  padding-top: 60px;\n}\n<\/style>\n\t<\/div>\n\t<\/p>\n\n\n\n\t\t<\/div>\n\n\t\t\n<style>\n#section_1377005865 {\n  padding-top: 60px;\n  padding-bottom: 60px;\n}\n<\/style>\n\t<\/section>\n\t\n","protected":false},"excerpt":{"rendered":"","protected":false},"author":2,"featured_media":0,"parent":4209,"menu_order":0,"comment_status":"closed","ping_status":"closed","template":"","meta":{"_monsterinsights_skip_tracking":false,"_monsterinsights_sitenote_active":false,"_monsterinsights_sitenote_note":"","_monsterinsights_sitenote_category":0,"footnotes":""},"class_list":["post-4211","page","type-page","status-publish","hentry"],"_links":{"self":[{"href":"https:\/\/uebersetzungen-beglaubigte.de\/es\/wp-json\/wp\/v2\/pages\/4211","targetHints":{"allow":["GET"]}}],"collection":[{"href":"https:\/\/uebersetzungen-beglaubigte.de\/es\/wp-json\/wp\/v2\/pages"}],"about":[{"href":"https:\/\/uebersetzungen-beglaubigte.de\/es\/wp-json\/wp\/v2\/types\/page"}],"author":[{"embeddable":true,"href":"https:\/\/uebersetzungen-beglaubigte.de\/es\/wp-json\/wp\/v2\/users\/2"}],"replies":[{"embeddable":true,"href":"https:\/\/uebersetzungen-beglaubigte.de\/es\/wp-json\/wp\/v2\/comments?post=4211"}],"version-history":[{"count":0,"href":"https:\/\/uebersetzungen-beglaubigte.de\/es\/wp-json\/wp\/v2\/pages\/4211\/revisions"}],"up":[{"embeddable":true,"href":"https:\/\/uebersetzungen-beglaubigte.de\/es\/wp-json\/wp\/v2\/pages\/4209"}],"wp:attachment":[{"href":"https:\/\/uebersetzungen-beglaubigte.de\/es\/wp-json\/wp\/v2\/media?parent=4211"}],"curies":[{"name":"wp","href":"https:\/\/api.w.org\/{rel}","templated":true}]}}