{"id":4221,"date":"2021-09-09T10:32:33","date_gmt":"2021-09-09T10:32:33","guid":{"rendered":"https:\/\/uebersetzungen-beglaubigte.de\/traduccion-de-certificados\/traducciones-de-certificados-de-capacidad-matrimonial\/"},"modified":"2022-12-12T06:35:48","modified_gmt":"2022-12-12T06:35:48","slug":"traducciones-de-certificados-de-capacidad-matrimonial","status":"publish","type":"page","link":"https:\/\/uebersetzungen-beglaubigte.de\/es\/traduccion-de-certificados\/traducciones-de-certificados-de-capacidad-matrimonial\/","title":{"rendered":"Traducciones de certificados de capacidad matrimonial"},"content":{"rendered":"\n\n  <div class=\"banner has-hover\" id=\"banner-167632424\">\n          <div class=\"banner-inner fill\">\n        <div class=\"banner-bg fill\" >\n            <img decoding=\"async\" width=\"2240\" height=\"360\" data-src=\"https:\/\/uebersetzungen-beglaubigte.de\/wp-content\/uploads\/2022\/02\/Ehefaehigkeitszeugnis-uebersetzen-lassen.jpg\" class=\"bg attachment-original size-original lazyload\" alt=\"Ehefaehigkeitszeugnis beglaubigte Uebersetzungen\" src=\"data:image\/gif;base64,R0lGODlhAQABAAAAACH5BAEKAAEALAAAAAABAAEAAAICTAEAOw==\" style=\"--smush-placeholder-width: 2240px; --smush-placeholder-aspect-ratio: 2240\/360;\" \/>                        <div class=\"overlay\"><\/div>            \n                    <\/div>\n\t\t\n        <div class=\"banner-layers container\">\n            <div class=\"fill banner-link\"><\/div>            \n\n\n        <\/div>\n      <\/div>\n\n            \n<style>\n#banner-167632424 {\n  padding-top: 50%;\n}\n#banner-167632424 .overlay {\n  background-color: rgba(17, 86, 152, 0.3);\n}\n#banner-167632424 .banner-bg img {\n  object-position: 22% 100%;\n}\n@media (min-width:550px) {\n  #banner-167632424 {\n    padding-top: 250px;\n  }\n}\n@media (min-width:850px) {\n  #banner-167632424 {\n    padding-top: 360px;\n  }\n}\n<\/style>\n  <\/div>\n\n\n\n\t<section class=\"section\" id=\"section_335189798\">\n\t\t<div class=\"section-bg fill\" >\n\t\t\t\t\t\t\t\t\t\n\t\t\t\n\n\t\t<\/div>\n\n\t\t\n\n\t\t<div class=\"section-content relative\">\n\t\t\t\n\n<div class=\"row\"  id=\"row-513297687\">\n\n\n\t<div id=\"col-906921238\" class=\"col medium-12 small-12 large-12\"  >\n\t\t\t\t<div class=\"col-inner text-left\"  >\n\t\t\t\n\t\t\t\n\n\t<div id=\"text-2117048871\" class=\"text\">\n\t\t\n\n<h1>Traducciones de certificados de capacidad matrimonial<\/h1>\n\t\t\n<style>\n#text-2117048871 {\n  text-align: left;\n}\n@media (min-width:550px) {\n  #text-2117048871 {\n    text-align: center;\n  }\n}\n<\/style>\n\t<\/div>\n\t\n<div class=\"is-divider divider clearfix\" style=\"margin-top:2.0em;margin-bottom:2.0em;max-width:100%;height:1px;background-color:rgba(0, 0, 0, 0.3);\"><\/div>\n\n\t<div id=\"gap-1030635057\" class=\"gap-element clearfix\" style=\"display:block; height:auto;\">\n\t\t\n<style>\n#gap-1030635057 {\n  padding-top: 20px;\n}\n<\/style>\n\t<\/div>\n\t\n\n<div class=\"row row-large\"  id=\"row-151261520\">\n\n\n\t<div id=\"col-1621220905\" class=\"col medium-12 small-12 large-6\"  >\n\t\t\t\t<div class=\"col-inner\"  >\n\t\t\t\n\t\t\t\n\n<p>\u00bfUsted tiene intenciones de casarse con una pareja extranjera? Para ello usted necesitar\u00e1 varios documentos para presentarlos en el registro civil correspondiente. Se trata de un certificado de capacidad matrimonial. De acuerdo con la legislaci\u00f3n alemana, el certificado de capacidad matrimonial es un certificado oficial que confirma que no hay ning\u00fan impedimento para contraer matrimonio conforme al ordenamiento jur\u00eddico del pa\u00eds emisor. Usted podr\u00e1 solicitar la traducci\u00f3n de su certificado de capacidad matrimonial emitido en Espa\u00f1a, Portugal, M\u00e9xico, Brasil, Argentina, Chile, Colombia, Venezuela, Per\u00fa, Bolivia, Cuba u otro pa\u00eds latinoamericano.<\/p>\n<p>En el caso que usted necesite una traducci\u00f3n jurada de un certificado de capacidad matrimonial alem\u00e1n al espa\u00f1ol, portugu\u00e9s o ingl\u00e9s, ser\u00e1 un agrado para nosotros recibir su consulta sobre esta traducci\u00f3n jurada.<\/p>\n<p>Le recomendamos que nos env\u00ede su certificado de capacidad matrimonial en formato PDF, por correo electr\u00f3nico, indicando la combinaci\u00f3n de idiomas requerida y la fecha en la que desea recibir la traducci\u00f3n. Recibir\u00e1 por correo electr\u00f3nico nuestro presupuesto, teniendo en cuenta la fecha de entrega. Si est\u00e1 de acuerdo con nuestra&nbsp;<a href=\"https:\/\/uebersetzungen-beglaubigte.de\/es\/solicitud-de-traduccion\/\">oferta<\/a>&nbsp;, deber\u00e1 confirmarla por escrito a trav\u00e9s del correo electr\u00f3nico, indicando su direcci\u00f3n exacta y un n\u00famero de tel\u00e9fono para cualquier consulta.<\/p>\n<p>&nbsp;<\/p>\n<p>&nbsp;<\/p>\n\n\t\t<\/div>\n\t\t\t\t\t<\/div>\n\n\t\n\n\t<div id=\"col-1750851083\" class=\"col medium-12 small-12 large-6\"  >\n\t\t\t\t<div class=\"col-inner\"  >\n\t\t\t\n\t\t\t\n\n<p>Tambi\u00e9n recibir\u00e1 por correo electr\u00f3nico una oferta de costes, teniendo en cuenta la fecha deseada. Si est\u00e1 de acuerdo con nuestra propuesta, confirme nuestra oferta por escrito por correo electr\u00f3nico, indicando su direcci\u00f3n exacta y un n\u00famero de tel\u00e9fono para cualquier consulta. A continuaci\u00f3n, recibir\u00e1 una factura por este servicio de traducci\u00f3n. Una vez recibido el pago, le enviaremos los documentos tanto por v\u00eda electr\u00f3nica, en forma de archivo PDF, como por correo postal. Tambi\u00e9n puede recoger y pagar la traducci\u00f3n en nuestra oficina, previo acuerdo.<\/p>\n<p>Tenga en cuenta que si utiliza la traducci\u00f3n jurada en el extranjero, puede necesitar una apostilla, una sobrecertificaci\u00f3n o una legalizaci\u00f3n. Para m\u00e1s informaci\u00f3n, p\u00f3ngase en contacto con nosotros.<\/p>\n<a href=\"\/uebersetzungsanfrage\/\" class=\"button secondary reveal-icon\"  >\n\t\t<span>Obtener presupuesto<\/span>\n\t<i class=\"icon-angle-right\" aria-hidden=\"true\" ><\/i><\/a>\n\n\n\n\t\t<\/div>\n\t\t\t\t\t<\/div>\n\n\t\n\n<\/div>\n<div class=\"row row-collapse\"  id=\"row-2132720595\">\n\n\n\t<div id=\"col-635580153\" class=\"col small-12 large-12\"  >\n\t\t\t\t<div class=\"col-inner\"  >\n\t\t\t\n\t\t\t\n\n<div class=\"is-divider divider clearfix\" style=\"margin-top:0.0em;margin-bottom:0.0em;max-width:100%;height:1px;background-color:rgba(0, 0, 0, 0.3);\"><\/div>\n\n\t<div id=\"gap-662413474\" class=\"gap-element clearfix\" style=\"display:block; height:auto;\">\n\t\t\n<style>\n#gap-662413474 {\n  padding-top: 20px;\n}\n<\/style>\n\t<\/div>\n\t\n\n\n\t\t<\/div>\n\t\t\t\t\t<\/div>\n\n\t\n\n<\/div>\n\n\t\t<\/div>\n\t\t\t\t\t<\/div>\n\n\t\n\n<\/div>\n<p>\t<div id=\"text-828457319\" class=\"text\">\n\t\t<\/p>\n<h2>Traducir otros testimonios<\/h2>\n<p>\t\t\n<style>\n#text-828457319 {\n  text-align: center;\n}\n<\/style>\n\t<\/div>\n\t<br \/>\n<div class=\"row align-middle align-center\"  id=\"row-319801299\"><\/p>\n<p>\n\t<div id=\"col-653209044\" class=\"col small-12 large-12\"  >\n\t\t\t\t<div class=\"col-inner text-shadow-1 dark\" style=\"background-color:#115698;\" >\n\t\t\t\n\t\t\t<\/p>\n<p><div class=\"nav-wrapper\"><ul class=\"nav nav-uppercase nav-horizontal nav-size-large nav-divided text-center nav-center\"><p class=\"lead shortcode-error text-center\">Sorry, no pages was found<\/p><\/ul><\/div><\/p>\n<p>\t\t<\/div>\n\t\t\t\t\n<style>\n#col-653209044 > .col-inner {\n  border-radius: 20px;\n}\n<\/style>\n\t<\/div>\n\n\t<\/p>\n<p>\n<style>\n#row-319801299 > .col > .col-inner {\n  padding: 20px 20px 20px 20px;\n  background-color: #1e98d7;\n}\n@media (min-width:550px) {\n  #row-319801299 > .col > .col-inner {\n    padding: 20px 40px 20px 40px;\n  }\n}\n<\/style>\n<\/div><br \/>\n\t<div id=\"gap-305253487\" class=\"gap-element clearfix\" style=\"display:block; height:auto;\">\n\t\t\n<style>\n#gap-305253487 {\n  padding-top: 60px;\n}\n<\/style>\n\t<\/div>\n\t<\/p>\n\n\n\n\t\t<\/div>\n\n\t\t\n<style>\n#section_335189798 {\n  padding-top: 60px;\n  padding-bottom: 60px;\n}\n<\/style>\n\t<\/section>\n\t\n","protected":false},"excerpt":{"rendered":"","protected":false},"author":2,"featured_media":0,"parent":4209,"menu_order":5,"comment_status":"closed","ping_status":"closed","template":"","meta":{"_monsterinsights_skip_tracking":false,"_monsterinsights_sitenote_active":false,"_monsterinsights_sitenote_note":"","_monsterinsights_sitenote_category":0,"footnotes":""},"class_list":["post-4221","page","type-page","status-publish","hentry"],"_links":{"self":[{"href":"https:\/\/uebersetzungen-beglaubigte.de\/es\/wp-json\/wp\/v2\/pages\/4221","targetHints":{"allow":["GET"]}}],"collection":[{"href":"https:\/\/uebersetzungen-beglaubigte.de\/es\/wp-json\/wp\/v2\/pages"}],"about":[{"href":"https:\/\/uebersetzungen-beglaubigte.de\/es\/wp-json\/wp\/v2\/types\/page"}],"author":[{"embeddable":true,"href":"https:\/\/uebersetzungen-beglaubigte.de\/es\/wp-json\/wp\/v2\/users\/2"}],"replies":[{"embeddable":true,"href":"https:\/\/uebersetzungen-beglaubigte.de\/es\/wp-json\/wp\/v2\/comments?post=4221"}],"version-history":[{"count":0,"href":"https:\/\/uebersetzungen-beglaubigte.de\/es\/wp-json\/wp\/v2\/pages\/4221\/revisions"}],"up":[{"embeddable":true,"href":"https:\/\/uebersetzungen-beglaubigte.de\/es\/wp-json\/wp\/v2\/pages\/4209"}],"wp:attachment":[{"href":"https:\/\/uebersetzungen-beglaubigte.de\/es\/wp-json\/wp\/v2\/media?parent=4221"}],"curies":[{"name":"wp","href":"https:\/\/api.w.org\/{rel}","templated":true}]}}