{"id":4334,"date":"2021-09-06T11:40:05","date_gmt":"2021-09-06T11:40:05","guid":{"rendered":"https:\/\/uebersetzungen-beglaubigte.de\/traducciones-de-contratos\/"},"modified":"2022-09-27T14:47:02","modified_gmt":"2022-09-27T14:47:02","slug":"traducciones-de-contratos","status":"publish","type":"page","link":"https:\/\/uebersetzungen-beglaubigte.de\/es\/traducciones-de-contratos\/","title":{"rendered":"Traducciones de contratos"},"content":{"rendered":"\n  <div id=\"page-header-587104836\" class=\"page-header-wrapper\">\n  <div class=\"page-title light simple-title\">\n\n        <div class=\"page-title-bg\">\n      <div class=\"title-bg fill bg-fill\"\n        data-parallax-container=\".page-title\"\n        data-parallax-background\n        data-parallax=\"-\">\n      <\/div>\n      <div class=\"title-overlay fill\"><\/div>\n    <\/div>\n    \n    <div class=\"page-title-inner container align-top text-center flex-row-col medium-flex-wrap\" >\n            <div class=\"title-content flex-col\">\n        <div class=\"title-breadcrumbs pb-half pt-half\"><\/div>      <\/div>\n    <\/div>\n\n     \n<style>\n#page-header-587104836 .page-title-inner {\n  min-height: 250px;\n}\n#page-header-587104836 {\n  margin-bottom: 20px;\n}\n#page-header-587104836 .title-bg {\n  background-image: url(https:\/\/uebersetzungen-beglaubigte.de\/wp-content\/uploads\/2022\/02\/Contract-Translation.jpg);\n  background-position: 6% 89%;\n}\n#page-header-587104836 .title-overlay {\n  background-color: rgba(17, 86, 152, 0.3);\n}\n@media (min-width:850px) {\n  #page-header-587104836 .page-title-inner {\n    min-height: 360px;\n  }\n}\n<\/style>\n  <\/div>\n    <\/div>\n  \n\n\t<div id=\"gap-664871076\" class=\"gap-element clearfix\" style=\"display:block; height:auto;\">\n\t\t\n<style>\n#gap-664871076 {\n  padding-top: 60px;\n}\n<\/style>\n\t<\/div>\n\t\n\n<div class=\"row align-center\"  id=\"row-1571015350\">\n\n\n\t<div id=\"col-1196557015\" class=\"col medium-10 small-12 large-10\"  >\n\t\t\t\t<div class=\"col-inner text-center\"  >\n\t\t\t\n\t\t\t\n\n<h1>Traducciones de contratos<\/h1>\n<div class=\"is-divider divider clearfix\" style=\"margin-top:2.0em;margin-bottom:2.0em;max-width:100%;height:1px;background-color:rgba(0, 0, 0, 0.3);\"><\/div>\n\n\t<div id=\"text-827876121\" class=\"text\">\n\t\t\n\n<p>Nos gustar\u00eda poder ayudarle en sus negocios internacionales y asesorarle en base a nuestros a\u00f1os de experiencia. Especialmente cuando se trabaja con socios comerciales extranjeros, el expertise y la precisi\u00f3n son fundamentales. Contamos con vasta experiencia en este campo, con nuestras traducciones juradas y cualificadas, usted tendr\u00e1 seguridad en sus negociaciones. Si usted lo desea podemos confeccionarle un presupuesto sin cargo. Le recomendamos que nos env\u00ede su contrato o la documentaci\u00f3n en formato PDF, por correo electr\u00f3nico, indicando la combinaci\u00f3n de idiomas requerida y la fecha en la que desea recibir la traducci\u00f3n.<\/p>\n<p>Recibir\u00e1 por correo electr\u00f3nico nuestro presupuesto, teniendo en cuenta la fecha de entrega. Si est\u00e1 conforme con nuestra propuesta, le solicitamos confirmar el presupuesto por correo electr\u00f3nico, indicando su domicilio y n\u00famero de tel\u00e9fono para eventuales consultas. Recibir\u00e1 los documentos traducidos a tiempo por correo electr\u00f3nico y\/o por correo postal, ya sea por correo normal, correo certificado o servicio de mensajer\u00eda.&nbsp;&nbsp;&nbsp;&nbsp;<\/p>\n<p>Tenga en cuenta que si utiliza la traducci\u00f3n jurada en el extranjero, podr\u00eda necesitar una apostilla, una certificaci\u00f3n extra o una legalizaci\u00f3n. Para m\u00e1s informaci\u00f3n le recomendamos que se comunique con nosotros para poder aclararle sus dudas.&nbsp;&nbsp;<\/p>\n\t\t\n<style>\n#text-827876121 {\n  text-align: left;\n}\n@media (min-width:550px) {\n  #text-827876121 {\n    text-align: center;\n  }\n}\n<\/style>\n\t<\/div>\n\t\n<div class=\"is-divider divider clearfix\" style=\"margin-top:2.0em;margin-bottom:2.0em;max-width:100%;height:1px;background-color:rgba(0, 0, 0, 0.3);\"><\/div>\n\n\n\t\t<\/div>\n\t\t\t\t\t<\/div>\n\n\t\n\n<\/div>\n<div class=\"row\"  id=\"row-1041485742\">\n\n\n\t<div id=\"col-1946186060\" class=\"col small-12 large-12\"  >\n\t\t\t\t<div class=\"col-inner\"  >\n\t\t\t\n\t\t\t\n\n<div class=\"row row-small align-center\"  id=\"row-1969130534\">\n\n\n\t<div id=\"col-953514178\" class=\"col small-12 large-12\"  >\n\t\t\t\t<div class=\"col-inner text-center\"  >\n\t\t\t\n\t\t\t\n\n<h2>\u00bfQuiere traducir un contrato?<\/h2>\n\t<div id=\"gap-1361617183\" class=\"gap-element clearfix\" style=\"display:block; height:auto;\">\n\t\t\n<style>\n#gap-1361617183 {\n  padding-top: 20px;\n}\n<\/style>\n\t<\/div>\n\t\n\n\n\t\t<\/div>\n\t\t\t\t\t<\/div>\n\n\t\n\n\t<div id=\"col-253525754\" class=\"col medium-11 small-12 large-12\"  >\n\t\t\t\t<div class=\"col-inner text-center dark\"  >\n\t\t\t\n\t\t\t\n\n<a href=\"https:\/\/uebersetzungen-beglaubigte.de\/vertraege-uebersetzen-lassen\/arbeitsvertrag-uebersetzen-lassen\/\" class=\"button primary is-large box-shadow-1 box-shadow-1-hover reveal-icon\"  style=\"border-radius:99px;\">\n\t\t<span>Contrato de trabajo<\/span>\n\t<i class=\"icon-angle-right\" aria-hidden=\"true\" ><\/i><\/a>\n\n\n<a href=\"https:\/\/uebersetzungen-beglaubigte.de\/vertraege-uebersetzen-lassen\/gesellschaftsvertrag-uebersetzen-lassen\/\" class=\"button primary is-large box-shadow-1 box-shadow-1-hover reveal-icon\"  style=\"border-radius:99px;\">\n\t\t<span>Contrato social<\/span>\n\t<i class=\"icon-angle-right\" aria-hidden=\"true\" ><\/i><\/a>\n\n\n<a href=\"https:\/\/uebersetzungen-beglaubigte.de\/vertraege-uebersetzen-lassen\/gesellschaftervertrag-uebersetzen-lassen\/\" class=\"button primary is-large box-shadow-1 box-shadow-1-hover reveal-icon\"  style=\"border-radius:99px;\">\n\t\t<span>Acuerdo de accionistas<\/span>\n\t<i class=\"icon-angle-right\" aria-hidden=\"true\" ><\/i><\/a>\n\n\n<a href=\"https:\/\/uebersetzungen-beglaubigte.de\/vertraege-uebersetzen-lassen\/grundstueckskaufvertrag-uebersetzen-lassen\/\" class=\"button primary is-large box-shadow-1 box-shadow-1-hover reveal-icon\"  style=\"border-radius:99px;\">\n\t\t<span>Contrato de compraventa de terrenos<\/span>\n\t<i class=\"icon-angle-right\" aria-hidden=\"true\" ><\/i><\/a>\n\n\n<a href=\"https:\/\/uebersetzungen-beglaubigte.de\/vertraege-uebersetzen-lassen\/kaufvertrag-uebersetzen-lassen\/\" class=\"button primary is-large box-shadow-1 box-shadow-1-hover reveal-icon\"  style=\"border-radius:99px;\">\n\t\t<span>Contrato de compraventa<\/span>\n\t<i class=\"icon-angle-right\" aria-hidden=\"true\" ><\/i><\/a>\n\n\n<a href=\"https:\/\/uebersetzungen-beglaubigte.de\/vertraege-uebersetzen-lassen\/mietvertrag-uebersetzen-lassen\/\" class=\"button primary is-large box-shadow-1 box-shadow-1-hover reveal-icon\"  style=\"border-radius:99px;\">\n\t\t<span>Contrato de alquiler<\/span>\n\t<i class=\"icon-angle-right\" aria-hidden=\"true\" ><\/i><\/a>\n\n\n<a href=\"https:\/\/uebersetzungen-beglaubigte.de\/vertraege-uebersetzen-lassen\/notarvertrag-uebersetzen-lassen\/\" class=\"button primary is-large box-shadow-1 box-shadow-1-hover reveal-icon\"  style=\"border-radius:99px;\">\n\t\t<span>Contrato notarial<\/span>\n\t<i class=\"icon-angle-right\" aria-hidden=\"true\" ><\/i><\/a>\n\n\n\n\t\t<\/div>\n\t\t\t\t\t<\/div>\n\n\t\n\n<\/div>\n\n\t\t<\/div>\n\t\t\t\t\t<\/div>\n\n\t\n\n<\/div>\n\t<div id=\"gap-2084869146\" class=\"gap-element clearfix\" style=\"display:block; height:auto;\">\n\t\t\n<style>\n#gap-2084869146 {\n  padding-top: 60px;\n}\n<\/style>\n\t<\/div>\n\t\n","protected":false},"excerpt":{"rendered":"","protected":false},"author":2,"featured_media":0,"parent":0,"menu_order":8,"comment_status":"closed","ping_status":"closed","template":"","meta":{"_monsterinsights_skip_tracking":false,"_monsterinsights_sitenote_active":false,"_monsterinsights_sitenote_note":"","_monsterinsights_sitenote_category":0,"footnotes":""},"class_list":["post-4334","page","type-page","status-publish","hentry"],"_links":{"self":[{"href":"https:\/\/uebersetzungen-beglaubigte.de\/es\/wp-json\/wp\/v2\/pages\/4334","targetHints":{"allow":["GET"]}}],"collection":[{"href":"https:\/\/uebersetzungen-beglaubigte.de\/es\/wp-json\/wp\/v2\/pages"}],"about":[{"href":"https:\/\/uebersetzungen-beglaubigte.de\/es\/wp-json\/wp\/v2\/types\/page"}],"author":[{"embeddable":true,"href":"https:\/\/uebersetzungen-beglaubigte.de\/es\/wp-json\/wp\/v2\/users\/2"}],"replies":[{"embeddable":true,"href":"https:\/\/uebersetzungen-beglaubigte.de\/es\/wp-json\/wp\/v2\/comments?post=4334"}],"version-history":[{"count":0,"href":"https:\/\/uebersetzungen-beglaubigte.de\/es\/wp-json\/wp\/v2\/pages\/4334\/revisions"}],"wp:attachment":[{"href":"https:\/\/uebersetzungen-beglaubigte.de\/es\/wp-json\/wp\/v2\/media?parent=4334"}],"curies":[{"name":"wp","href":"https:\/\/api.w.org\/{rel}","templated":true}]}}