{"id":4643,"date":"2021-10-20T11:16:42","date_gmt":"2021-10-20T11:16:42","guid":{"rendered":"https:\/\/uebersetzungen-beglaubigte.de\/proteccion-de-datos\/"},"modified":"2022-10-06T16:37:29","modified_gmt":"2022-10-06T16:37:29","slug":"proteccion-de-datos","status":"publish","type":"page","link":"https:\/\/uebersetzungen-beglaubigte.de\/es\/proteccion-de-datos\/","title":{"rendered":"Protecci\u00f3n de datos"},"content":{"rendered":"\n\n  <div class=\"banner has-hover\" id=\"banner-1062898943\">\n          <div class=\"banner-inner fill\">\n        <div class=\"banner-bg fill\" >\n            <img decoding=\"async\" width=\"2240\" height=\"360\" data-src=\"https:\/\/uebersetzungen-beglaubigte.de\/wp-content\/uploads\/2022\/02\/Multi-Language.jpg\" class=\"bg attachment-original size-original lazyload\" alt=\"Multi-Language\" src=\"data:image\/gif;base64,R0lGODlhAQABAAAAACH5BAEKAAEALAAAAAABAAEAAAICTAEAOw==\" style=\"--smush-placeholder-width: 2240px; --smush-placeholder-aspect-ratio: 2240\/360;\" \/>                        <div class=\"overlay\"><\/div>            \n                    <\/div>\n\t\t\n        <div class=\"banner-layers container\">\n            <div class=\"fill banner-link\"><\/div>            \n\n\n        <\/div>\n      <\/div>\n\n            \n<style>\n#banner-1062898943 {\n  padding-top: 50%;\n}\n#banner-1062898943 .overlay {\n  background-color: rgba(17, 86, 152, 0.3);\n}\n#banner-1062898943 .banner-bg img {\n  object-position: 39% 43%;\n}\n@media (min-width:550px) {\n  #banner-1062898943 {\n    padding-top: 250px;\n  }\n}\n@media (min-width:850px) {\n  #banner-1062898943 {\n    padding-top: 360px;\n  }\n}\n<\/style>\n  <\/div>\n\n\n\n\t<section class=\"section\" id=\"section_934028191\">\n\t\t<div class=\"section-bg fill\" >\n\t\t\t\t\t\t\t\t\t\n\t\t\t\n\t<div class=\"is-border\"\n\t\tstyle=\"border-color:rgb(235, 235, 235);border-width:1px 0px 0px 0px;\">\n\t<\/div>\n\n\t\t<\/div>\n\n\t\t\n\n\t\t<div class=\"section-content relative\">\n\t\t\t\n\n\t<div id=\"gap-203328456\" class=\"gap-element clearfix\" style=\"display:block; height:auto;\">\n\t\t\n<style>\n#gap-203328456 {\n  padding-top: 40px;\n}\n<\/style>\n\t<\/div>\n\t\n\n<div class=\"row row-large align-center\"  id=\"row-253606256\">\n\n\n\t<div id=\"col-994492552\" class=\"col medium-12 small-12 large-12\"  >\n\t\t\t\t<div class=\"col-inner\"  >\n\t\t\t\n\t\t\t\n\n<h1>Pol\u00edtica de privacidad<\/h1>\n\t<div id=\"gap-298394288\" class=\"gap-element clearfix\" style=\"display:block; height:auto;\">\n\t\t\n<style>\n#gap-298394288 {\n  padding-top: 10px;\n}\n<\/style>\n\t<\/div>\n\t\n\n<div class=\"text-center\"><div class=\"is-divider divider clearfix\" style=\"max-width:100%;height:1px;background-color:rgba(0, 0, 0, 0.3);\"><\/div><\/div>\n\n\n\t\t<\/div>\n\t\t\t\t\t<\/div>\n\n\t\n\n\t<div id=\"col-2135625931\" class=\"col medium-12 small-12 large-12\"  >\n\t\t\t\t<div class=\"col-inner text-left\"  >\n\t\t\t\n\t\t\t\n\n<h2>1. Protecci\u00f3n de datos resumida<\/h2>\n<h3>Indicaciones generales<\/h3>\n<p>Los siguientes comentarios proporcionan una visi\u00f3n general de lo que ocurre con sus datos personales cuando visita este sitio web. Los datos personales son los datos que permiten identificarle personalmente. Para obtener informaci\u00f3n detallada sobre el tema de la protecci\u00f3n de datos, consulte nuestra declaraci\u00f3n de protecci\u00f3n de datos que aparece al pie.<\/p>\n<h3>Recopilaci\u00f3n de datos en este sitio web<\/h3>\n<h4>\u00bfQui\u00e9n es el responsable de la recopilaci\u00f3n de datos en este sitio web?<\/h4>\n<p>El procesamiento de datos en este sitio web lo lleva a cabo el operador del sitio web. Puede encontrar sus datos de contacto en la secci\u00f3n \u00abInformaci\u00f3n sobre el organismo responsable\u00bb de esta declaraci\u00f3n de protecci\u00f3n de datos.<\/p>\n<h4>\u00bfC\u00f3mo recopilamos sus datos?<\/h4>\n<p>Por un lado, sus datos se recopilan cuando usted nos los proporciona. Puede tratarse, por&nbsp; ejemplo, de los datos que usted introduce en un formulario de contacto.<\/p>\n<p>Otros datos son recogidos autom\u00e1ticamente o con su consentimiento por nuestros sistemas inform\u00e1ticos cuando usted visita el sitio web. Se trata principalmente de datos t\u00e9cnicos (por &nbsp;ejemplo, el navegador de Internet, el sistema operativo o el tiempo de visualizaci\u00f3n de la p\u00e1gina). Estos datos se recopilan autom\u00e1ticamente en cuanto usted entra en este sitio web.<\/p>\n<h4>\u00bfPara qu\u00e9 utilizamos sus datos?<\/h4>\n<p>Una parte de los datos se recopila para garantizar el suministro sin errores del sitio web. Otros datos pueden utilizarse para analizar su comportamiento como usuario.<\/p>\n<h4>\u00bfQu\u00e9 derechos tiene usted sobre sus datos?<\/h4>\n<p>Usted tiene derecho a recibir en cualquier momento informaci\u00f3n gratuita sobre el origen, el destinatario y la finalidad de sus datos personales almacenados. Tambi\u00e9n tiene derecho a solicitar la correcci\u00f3n o eliminaci\u00f3n de estos datos. Si ha dado su consentimiento al tratamiento de datos, podr\u00e1 revocarlo en cualquier momento. Tambi\u00e9n tiene derecho a solicitar la restricci\u00f3n del tratamiento de sus datos personales en determinadas circunstancias. Adem\u00e1s, tiene derecho a presentar una denuncia ante la autoridad de control competente.<\/p>\n<p>Puede ponerse en contacto con nosotros en cualquier momento con respecto a esta y otras cuestiones sobre el tema de la protecci\u00f3n de datos.<\/p>\n<h3>2. Hosting<\/h3>\n<h3>ALL-INKL.COM<\/h3>\n<p>El sitio web est\u00e1 gestionado por ALL-INKL.COM. El proveedor es ALL-INKL.COM, Hauptstra\u00dfe 68, D-02742 Friedersdorf (en adelante: \u00abALL-INKL.COM\u00bb). Cuando usted visita nuestro sitio web, ALL-INKL.COM recopila varios archivos de registro, incluyendo sus direcciones IP.<\/p>\n<p>Para m\u00e1s informaci\u00f3n, consulte la pol\u00edtica de privacidad de ALL-INKL.COM: <a href=\"https:\/\/all-inkl.com\/datenschutzinformationen\/\" target=\"_blank\" rel=\"noopener noreferrer\">Para m\u00e1s informaci\u00f3n, consulte la pol\u00edtica de privacidad de ALL-INKL.COM:https:\/\/all-inkl.com\/datenschutzinformationen\/<\/a>.<\/p>\n<p>El uso de ALL-INKL.COM se basa en el art. 6 p\u00e1rr. 1 lit. f DSGVO. Tenemos un inter\u00e9s leg\u00edtimo en garantizar que nuestro sitio web se presente de la forma m\u00e1s segura posible. Si se ha solicitado el correspondiente consentimiento, el tratamiento se lleva a cabo exclusivamente sobre la base del Art. 6 P\u00e1rr. 1 lit. una DSGVO; el consentimiento puede ser revocado en cualquier momento.<\/p>\n<h4>Procesamiento del trabajo<\/h4>\n<p>Hemos celebrado un acuerdo de tramitaci\u00f3n de pedidos (AVV) con el mencionado proveedor. Se trata de un contrato exigido por la ley de protecci\u00f3n de datos, que garantiza que solo procesa los datos personales de los visitantes de nuestro sitio web de acuerdo con nuestras instrucciones y en cumplimiento de la DSGVO.<\/p>\n<h3>3 Notas generales y datos obligatorios<\/h3>\n<h3>Protecci\u00f3n de datos<\/h3>\n<p>Los operadores de estas p\u00e1ginas consideran muy importante la protecci\u00f3n de sus datos personales. Tratamos sus datos personales de forma confidencial y de acuerdo con las normas legales de protecci\u00f3n de datos y esta declaraci\u00f3n de protecci\u00f3n de datos.<\/p>\n<p>Cuando usted utiliza este sitio web, se recogen varios datos personales. Los datos personales son informaci\u00f3n que puede utilizarse para identificarle personalmente. Esta pol\u00edtica de privacidad explica qu\u00e9 datos recopilamos y para qu\u00e9 los utilizamos. Tambi\u00e9n explica c\u00f3mo y para qu\u00e9 se hace.<\/p>\n<p>Nos gustar\u00eda indicar que la transmisi\u00f3n de datos en Internet (por&nbsp; ejemplo, cuando se comunica por correo electr\u00f3nico) puede presentar fallos de seguridad. No es posible una protecci\u00f3n completa de los datos contra el acceso de terceros.<\/p>\n<h3>Nota sobre el organismo responsable<\/h3>\n<p>El responsable del procesamiento de datos de este sitio web es:<\/p>\n<p>Sabine Schneider<br>Schneiders-Sprach-Service<br>Am Amtsgarten 8B<br>15711 K\u00f6nigs Wusterhausen<\/p>\n<p>Tel\u00e9fono: 0049 (0) 30 4726421<br>Correo electr\u00f3nico: kontakt@schneiders-sprach-service.de<\/p>\n<p>El responsable del procesamiento es la persona f\u00edsica o jur\u00eddica que, sola o conjuntamente con otras, determina los fines y los medios del tratamiento de los datos personales (por&nbsp; ejemplo, nombres, direcciones de correo electr\u00f3nico o similares).<\/p>\n<h3>Per\u00edodo de almacenamiento<\/h3>\n<p>A menos que se haya especificado un per\u00edodo de almacenamiento m\u00e1s espec\u00edfico dentro de esta pol\u00edtica de privacidad, sus datos personales permanecer\u00e1n en nuestra empresa hasta que el prop\u00f3sito del tratamiento de los datos deje de ser aplicable. Si usted presenta una solicitud justificada de supresi\u00f3n o revoca su consentimiento para el tratamiento de datos, sus datos ser\u00e1n eliminados, a menos que tengamos otras razones legalmente permitidas para almacenar sus datos personales (por &nbsp;ejemplo, los per\u00edodos de retenci\u00f3n en virtud de la legislaci\u00f3n fiscal o comercial); en este \u00faltimo caso, la eliminaci\u00f3n se llevar\u00e1 a cabo despu\u00e9s de que estas razones dejen de ser aplicables.<\/p>\n<h3>Nota sobre la transferencia de datos a Estados Unidos y otros terceros pa\u00edses<\/h3>\n<p>Entre otras cosas, utilizamos herramientas de empresas con sede en Estados Unidos o en otros terceros pa\u00edses que no son seguras seg\u00fan la ley de protecci\u00f3n de datos. Cuando estas herramientas est\u00e1n activas, sus datos personales pueden ser transferidos y tratados en estos terceros pa\u00edses. Nos gustar\u00eda se\u00f1alar que en estos pa\u00edses no se puede garantizar un nivel de protecci\u00f3n de datos comparable al de la UE. Por ejemplo, las empresas estadounidenses est\u00e1n obligadas a entregar los datos personales a las autoridades de seguridad sin que usted, como interesado, pueda emprender acciones legales contra ello. Por lo tanto, no se puede descartar que las autoridades estadounidenses (por &nbsp;ejemplo, los servicios de inteligencia) procesen, eval\u00faen y almacenen permanentemente sus datos ubicados en servidores estadounidenses con fines de vigilancia. No tenemos ninguna influencia sobre estas actividades de procesamiento.<\/p>\n<h3>Revocaci\u00f3n de su consentimiento para el tratamiento de datos<\/h3>\n<p>Muchas operaciones de tratamiento de datos s\u00f3lo son posibles con su consentimiento expl\u00edcito. Usted puede revocar el consentimiento que ya ha dado en cualquier momento. La legalidad del procesamiento de datos realizado hasta la revocaci\u00f3n no se ve afectada por \u00e9sta.<\/p>\n<h3>Derecho a oponerse a la recogida de datos en casos espec\u00edficos y a la comercializaci\u00f3n directa (art. 21 del RGPD)<\/h3>\n<p>SI EL PROCESAMIENTO DE DATOS SE BASA EN EL ART. 6 ABS. 1 LIT. E O F DSGVO, USTED TIENE DERECHO A OPONERSE AL TRATAMIENTO DE SUS DATOS PERSONALES EN CUALQUIER MOMENTO POR MOTIVOS DERIVADOS DE SU SITUACI\u00d3N PARTICULAR; ESTO TAMBI\u00c9N SE APLICA A LA ELABORACI\u00d3N DE PERFILES BASADOS EN ESTAS DISPOSICIONES. LA BASE LEGAL RESPECTIVA EN LA QUE SE BASA EL PROCESAMIENTO SE PUEDE ENCONTRAR EN ESTA DECLARACI\u00d3N DE PROTECCI\u00d3N DE DATOS. SI SE OPONE, DEJAREMOS DE PROCESAR SUS DATOS PERSONALES A MENOS QUE PODAMOS DEMOSTRAR MOTIVOS LEG\u00cdTIMOS IMPERIOSOS PARA EL TRATAMIENTO QUE PREVALEZCAN SOBRE SUS INTERESES, DERECHOS Y LIBERTADES, O QUE EL TRATAMIENTO SEA PARA EL ESTABLECIMIENTO, EL EJERCICIO O LA DEFENSA DE RECLAMACIONES LEGALES (OBJECI\u00d3N EN VIRTUD DEL ART\u00cdCULO 21, APARTADO 1, DE LA DSGVO).<\/p>\n<p>SI SUS DATOS PERSONALES SE PROCESAN CON FINES DE MARKETING DIRECTO, USTED TIENE DERECHO A OPONERSE EN CUALQUIER MOMENTO AL TRATAMIENTO DE LOS DATOS PERSONALES QUE LE CONCIERNEN A EFECTOS DE DICHO MARKETING; ESTO TAMBI\u00c9N SE APLICA A LA ELABORACI\u00d3N DE PERFILES EN LA MEDIDA EN QUE EST\u00c9 RELACIONADA CON DICHO MARKETING DIRECTO. SI SE OPONE, SUS DATOS PERSONALES DEJAR\u00c1N DE UTILIZARSE PARA FINES DE MARKETING DIRECTO (OBJECI\u00d3N DE CONFORMIDAD CON EL ART\u00cdCULO 21 (2) DE LA LEY ALEMANA DE PROTECCI\u00d3N DE DATOS).<\/p>\n<h3>Derecho de recurso ante la autoridad de control competente<\/h3>\n<p>En caso de infracci\u00f3n del RGPD, los interesados tendr\u00e1n derecho a recurrir a una autoridad de control, en particular en el Estado miembro de su residencia habitual, lugar de trabajo o lugar de la presunta infracci\u00f3n. El derecho de recurso se entiende sin perjuicio de cualquier otro recurso administrativo o judicial.<\/p>\n<h3>Derecho de portabilidad de los datos<\/h3>\n<p>Tiene derecho a que los datos que procesamos autom\u00e1ticamente sobre la base de su consentimiento o en ejecuci\u00f3n de un contrato le sean entregados a usted o a un tercero en un formato com\u00fan y legible por m\u00e1quina. Si solicita la transferencia directa de los datos a otro responsable del tratamiento, solo se har\u00e1 en la medida en que sea t\u00e9cnicamente posible.<\/p>\n<h3>Codificaci\u00f3n SSL o TLS<\/h3>\n<p>Este sitio utiliza el codificado SSL o TLS por razones de seguridad y para proteger la transmisi\u00f3n de contenido confidencial, como los pedidos o las consultas que usted nos env\u00eda como operador del sitio. Se puede reconocer una conexi\u00f3n codificada por el hecho de que la l\u00ednea de direcci\u00f3n del navegador cambia de \u00abhttp:\/\/\u00bb a \u00abhttps:\/\/\u00bb y por el s\u00edmbolo del candado en la l\u00ednea del navegador.<\/p>\n<p>Si el codificado SSL o TLS est\u00e1 activado, los datos que nos transmita no podr\u00e1n ser le\u00eddos por terceros.<\/p>\n<h3>Informaci\u00f3n, eliminaci\u00f3n y correcci\u00f3n<\/h3>\n<p>En el marco de las disposiciones legales aplicables, usted tiene derecho a recibir en cualquier momento informaci\u00f3n gratuita sobre sus datos personales almacenados, su origen y destinatario y la finalidad del tratamiento de datos y, en su caso, un derecho de rectificaci\u00f3n o supresi\u00f3n de estos datos. Puede ponerse en contacto con nosotros en cualquier momento acerca de esta y otras cuestiones que pueda tener sobre el tema de los datos personales.<\/p>\n<h3>Derecho a restringir el procesamiento<\/h3>\n<p>Tiene derecho a solicitar la limitaci\u00f3n del procesamiento de sus datos personales. Puede ponerse en contacto con nosotros en cualquier momento a estos efectos. El derecho a restringir el procesamiento existe en los siguientes casos:<\/p>\n<ul>\n<li>Wenn Sie die Richtigkeit Ihrer bei uns gespeicherten personenbezogenen Daten bestreiten, ben\u00f6tigen wir in der Regel Zeit, um dies zu \u00fcberpr\u00fcfen. Mientras dure la revisi\u00f3n, tiene derecho a solicitar la restricci\u00f3n del procesamiento de sus datos personales.<\/li>\n<li>Si el procesamiento de sus datos personales se ha producido o se est\u00e1 produciendo de forma ilegal, puede solicitar la restricci\u00f3n del procesamiento de datos en lugar de su eliminaci\u00f3n.<\/li>\n<li>Si ya no necesitamos sus datos personales, pero usted los necesita para el ejercicio, la defensa o la ejecuci\u00f3n de reclamaciones legales, tiene derecho a solicitar la restricci\u00f3n del tratamiento de sus datos personales en lugar de su eliminaci\u00f3n.<\/li>\n<li>Si desea presentar una objeci\u00f3n de conformidad con el apartado 21 del art\u00edculo 1 DSGVO, hay que encontrar un equilibrio entre sus intereses y los nuestros. Mientras no se determine qu\u00e9 intereses prevalecen, usted tiene derecho a exigir la restricci\u00f3n del procesamiento de sus datos personales.<\/li>\n<\/ul>\n<p>Si usted ha restringido el procesamiento de sus datos personales, dichos datos -adem\u00e1s de ser almacenados- s\u00f3lo podr\u00e1n ser procesados con su consentimiento o para el establecimiento, ejercicio o defensa de reclamaciones legales o para la protecci\u00f3n de los derechos de otra persona f\u00edsica o jur\u00eddica o por razones de inter\u00e9s p\u00fablico importante de la Uni\u00f3n Europea o de un Estado miembro.<\/p>\n<h3>Objeci\u00f3n a los correos electr\u00f3nicos publicitarios<\/h3>\n<p>Se rechaza el uso de los datos de contacto publicados en el marco de la obligaci\u00f3n del pie de imprenta para el env\u00edo de material publicitario e informativo no solicitado expresamente. Los operadores de las p\u00e1ginas se reservan expresamente el derecho a emprender acciones legales en caso de env\u00edo no solicitado de informaci\u00f3n publicitaria, por ejemplo mediante correos electr\u00f3nicos basura.<\/p>\n<h3>4. Recopilaci\u00f3n de datos en este sitio web<\/h3>\n<h3>Archivos de registro del servidor<\/h3>\n<p>El proveedor de las p\u00e1ginas recopila y almacena autom\u00e1ticamente informaci\u00f3n en los llamados archivos de registro del servidor, que su navegador nos transmite autom\u00e1ticamente. Estos son:<\/p>\n<ul>\n<li>Tipo de navegador y versi\u00f3n<\/li>\n<li>Sistema operativo utilizado<\/li>\n<li>URL<\/li>\n<li>Nombre del host del ordenador de acceso<\/li>\n<li>Hora de la solicitud del servidor<\/li>\n<li>Direcci\u00f3n IP<\/li>\n<\/ul>\n<p>Estos datos no se combinan con otras fuentes de datos.<\/p>\n<p>La recopilaci\u00f3n de estos datos se basa en el apartado 6 del art\u00edculo. 1 lit. f DSGVO. El operador del sitio web tiene un inter\u00e9s leg\u00edtimo en la presentaci\u00f3n t\u00e9cnicamente libre de errores y en la optimizaci\u00f3n de su sitio web &#8211; para este prop\u00f3sito, los archivos de registro del servidor deben ser registrados.<\/p>\n<h3>Solicitud por correo electr\u00f3nico, tel\u00e9fono o fax<\/h3>\n<p>Si se pone en contacto con nosotros por correo electr\u00f3nico, tel\u00e9fono o fax, su consulta, incluyendo todos los datos personales resultantes (nombre, consulta), ser\u00e1 almacenada y procesada por nosotros con el fin de procesar su solicitud. No divulgamos estos datos sin su consentimiento.<\/p>\n<p>El procesamiento de estos datos se basa en el Art. 6. 1 lit. b DSGVO, en la medida en que su solicitud est\u00e9 relacionada con la ejecuci\u00f3n de un contrato o sea necesaria para la aplicaci\u00f3n de medidas precontractuales. En todos los dem\u00e1s casos, el procesamiento se basa en nuestro inter\u00e9s leg\u00edtimo en la tramitaci\u00f3n eficaz de las consultas dirigidas a nosotros (art. 6, p\u00e1rr. 1, letra f de la DSGVO) o en su consentimiento (art. 6, p\u00e1rr. 1, letra a de la DSGVO) si se ha solicitado.<\/p>\n<p>Los datos que nos env\u00ede a trav\u00e9s de las solicitudes de contacto permanecer\u00e1n con nosotros hasta que nos solicite que los eliminemos, revoque su consentimiento para almacenarlos o deje de ser aplicable la finalidad del almacenamiento de los datos (por &nbsp;ejemplo, una vez finalizada la tramitaci\u00f3n de su solicitud). Las disposiciones legales obligatorias -en particular los periodos de conservaci\u00f3n legales- no se ven afectadas.<\/p>\n<h3>Registro en este sitio web<\/h3>\n<p>Puede registrarse en este sitio web para utilizar funciones adicionales del mismo. Los datos introducidos con este fin los utilizamos \u00fanicamente para la utilizaci\u00f3n de la respectiva oferta o servicio para el que se ha registrado. La informaci\u00f3n obligatoria solicitada durante la inscripci\u00f3n debe ser proporcionada en su totalidad. En caso contrario, rechazaremos el registro.<\/p>\n<p>En el caso de cambios importantes, por ejemplo en el \u00e1mbito de la oferta o en el caso de cambios t\u00e9cnicamente necesarios, utilizamos la direcci\u00f3n de correo electr\u00f3nico proporcionada durante el registro para informarle de esta manera.<\/p>\n<p>Los datos introducidos durante el registro se procesan con el fin de implementar la relaci\u00f3n de usuario establecida por el registro y, si es necesario, para iniciar otros contratos (Art. 6 p\u00e1rrafo 1 lit. b DSGVO).<\/p>\n<p>Los datos recopilados durante el registro ser\u00e1n almacenados por nosotros mientras est\u00e9 registrado en este sitio web y luego ser\u00e1n eliminados. Los periodos de conservaci\u00f3n legales no se ven afectados.<\/p>\n<h3>5. Plugins y herramientas<\/h3>\n<h3>Fuentes Web Google<\/h3>\n<p>Este sitio utiliza las llamadas fuentes web proporcionadas por Google para la visualizaci\u00f3n uniforme de las fuentes. Las fuentes de Google se instalan localmente. No se produce una conexi\u00f3n con los servidores de Google.<\/p>\n<p>Puede encontrar m\u00e1s informaci\u00f3n sobre Google Web Fonts en &nbsp;<a href=\"https:\/\/developers.google.com\/fonts\/faq\" target=\"_blank\" rel=\"noopener noreferrer\">https:\/\/developers.google.com\/fonts\/faq<\/a>&nbsp; y en la pol\u00edtica de privacidad de Google:&nbsp;<a href=\"https:\/\/policies.google.com\/privacy?hl=de\" target=\"_blank\" rel=\"noopener noreferrer\">https:\/\/policies.google.com\/privacy?hl=de<\/a>.<\/p>\n\n\t\t<\/div>\n\t\t\t\t\n<style>\n#col-2135625931 > .col-inner {\n  margin: 0px 0px -30px 0px;\n}\n<\/style>\n\t<\/div>\n\n\t\n\n\t<div id=\"col-581259547\" class=\"col small-12 large-12\"  >\n\t\t\t\t<div class=\"col-inner\"  >\n\t\t\t\n\t\t\t\n\n<div class=\"text-center\"><div class=\"is-divider divider clearfix\" style=\"max-width:100%;height:1px;background-color:rgba(0, 0, 0, 0.3);\"><\/div><\/div>\n\n\n\t\t<\/div>\n\t\t\t\t\t<\/div>\n\n\t\n\n<\/div>\n\n\t\t<\/div>\n\n\t\t\n<style>\n#section_934028191 {\n  padding-top: 59px;\n  padding-bottom: 59px;\n  min-height: 300px;\n}\n<\/style>\n\t<\/section>\n\t\n","protected":false},"excerpt":{"rendered":"","protected":false},"author":2,"featured_media":0,"parent":0,"menu_order":0,"comment_status":"closed","ping_status":"closed","template":"","meta":{"_monsterinsights_skip_tracking":false,"_monsterinsights_sitenote_active":false,"_monsterinsights_sitenote_note":"","_monsterinsights_sitenote_category":0,"footnotes":""},"class_list":["post-4643","page","type-page","status-publish","hentry"],"_links":{"self":[{"href":"https:\/\/uebersetzungen-beglaubigte.de\/es\/wp-json\/wp\/v2\/pages\/4643","targetHints":{"allow":["GET"]}}],"collection":[{"href":"https:\/\/uebersetzungen-beglaubigte.de\/es\/wp-json\/wp\/v2\/pages"}],"about":[{"href":"https:\/\/uebersetzungen-beglaubigte.de\/es\/wp-json\/wp\/v2\/types\/page"}],"author":[{"embeddable":true,"href":"https:\/\/uebersetzungen-beglaubigte.de\/es\/wp-json\/wp\/v2\/users\/2"}],"replies":[{"embeddable":true,"href":"https:\/\/uebersetzungen-beglaubigte.de\/es\/wp-json\/wp\/v2\/comments?post=4643"}],"version-history":[{"count":0,"href":"https:\/\/uebersetzungen-beglaubigte.de\/es\/wp-json\/wp\/v2\/pages\/4643\/revisions"}],"wp:attachment":[{"href":"https:\/\/uebersetzungen-beglaubigte.de\/es\/wp-json\/wp\/v2\/media?parent=4643"}],"curies":[{"name":"wp","href":"https:\/\/api.w.org\/{rel}","templated":true}]}}